{"id":10196,"date":"2023-07-28T10:16:02","date_gmt":"2023-07-28T08:16:02","guid":{"rendered":"https:\/\/jacekplacek.com.pl\/?post_type=product&#038;p=10196"},"modified":"2025-12-16T15:38:39","modified_gmt":"2025-12-16T14:38:39","slug":"keto-mantelikekseja","status":"publish","type":"product","link":"https:\/\/jacekplacek.com.pl\/fi\/tallentaa\/evasteet-ja-kekseja\/evasteet\/keto-mantelikekseja\/","title":{"rendered":"KETO mantelikeksej\u00e4"},"content":{"rendered":"<p><span style=\"font-weight: 400; color: #000000;\">Kuinka mukavaa yhdist\u00e4\u00e4 heikkoutesi murokeksiin ja t\u00e4ydent\u00e4\u00e4 ruokavaliotasi arvokkailla siemenill\u00e4...<\/span><\/p>\n<p><span style=\"color: #000000;\">Gluteenittomat mantelikeksiemme ksylitolia ja ripausta appelsiinia ovat paitsi maukas v\u00e4lipala, my\u00f6s terveellisiin el\u00e4m\u00e4ntapoihin sopiva tuote. Ketogeenist\u00e4 ruokavaliota noudattaville valmistetuille ne t\u00e4ydent\u00e4v\u00e4t t\u00e4ydellisesti p\u00e4ivitt\u00e4ist\u00e4 ruokalistaa. Jokainen keksi on pieni, mutta t\u00e4ynn\u00e4 makua, nautintoa ja terveytt\u00e4. <span style=\"font-weight: 400;\"> (Erillisen tuotantolinjan puuttuessa tuote saattaa sis\u00e4lt\u00e4\u00e4 j\u00e4\u00e4mi\u00e4 gluteenia ja muita allergeeneja. Kasvin k\u00e4ytt\u00f6tarkoitukset: jauhot, munat, p\u00e4hkin\u00e4t, seesami ja maito, joten jokainen tuote saattaa sis\u00e4lt\u00e4\u00e4 j\u00e4\u00e4mi\u00e4 mainituista allergeeneista, vaikka ei ole mainittu kuvauksessa ja ainesosaluettelossa.)<\/span><\/span><\/p>\n<p><span style=\"font-weight: 400; color: #000000;\">Se on t\u00e4ydellinen v\u00e4lipala joka tilanteeseen!\u00a0<\/span><\/p>\n<p>&nbsp;<\/p>\n<p>&nbsp;<\/p>","protected":false},"excerpt":{"rendered":"<p><span style=\"font-weight: 400;\">Mantelikeksej\u00e4, joissa on alennettu gluteenipitoisuus, ksylitolia ja ripaus appelsiinia - tuote ketogeenist\u00e4 ruokavaliota noudattaville.\u00a0<\/span><\/p>","protected":false},"featured_media":0,"comment_status":"closed","ping_status":"closed","template":"","meta":{"content-type":""},"product_brand":[],"product_cat":[121],"product_tag":[348,454,444,446,445,449,354,355],"class_list":{"0":"post-10196","1":"product","2":"type-product","3":"status-publish","5":"product_cat-ciasteczka","6":"product_tag-ciasteczka-kruche","7":"product_tag-ciasteczka-na-wage","8":"product_tag-cukiernia-jacek-placek","9":"product_tag-jacek-placek-gdansk","10":"product_tag-jacek-placek-gowino","11":"product_tag-jacek-placek-sopot","12":"product_tag-z-nasionami","13":"product_tag-ze-slonecznikiem","15":"entry","17":"first","18":"outofstock","19":"shipping-taxable","20":"product-type-variable","21":"has-default-attributes","22":"has-product-nav","23":"col","24":"span_1_of_4","25":"owp-content-center","26":"owp-thumbs-layout-horizontal","27":"owp-btn-normal","28":"owp-tabs-layout-horizontal","29":"has-no-thumbnails"},"acf":[],"_links":{"self":[{"href":"https:\/\/jacekplacek.com.pl\/fi\/wp-json\/wp\/v2\/product\/10196","targetHints":{"allow":["GET"]}}],"collection":[{"href":"https:\/\/jacekplacek.com.pl\/fi\/wp-json\/wp\/v2\/product"}],"about":[{"href":"https:\/\/jacekplacek.com.pl\/fi\/wp-json\/wp\/v2\/types\/product"}],"replies":[{"embeddable":true,"href":"https:\/\/jacekplacek.com.pl\/fi\/wp-json\/wp\/v2\/comments?post=10196"}],"wp:attachment":[{"href":"https:\/\/jacekplacek.com.pl\/fi\/wp-json\/wp\/v2\/media?parent=10196"}],"wp:term":[{"taxonomy":"product_brand","embeddable":true,"href":"https:\/\/jacekplacek.com.pl\/fi\/wp-json\/wp\/v2\/product_brand?post=10196"},{"taxonomy":"product_cat","embeddable":true,"href":"https:\/\/jacekplacek.com.pl\/fi\/wp-json\/wp\/v2\/product_cat?post=10196"},{"taxonomy":"product_tag","embeddable":true,"href":"https:\/\/jacekplacek.com.pl\/fi\/wp-json\/wp\/v2\/product_tag?post=10196"}],"curies":[{"name":"wp","href":"https:\/\/api.w.org\/{rel}","templated":true}]}}