{"id":9849,"date":"2023-07-10T13:38:28","date_gmt":"2023-07-10T11:38:28","guid":{"rendered":"https:\/\/jacekplacek.com.pl\/?post_type=product&#038;p=9849"},"modified":"2025-12-16T15:38:39","modified_gmt":"2025-12-16T14:38:39","slug":"galletas-de-espelta-con-azucar-de-abedul","status":"publish","type":"product","link":"https:\/\/jacekplacek.com.pl\/es\/almacenar\/galletas-y-galletas\/galletas-2\/galletas-de-espelta-con-azucar-de-abedul\/","title":{"rendered":"Galletas de espelta con az\u00facar de abedul"},"content":{"rendered":"<p><span style=\"font-weight: 400;\">Qu\u00e9 lindo combinar tu debilidad por las galletas de mantequilla con complementar tu dieta con valiosas semillas...<\/span><\/p>\n<p><span style=\"font-weight: 400;\">Prep\u00e1rate para una experiencia de sabor \u00fanica de nuestras galletas de espelta de masa quebrada sin az\u00facar, de bajo \u00edndice gluc\u00e9mico. Disfruta del sabor de las galletas de espelta integrales sin az\u00facar a\u00f1adido, perfectas para un estilo de vida saludable. Seguro que te gustar\u00e1 su textura crujiente y su sabor sutil.<\/span><\/p>\n<p><strong><span style=\"color: #000000;\"><span style=\"font-weight: 400;\">(La planta utiliza: harina, huevos, nueces, s\u00e9samo y leche, por lo que cada producto puede contener trazas de los al\u00e9rgenos mencionados, aunque no est\u00e9n especificados en la descripci\u00f3n y lista de ingredientes.)<\/span><\/span><\/strong><\/p>\n<p>&nbsp;<\/p>\n<p>&nbsp;<\/p>","protected":false},"excerpt":{"rendered":"<p><span style=\"font-weight: 400;\">Galletas \u00fanicas de espelta integral con masa quebrada y bajo \u00edndice gluc\u00e9mico.\u00a0<\/span><\/p>","protected":false},"featured_media":10097,"comment_status":"closed","ping_status":"closed","template":"","meta":{"content-type":""},"product_brand":[],"product_cat":[121],"product_tag":[348,454,444,446,445,449,354,355],"class_list":{"0":"post-9849","1":"product","2":"type-product","3":"status-publish","4":"has-post-thumbnail","6":"product_cat-ciasteczka","7":"product_tag-ciasteczka-kruche","8":"product_tag-ciasteczka-na-wage","9":"product_tag-cukiernia-jacek-placek","10":"product_tag-jacek-placek-gdansk","11":"product_tag-jacek-placek-gowino","12":"product_tag-jacek-placek-sopot","13":"product_tag-z-nasionami","14":"product_tag-ze-slonecznikiem","16":"entry","17":"has-media","19":"first","20":"outofstock","21":"shipping-taxable","22":"product-type-variable","23":"has-default-attributes","24":"has-product-nav","25":"col","26":"span_1_of_4","27":"owp-content-center","28":"owp-thumbs-layout-horizontal","29":"owp-btn-normal","30":"owp-tabs-layout-horizontal"},"acf":[],"_links":{"self":[{"href":"https:\/\/jacekplacek.com.pl\/es\/wp-json\/wp\/v2\/product\/9849","targetHints":{"allow":["GET"]}}],"collection":[{"href":"https:\/\/jacekplacek.com.pl\/es\/wp-json\/wp\/v2\/product"}],"about":[{"href":"https:\/\/jacekplacek.com.pl\/es\/wp-json\/wp\/v2\/types\/product"}],"replies":[{"embeddable":true,"href":"https:\/\/jacekplacek.com.pl\/es\/wp-json\/wp\/v2\/comments?post=9849"}],"wp:featuredmedia":[{"embeddable":true,"href":"https:\/\/jacekplacek.com.pl\/es\/wp-json\/wp\/v2\/media\/10097"}],"wp:attachment":[{"href":"https:\/\/jacekplacek.com.pl\/es\/wp-json\/wp\/v2\/media?parent=9849"}],"wp:term":[{"taxonomy":"product_brand","embeddable":true,"href":"https:\/\/jacekplacek.com.pl\/es\/wp-json\/wp\/v2\/product_brand?post=9849"},{"taxonomy":"product_cat","embeddable":true,"href":"https:\/\/jacekplacek.com.pl\/es\/wp-json\/wp\/v2\/product_cat?post=9849"},{"taxonomy":"product_tag","embeddable":true,"href":"https:\/\/jacekplacek.com.pl\/es\/wp-json\/wp\/v2\/product_tag?post=9849"}],"curies":[{"name":"wp","href":"https:\/\/api.w.org\/{rel}","templated":true}]}}