{"id":9845,"date":"2023-07-10T13:38:24","date_gmt":"2023-07-10T11:38:24","guid":{"rendered":"https:\/\/jacekplacek.com.pl\/?post_type=product&#038;p=9845"},"modified":"2025-12-16T15:38:39","modified_gmt":"2025-12-16T14:38:39","slug":"galletas-de-avena-y-cacao","status":"publish","type":"product","link":"https:\/\/jacekplacek.com.pl\/es\/almacenar\/galletas-y-galletas\/galletas-2\/galletas-de-avena-y-cacao\/","title":{"rendered":"Galletas de avena con cacao"},"content":{"rendered":"<p><span style=\"font-weight: 400;\">Qu\u00e9 lindo combinar tu debilidad por las galletas de mantequilla con complementar tu dieta con valiosas semillas...<\/span><\/p>\n<p><span style=\"font-weight: 400;\">Descubre el inigualable sabor de nuestras deliciosas galletas de cacao y avena con contenido reducido de gluten.\u00a0<\/span><\/p>\n<p><span style=\"font-weight: 400;\">Elaboradas con avena y sabrosa mantequilla de man\u00ed, estas galletas son un verdadero placer para el paladar. Llenas de ingredientes saludables, nuestras galletas de cacao y avena son una excelente opci\u00f3n para quienes desean disfrutar del sabor sin compromisos.<\/span><\/p>\n<p><span style=\"color: #000000;\"><span style=\"font-weight: 400;\">(Debido a la falta de una l\u00ednea de producci\u00f3n separada, el producto puede contener trazas de gluten y otros al\u00e9rgenos. La planta utiliza: harina, huevos, frutos secos, s\u00e9samo y leche, por lo que cada producto puede contener trazas de los al\u00e9rgenos mencionados, incluso si son no especificado en la descripci\u00f3n y lista de ingredientes.)<\/span><\/span><\/p>\n<p>&nbsp;<\/p>\n<p>&nbsp;<\/p>","protected":false},"excerpt":{"rendered":"<p><span style=\"font-weight: 400;\">Prep\u00e1rate para el sabor \u00fanico de nuestras deliciosas galletas de cacao y avena. Elaboradas con avena y mantequilla de man\u00ed, ricas en fibra y con contenido reducido en gluten, las galletas son un verdadero placer para el paladar.<\/span><\/p>","protected":false},"featured_media":10094,"comment_status":"closed","ping_status":"closed","template":"","meta":{"content-type":""},"product_brand":[],"product_cat":[121],"product_tag":[348,454,444,446,445,449,354,355],"class_list":{"0":"post-9845","1":"product","2":"type-product","3":"status-publish","4":"has-post-thumbnail","6":"product_cat-ciasteczka","7":"product_tag-ciasteczka-kruche","8":"product_tag-ciasteczka-na-wage","9":"product_tag-cukiernia-jacek-placek","10":"product_tag-jacek-placek-gdansk","11":"product_tag-jacek-placek-gowino","12":"product_tag-jacek-placek-sopot","13":"product_tag-z-nasionami","14":"product_tag-ze-slonecznikiem","16":"entry","17":"has-media","19":"first","20":"outofstock","21":"shipping-taxable","22":"product-type-variable","23":"has-default-attributes","24":"has-product-nav","25":"col","26":"span_1_of_4","27":"owp-content-center","28":"owp-thumbs-layout-horizontal","29":"owp-btn-normal","30":"owp-tabs-layout-horizontal"},"acf":[],"_links":{"self":[{"href":"https:\/\/jacekplacek.com.pl\/es\/wp-json\/wp\/v2\/product\/9845","targetHints":{"allow":["GET"]}}],"collection":[{"href":"https:\/\/jacekplacek.com.pl\/es\/wp-json\/wp\/v2\/product"}],"about":[{"href":"https:\/\/jacekplacek.com.pl\/es\/wp-json\/wp\/v2\/types\/product"}],"replies":[{"embeddable":true,"href":"https:\/\/jacekplacek.com.pl\/es\/wp-json\/wp\/v2\/comments?post=9845"}],"wp:featuredmedia":[{"embeddable":true,"href":"https:\/\/jacekplacek.com.pl\/es\/wp-json\/wp\/v2\/media\/10094"}],"wp:attachment":[{"href":"https:\/\/jacekplacek.com.pl\/es\/wp-json\/wp\/v2\/media?parent=9845"}],"wp:term":[{"taxonomy":"product_brand","embeddable":true,"href":"https:\/\/jacekplacek.com.pl\/es\/wp-json\/wp\/v2\/product_brand?post=9845"},{"taxonomy":"product_cat","embeddable":true,"href":"https:\/\/jacekplacek.com.pl\/es\/wp-json\/wp\/v2\/product_cat?post=9845"},{"taxonomy":"product_tag","embeddable":true,"href":"https:\/\/jacekplacek.com.pl\/es\/wp-json\/wp\/v2\/product_tag?post=9845"}],"curies":[{"name":"wp","href":"https:\/\/api.w.org\/{rel}","templated":true}]}}