{"id":9841,"date":"2023-07-10T13:38:20","date_gmt":"2023-07-10T11:38:20","guid":{"rendered":"https:\/\/jacekplacek.com.pl\/?post_type=product&#038;p=9841"},"modified":"2025-12-16T15:38:40","modified_gmt":"2025-12-16T14:38:40","slug":"galletas-de-mantequilla-naranja-y-arandanos","status":"publish","type":"product","link":"https:\/\/jacekplacek.com.pl\/es\/almacenar\/galletas-y-galletas\/galletas-2\/galletas-de-mantequilla-naranja-y-arandanos\/","title":{"rendered":"Galletas de naranja con ar\u00e1ndanos"},"content":{"rendered":"<p><span style=\"font-weight: 400;\">Qu\u00e9 lindo combinar tu debilidad por las galletas de mantequilla con complementar tu dieta con valiosas semillas...<\/span><\/p>\n<p><span style=\"font-weight: 400;\">Descubre los extraordinarios sabores de nuestras galletas quebradas de naranja con mantequilla y ar\u00e1ndanos. Estos aromas \u00fanicos te trasladar\u00e1n a un huerto frutal lleno de jugosos c\u00edtricos. Su frescura y su intenso sabor a naranja en armon\u00eda con los ar\u00e1ndanos te proporcionar\u00e1n una experiencia gustativa inolvidable. <\/span><\/p>\n<p><span style=\"font-weight: 400;\">Prueba nuestras galletas y perm\u00edtete un momento de deleite culinario.<\/span><\/p>\n<p><span style=\"color: #000000;\"><span style=\"font-weight: 400;\">(La planta utiliza: harina, huevos, nueces, s\u00e9samo y leche, por lo que cada producto puede contener trazas de los al\u00e9rgenos mencionados, aunque no est\u00e9n especificados en la descripci\u00f3n y lista de ingredientes.)<\/span><\/span><\/p>\n<p>&nbsp;<\/p>\n<p>&nbsp;<\/p>","protected":false},"excerpt":{"rendered":"<p><span style=\"font-weight: 400;\">Prep\u00e1rate para el sabor celestial de nuestras deliciosas galletas de naranja con mantequilla y ar\u00e1ndanos.<\/span><\/p>","protected":false},"featured_media":10111,"comment_status":"closed","ping_status":"closed","template":"","meta":{"content-type":""},"product_brand":[],"product_cat":[121],"product_tag":[348,454,444,446,445,449,354,355],"class_list":{"0":"post-9841","1":"product","2":"type-product","3":"status-publish","4":"has-post-thumbnail","6":"product_cat-ciasteczka","7":"product_tag-ciasteczka-kruche","8":"product_tag-ciasteczka-na-wage","9":"product_tag-cukiernia-jacek-placek","10":"product_tag-jacek-placek-gdansk","11":"product_tag-jacek-placek-gowino","12":"product_tag-jacek-placek-sopot","13":"product_tag-z-nasionami","14":"product_tag-ze-slonecznikiem","16":"entry","17":"has-media","19":"first","20":"outofstock","21":"shipping-taxable","22":"product-type-variable","23":"has-default-attributes","24":"has-product-nav","25":"col","26":"span_1_of_4","27":"owp-content-center","28":"owp-thumbs-layout-horizontal","29":"owp-btn-normal","30":"owp-tabs-layout-horizontal"},"acf":[],"_links":{"self":[{"href":"https:\/\/jacekplacek.com.pl\/es\/wp-json\/wp\/v2\/product\/9841","targetHints":{"allow":["GET"]}}],"collection":[{"href":"https:\/\/jacekplacek.com.pl\/es\/wp-json\/wp\/v2\/product"}],"about":[{"href":"https:\/\/jacekplacek.com.pl\/es\/wp-json\/wp\/v2\/types\/product"}],"replies":[{"embeddable":true,"href":"https:\/\/jacekplacek.com.pl\/es\/wp-json\/wp\/v2\/comments?post=9841"}],"wp:featuredmedia":[{"embeddable":true,"href":"https:\/\/jacekplacek.com.pl\/es\/wp-json\/wp\/v2\/media\/10111"}],"wp:attachment":[{"href":"https:\/\/jacekplacek.com.pl\/es\/wp-json\/wp\/v2\/media?parent=9841"}],"wp:term":[{"taxonomy":"product_brand","embeddable":true,"href":"https:\/\/jacekplacek.com.pl\/es\/wp-json\/wp\/v2\/product_brand?post=9841"},{"taxonomy":"product_cat","embeddable":true,"href":"https:\/\/jacekplacek.com.pl\/es\/wp-json\/wp\/v2\/product_cat?post=9841"},{"taxonomy":"product_tag","embeddable":true,"href":"https:\/\/jacekplacek.com.pl\/es\/wp-json\/wp\/v2\/product_tag?post=9841"}],"curies":[{"name":"wp","href":"https:\/\/api.w.org\/{rel}","templated":true}]}}