{"id":9749,"date":"2023-06-28T12:29:23","date_gmt":"2023-06-28T10:29:23","guid":{"rendered":"https:\/\/jacekplacek.com.pl\/?post_type=product&#038;p=9749"},"modified":"2025-11-18T18:28:47","modified_gmt":"2025-11-18T17:28:47","slug":"mini-torta-terciopelo-rojo-6","status":"publish","type":"product","link":"https:\/\/jacekplacek.com.pl\/es\/almacenar\/torty_i_desery\/mini-postres-para-la-cafeteria\/mini-torta-terciopelo-rojo-6\/","title":{"rendered":"Mini tarta de frambuesa con xilitol, 3 piezas"},"content":{"rendered":"<p>Postre no solo para mesas elegantes - perfecto para celebrar onom\u00e1sticas, cumplea\u00f1os u otras celebraciones en casa o en el trabajo...<\/p>\n<p>\u00bfTe encantan los postres helados cremosos y esa textura de espuma caracter\u00edstica? Ahora puedes disfrutar del sabor afrutado y cremoso del cheesecake fr\u00edo, que no contiene az\u00facar tradicional. lo reemplazamos\u00a0<strong>az\u00facar de abedul \u2013 xilitol<\/strong>. El xilitol tiene mucho<strong>\u00a0\u00edndice gluc\u00e9mico bajo<\/strong>, haci\u00e9ndolo seguro para las personas que sufren de\u00a0<strong>diabetes<\/strong>\u00a0y voluntariamente utilizado en la dieta para<strong>\u00a0diab\u00e9ticos<\/strong>.<\/p>\n<p>Producto disponible en\u00a0<strong>paquete colectivo 3 piezas (1 pieza de aproximadamente 160 g).<\/strong><\/p>","protected":false},"excerpt":{"rendered":"<p>Tarta de queso fr\u00eda con az\u00facar de abedul: base de galletas de espelta con xilitol, masa de queso con mascarpone y frambuesas, decorada con una capa de gelatina de frambuesa.<\/p>\n<p>Producto disponible en\u00a0<strong>paquete colectivo 3 piezas (1 pieza de aproximadamente 160 g).<\/strong><\/p>","protected":false},"featured_media":11446,"comment_status":"closed","ping_status":"closed","template":"","meta":{"content-type":""},"product_brand":[],"product_cat":[723],"product_tag":[444,442,446,445,291,450,447,448],"class_list":{"0":"post-9749","1":"product","2":"type-product","3":"status-publish","4":"has-post-thumbnail","6":"product_cat-mini-desery-do-kawiarni","7":"product_tag-cukiernia-jacek-placek","8":"product_tag-deser-jednoporcjowy","9":"product_tag-jacek-placek-gdansk","10":"product_tag-jacek-placek-gowino","11":"product_tag-tort-malinowy","12":"product_tag-tort-mini","13":"product_tag-tort-red-velvet","14":"product_tag-tort-z-mascarpone","16":"entry","17":"has-media","19":"first","20":"instock","21":"shipping-taxable","22":"product-type-simple","23":"has-product-nav","24":"col","25":"span_1_of_4","26":"owp-content-center","27":"owp-thumbs-layout-horizontal","28":"owp-btn-normal","29":"owp-tabs-layout-horizontal"},"acf":[],"_links":{"self":[{"href":"https:\/\/jacekplacek.com.pl\/es\/wp-json\/wp\/v2\/product\/9749","targetHints":{"allow":["GET"]}}],"collection":[{"href":"https:\/\/jacekplacek.com.pl\/es\/wp-json\/wp\/v2\/product"}],"about":[{"href":"https:\/\/jacekplacek.com.pl\/es\/wp-json\/wp\/v2\/types\/product"}],"replies":[{"embeddable":true,"href":"https:\/\/jacekplacek.com.pl\/es\/wp-json\/wp\/v2\/comments?post=9749"}],"wp:featuredmedia":[{"embeddable":true,"href":"https:\/\/jacekplacek.com.pl\/es\/wp-json\/wp\/v2\/media\/11446"}],"wp:attachment":[{"href":"https:\/\/jacekplacek.com.pl\/es\/wp-json\/wp\/v2\/media?parent=9749"}],"wp:term":[{"taxonomy":"product_brand","embeddable":true,"href":"https:\/\/jacekplacek.com.pl\/es\/wp-json\/wp\/v2\/product_brand?post=9749"},{"taxonomy":"product_cat","embeddable":true,"href":"https:\/\/jacekplacek.com.pl\/es\/wp-json\/wp\/v2\/product_cat?post=9749"},{"taxonomy":"product_tag","embeddable":true,"href":"https:\/\/jacekplacek.com.pl\/es\/wp-json\/wp\/v2\/product_tag?post=9749"}],"curies":[{"name":"wp","href":"https:\/\/api.w.org\/{rel}","templated":true}]}}