{"id":9748,"date":"2023-06-28T12:29:20","date_gmt":"2023-06-28T10:29:20","guid":{"rendered":"https:\/\/jacekplacek.com.pl\/?post_type=product&#038;p=9748"},"modified":"2025-11-18T18:28:47","modified_gmt":"2025-11-18T17:28:47","slug":"mini-torta-terciopelo-rojo-5","status":"publish","type":"product","link":"https:\/\/jacekplacek.com.pl\/es\/almacenar\/torty_i_desery\/mini-postres-para-la-cafeteria\/mini-torta-terciopelo-rojo-5\/","title":{"rendered":"Mini tarta italiana de tiramis\u00fa, 3 piezas"},"content":{"rendered":"<p><b>Un cl\u00e1sico italiano en su versi\u00f3n m\u00e1s deliciosa: nuestro mini pastel de tiramis\u00fa italiano.<\/b><\/p>\n<p><span style=\"font-weight: 400;\">Nuestra tarta es un homenaje al postre tradicional italiano a base de queso mascarpone, que no s\u00f3lo es sumamente cremoso, sino tambi\u00e9n rico en sabor. Para darle a\u00fan m\u00e1s aroma, lo remojamos en ponche de caf\u00e9 con un toque de licor de amaretto. Es una combinaci\u00f3n de sabores que deleita los sentidos y encanta el paladar.<\/span><\/p>\n<p><b>Nuestro mini Pastel de Tiramis\u00fa Italiano es la elecci\u00f3n perfecta para quienes desean sumergirse en la tradici\u00f3n y los sabores de Italia. \u00a1Ven a nuestra confiter\u00eda y emprende este viaje de sabor con nosotros hoy! <\/b><\/p>\n<p>Postre no solo para mesas elegantes - perfecto para celebrar onom\u00e1sticas, cumplea\u00f1os u otras celebraciones en casa o en el trabajo...<\/p>\n<p>Producto disponible en\u00a0<strong>3 piezas en un paquete colectivo (3 piezas de aproximadamente 390 g).<\/strong><\/p>","protected":false},"excerpt":{"rendered":"<p><span style=\"font-weight: 400;\">Es un aut\u00e9ntico fest\u00edn para el paladar que te transporta al coraz\u00f3n de Italia con cada bocado. <\/span>Postre no solo para mesas elegantes - perfecto para celebrar onom\u00e1sticas, cumplea\u00f1os u otras celebraciones en casa o en el trabajo...<\/p>\n<p>Producto disponible en\u00a0<strong>3 piezas en un paquete colectivo (3 piezas de aproximadamente 390 g).<\/strong><\/p>","protected":false},"featured_media":11427,"comment_status":"closed","ping_status":"closed","template":"","meta":{"content-type":""},"product_brand":[],"product_cat":[723],"product_tag":[444,442,446,445,291,450,447,448],"class_list":{"0":"post-9748","1":"product","2":"type-product","3":"status-publish","4":"has-post-thumbnail","6":"product_cat-mini-desery-do-kawiarni","7":"product_tag-cukiernia-jacek-placek","8":"product_tag-deser-jednoporcjowy","9":"product_tag-jacek-placek-gdansk","10":"product_tag-jacek-placek-gowino","11":"product_tag-tort-malinowy","12":"product_tag-tort-mini","13":"product_tag-tort-red-velvet","14":"product_tag-tort-z-mascarpone","16":"entry","17":"has-media","19":"first","20":"instock","21":"shipping-taxable","22":"product-type-simple","23":"has-product-nav","24":"col","25":"span_1_of_4","26":"owp-content-center","27":"owp-thumbs-layout-horizontal","28":"owp-btn-normal","29":"owp-tabs-layout-horizontal"},"acf":[],"_links":{"self":[{"href":"https:\/\/jacekplacek.com.pl\/es\/wp-json\/wp\/v2\/product\/9748","targetHints":{"allow":["GET"]}}],"collection":[{"href":"https:\/\/jacekplacek.com.pl\/es\/wp-json\/wp\/v2\/product"}],"about":[{"href":"https:\/\/jacekplacek.com.pl\/es\/wp-json\/wp\/v2\/types\/product"}],"replies":[{"embeddable":true,"href":"https:\/\/jacekplacek.com.pl\/es\/wp-json\/wp\/v2\/comments?post=9748"}],"wp:featuredmedia":[{"embeddable":true,"href":"https:\/\/jacekplacek.com.pl\/es\/wp-json\/wp\/v2\/media\/11427"}],"wp:attachment":[{"href":"https:\/\/jacekplacek.com.pl\/es\/wp-json\/wp\/v2\/media?parent=9748"}],"wp:term":[{"taxonomy":"product_brand","embeddable":true,"href":"https:\/\/jacekplacek.com.pl\/es\/wp-json\/wp\/v2\/product_brand?post=9748"},{"taxonomy":"product_cat","embeddable":true,"href":"https:\/\/jacekplacek.com.pl\/es\/wp-json\/wp\/v2\/product_cat?post=9748"},{"taxonomy":"product_tag","embeddable":true,"href":"https:\/\/jacekplacek.com.pl\/es\/wp-json\/wp\/v2\/product_tag?post=9748"}],"curies":[{"name":"wp","href":"https:\/\/api.w.org\/{rel}","templated":true}]}}