{"id":9747,"date":"2023-06-28T12:29:17","date_gmt":"2023-06-28T10:29:17","guid":{"rendered":"https:\/\/jacekplacek.com.pl\/?post_type=product&#038;p=9747"},"modified":"2025-11-18T18:28:47","modified_gmt":"2025-11-18T17:28:47","slug":"mini-torta-terciopelo-rojo-4","status":"publish","type":"product","link":"https:\/\/jacekplacek.com.pl\/es\/almacenar\/torty_i_desery\/mini-postres-para-la-cafeteria\/mini-torta-terciopelo-rojo-4\/","title":{"rendered":"Mini tarta de queso fr\u00eda, 3 piezas"},"content":{"rendered":"<p>Postre no solo para mesas elegantes - perfecto para celebrar onom\u00e1sticas, cumplea\u00f1os u otras celebraciones en casa o en el trabajo...<\/p>\n<p>\u00bfTe encantan los postres helados cremosos y esa textura de espuma caracter\u00edstica? \u00bfY si una capa de gelatina con deliciosos trocitos de fruta aporta elasticidad?<\/p>\n<p>Producto disponible en\u00a0<strong>3 piezas en un paquete colectivo (1 pieza de aproximadamente 150 g).<\/strong><\/p>","protected":false},"excerpt":{"rendered":"<p><span data-sheets-root=\"1\">Sp\u00f3d z babki piaskowej, kremowa masa serowa, na wierzchu galaretka z owocami.<\/span><\/p>\n<p>Producto disponible en\u00a0<strong>3 piezas en un paquete colectivo (1 pieza de aproximadamente 150 g).<\/strong><\/p>","protected":false},"featured_media":11343,"comment_status":"closed","ping_status":"closed","template":"","meta":{"content-type":""},"product_brand":[],"product_cat":[723],"product_tag":[444,442,446,445,291,450,447,448],"class_list":{"0":"post-9747","1":"product","2":"type-product","3":"status-publish","4":"has-post-thumbnail","6":"product_cat-mini-desery-do-kawiarni","7":"product_tag-cukiernia-jacek-placek","8":"product_tag-deser-jednoporcjowy","9":"product_tag-jacek-placek-gdansk","10":"product_tag-jacek-placek-gowino","11":"product_tag-tort-malinowy","12":"product_tag-tort-mini","13":"product_tag-tort-red-velvet","14":"product_tag-tort-z-mascarpone","16":"entry","17":"has-media","19":"first","20":"instock","21":"shipping-taxable","22":"product-type-simple","23":"has-product-nav","24":"col","25":"span_1_of_4","26":"owp-content-center","27":"owp-thumbs-layout-horizontal","28":"owp-btn-normal","29":"owp-tabs-layout-horizontal"},"acf":[],"_links":{"self":[{"href":"https:\/\/jacekplacek.com.pl\/es\/wp-json\/wp\/v2\/product\/9747","targetHints":{"allow":["GET"]}}],"collection":[{"href":"https:\/\/jacekplacek.com.pl\/es\/wp-json\/wp\/v2\/product"}],"about":[{"href":"https:\/\/jacekplacek.com.pl\/es\/wp-json\/wp\/v2\/types\/product"}],"replies":[{"embeddable":true,"href":"https:\/\/jacekplacek.com.pl\/es\/wp-json\/wp\/v2\/comments?post=9747"}],"wp:featuredmedia":[{"embeddable":true,"href":"https:\/\/jacekplacek.com.pl\/es\/wp-json\/wp\/v2\/media\/11343"}],"wp:attachment":[{"href":"https:\/\/jacekplacek.com.pl\/es\/wp-json\/wp\/v2\/media?parent=9747"}],"wp:term":[{"taxonomy":"product_brand","embeddable":true,"href":"https:\/\/jacekplacek.com.pl\/es\/wp-json\/wp\/v2\/product_brand?post=9747"},{"taxonomy":"product_cat","embeddable":true,"href":"https:\/\/jacekplacek.com.pl\/es\/wp-json\/wp\/v2\/product_cat?post=9747"},{"taxonomy":"product_tag","embeddable":true,"href":"https:\/\/jacekplacek.com.pl\/es\/wp-json\/wp\/v2\/product_tag?post=9747"}],"curies":[{"name":"wp","href":"https:\/\/api.w.org\/{rel}","templated":true}]}}