{"id":9742,"date":"2023-06-28T12:28:56","date_gmt":"2023-06-28T10:28:56","guid":{"rendered":"https:\/\/jacekplacek.com.pl\/?post_type=product&#038;p=9742"},"modified":"2025-11-18T18:28:47","modified_gmt":"2025-11-18T17:28:47","slug":"mini-torta-terciopelo-rojo-2","status":"publish","type":"product","link":"https:\/\/jacekplacek.com.pl\/es\/almacenar\/torty_i_desery\/mini-postres-para-la-cafeteria\/mini-torta-terciopelo-rojo-2\/","title":{"rendered":"Pastel Mini Bueno, 3 piezas"},"content":{"rendered":"<p><strong>Te presentamos el Pastel Bueno, una combinaci\u00f3n de delicada crema de chocolate blanco y crujientes de avellanas. <\/strong><\/p>\n<p><span style=\"font-weight: 400;\">Nuestra versi\u00f3n de esta popular tarta es un aut\u00e9ntico fest\u00edn para el paladar. \u00bfQu\u00e9 lo hace destacar? El hecho de que no sea demasiado dulce lo convierte en una opci\u00f3n ideal para los ni\u00f1os que aman esta composici\u00f3n \u00fanica de sabores. <strong>\u00a1Te invitamos a nuestra reposter\u00eda a descubrir por qu\u00e9 la Tarta Bueno se ha convertido en el postre favorito de muchos gourmets!<\/strong><\/span><\/p>\n<p>Postre no solo para mesas elegantes - perfecto para celebrar onom\u00e1sticas, cumplea\u00f1os u otras celebraciones en casa o en el trabajo...<\/p>\n<p>Producto disponible en\u00a0<strong>3 piezas en un paquete colectivo (3 piezas de aproximadamente 420 g).<\/strong><\/p>","protected":false},"excerpt":{"rendered":"<p><span style=\"font-weight: 400;\">\u00a1Te invitamos a nuestra reposter\u00eda a descubrir por qu\u00e9 la Tarta Bueno se ha convertido en el postre favorito de muchos gourmets!<\/span><\/p>\n<p>Producto disponible en\u00a0<strong>3 piezas en un paquete colectivo (3 piezas de aproximadamente 420 g).<\/strong><\/p>","protected":false},"featured_media":11421,"comment_status":"closed","ping_status":"closed","template":"","meta":{"content-type":""},"product_brand":[],"product_cat":[723],"product_tag":[444,442,446,445,291,450,447,448],"class_list":{"0":"post-9742","1":"product","2":"type-product","3":"status-publish","4":"has-post-thumbnail","6":"product_cat-mini-desery-do-kawiarni","7":"product_tag-cukiernia-jacek-placek","8":"product_tag-deser-jednoporcjowy","9":"product_tag-jacek-placek-gdansk","10":"product_tag-jacek-placek-gowino","11":"product_tag-tort-malinowy","12":"product_tag-tort-mini","13":"product_tag-tort-red-velvet","14":"product_tag-tort-z-mascarpone","16":"entry","17":"has-media","19":"first","20":"instock","21":"shipping-taxable","22":"product-type-simple","23":"has-product-nav","24":"col","25":"span_1_of_4","26":"owp-content-center","27":"owp-thumbs-layout-horizontal","28":"owp-btn-normal","29":"owp-tabs-layout-horizontal"},"acf":[],"_links":{"self":[{"href":"https:\/\/jacekplacek.com.pl\/es\/wp-json\/wp\/v2\/product\/9742","targetHints":{"allow":["GET"]}}],"collection":[{"href":"https:\/\/jacekplacek.com.pl\/es\/wp-json\/wp\/v2\/product"}],"about":[{"href":"https:\/\/jacekplacek.com.pl\/es\/wp-json\/wp\/v2\/types\/product"}],"replies":[{"embeddable":true,"href":"https:\/\/jacekplacek.com.pl\/es\/wp-json\/wp\/v2\/comments?post=9742"}],"wp:featuredmedia":[{"embeddable":true,"href":"https:\/\/jacekplacek.com.pl\/es\/wp-json\/wp\/v2\/media\/11421"}],"wp:attachment":[{"href":"https:\/\/jacekplacek.com.pl\/es\/wp-json\/wp\/v2\/media?parent=9742"}],"wp:term":[{"taxonomy":"product_brand","embeddable":true,"href":"https:\/\/jacekplacek.com.pl\/es\/wp-json\/wp\/v2\/product_brand?post=9742"},{"taxonomy":"product_cat","embeddable":true,"href":"https:\/\/jacekplacek.com.pl\/es\/wp-json\/wp\/v2\/product_cat?post=9742"},{"taxonomy":"product_tag","embeddable":true,"href":"https:\/\/jacekplacek.com.pl\/es\/wp-json\/wp\/v2\/product_tag?post=9742"}],"curies":[{"name":"wp","href":"https:\/\/api.w.org\/{rel}","templated":true}]}}