{"id":9560,"date":"2023-06-12T12:08:26","date_gmt":"2023-06-12T10:08:26","guid":{"rendered":"https:\/\/jacekplacek.com.pl\/?post_type=product&#038;p=9560"},"modified":"2025-11-18T18:28:46","modified_gmt":"2025-11-18T17:28:46","slug":"nano-galleta-de-frambuesa-con-azucar-de-abedul-xilitol-6-piezas-2","status":"publish","type":"product","link":"https:\/\/jacekplacek.com.pl\/es\/almacenar\/torty_i_desery\/monoporcje-na-catering\/nano-galleta-de-frambuesa-con-azucar-de-abedul-xilitol-6-piezas-2\/","title":{"rendered":"Nano pastel de frambuesa con az\u00facar de abedul - xilitol, 6 piezas"},"content":{"rendered":"<p>Postre no solo para mesas elegantes - perfecto para celebrar onom\u00e1sticas, cumplea\u00f1os u otras celebraciones en casa o en el trabajo...<\/p>\n<p>\u00bfTe encantan los postres helados cremosos y esa textura de espuma caracter\u00edstica? Ahora puedes disfrutar del sabor afrutado y cremoso del cheesecake fr\u00edo, que no contiene az\u00facar tradicional. lo reemplazamos\u00a0<strong>az\u00facar de abedul \u2013 xilitol<\/strong>. El xilitol tiene mucho<strong>\u00a0\u00edndice gluc\u00e9mico bajo<\/strong>, haci\u00e9ndolo seguro para las personas que sufren de\u00a0<strong>diabetes<\/strong>\u00a0y voluntariamente utilizado en la dieta para<strong>\u00a0diab\u00e9ticos<\/strong>.<\/p>\n<p>Si quieres pedir otras tartas con az\u00facar de abedul en lugar de la tradicional, te animamos a que\u00a0<strong><a href=\"https:\/\/jacekplacek.com.pl\/es\/contacto\/\" target=\"_blank\" rel=\"noopener\">contacto<\/a>\u00a0<\/strong>con el departamento de producci\u00f3n.<\/p>\n<p>Producto disponible en <strong>embalaje colectivo 6 piezas (1 pieza aprox. 50g).<\/strong><\/p>","protected":false},"excerpt":{"rendered":"<p>Tarta de queso fr\u00eda con az\u00facar de abedul: base de galletas de espelta con xilitol, masa de queso con mascarpone y frambuesas, decorada con una capa de gelatina de frambuesa.<\/p>\n<p>Producto disponible en <strong>embalaje colectivo 6 piezas (1 pieza aprox. 50g).<\/strong><\/p>","protected":false},"featured_media":11484,"comment_status":"closed","ping_status":"closed","template":"","meta":{"content-type":""},"product_brand":[],"product_cat":[693],"product_tag":[720,721,551,539,697,719,701],"class_list":{"0":"post-9560","1":"product","2":"type-product","3":"status-publish","4":"has-post-thumbnail","6":"product_cat-monoporcje-na-catering","7":"product_tag-catering-impreza","8":"product_tag-catering-urodziny","9":"product_tag-cukier-brzozowy","10":"product_tag-ksylitol","11":"product_tag-mini-deser","12":"product_tag-mini-porcje","13":"product_tag-nano-deser","15":"entry","16":"has-media","18":"first","19":"instock","20":"shipping-taxable","21":"product-type-simple","22":"has-product-nav","23":"col","24":"span_1_of_4","25":"owp-content-center","26":"owp-thumbs-layout-horizontal","27":"owp-btn-normal","28":"owp-tabs-layout-horizontal"},"acf":[],"_links":{"self":[{"href":"https:\/\/jacekplacek.com.pl\/es\/wp-json\/wp\/v2\/product\/9560","targetHints":{"allow":["GET"]}}],"collection":[{"href":"https:\/\/jacekplacek.com.pl\/es\/wp-json\/wp\/v2\/product"}],"about":[{"href":"https:\/\/jacekplacek.com.pl\/es\/wp-json\/wp\/v2\/types\/product"}],"replies":[{"embeddable":true,"href":"https:\/\/jacekplacek.com.pl\/es\/wp-json\/wp\/v2\/comments?post=9560"}],"wp:featuredmedia":[{"embeddable":true,"href":"https:\/\/jacekplacek.com.pl\/es\/wp-json\/wp\/v2\/media\/11484"}],"wp:attachment":[{"href":"https:\/\/jacekplacek.com.pl\/es\/wp-json\/wp\/v2\/media?parent=9560"}],"wp:term":[{"taxonomy":"product_brand","embeddable":true,"href":"https:\/\/jacekplacek.com.pl\/es\/wp-json\/wp\/v2\/product_brand?post=9560"},{"taxonomy":"product_cat","embeddable":true,"href":"https:\/\/jacekplacek.com.pl\/es\/wp-json\/wp\/v2\/product_cat?post=9560"},{"taxonomy":"product_tag","embeddable":true,"href":"https:\/\/jacekplacek.com.pl\/es\/wp-json\/wp\/v2\/product_tag?post=9560"}],"curies":[{"name":"wp","href":"https:\/\/api.w.org\/{rel}","templated":true}]}}