{"id":9543,"date":"2023-06-12T11:31:23","date_gmt":"2023-06-12T09:31:23","guid":{"rendered":"https:\/\/jacekplacek.com.pl\/?post_type=product&#038;p=9543"},"modified":"2025-11-18T18:28:46","modified_gmt":"2025-11-18T17:28:46","slug":"tarta-de-queso-nano-canela-6-piezas","status":"publish","type":"product","link":"https:\/\/jacekplacek.com.pl\/es\/almacenar\/torty_i_desery\/monoporcje-na-catering\/tarta-de-queso-nano-canela-6-piezas\/","title":{"rendered":"Tarta de queso nano canela 6 piezas"},"content":{"rendered":"<p>Postre no solo para mesas elegantes - perfecto para celebrar onom\u00e1sticas, cumplea\u00f1os u otras celebraciones en casa o en el trabajo...<\/p>\n<p><strong>\u00bfTe encantan los postres cremosos y fr\u00edos y esa consistencia caracter\u00edstica de la espuma el\u00e1stica? \u00bfY si van acompa\u00f1ados de una nota c\u00e1lida y especiada de canela?<\/strong><\/p>\n<p>Producto disponible en <strong>embalaje colectivo 6 piezas (1 pieza aprox. 50g).<\/strong><\/p>","protected":false},"excerpt":{"rendered":"<p>Base de masa quebrada con canela, relleno de queso con gelatina, cobertura de canela.<\/p>\n<p>Producto disponible en <strong>embalaje colectivo 6 piezas (1 pieza aprox. 50g).<\/strong><\/p>","protected":false},"featured_media":11368,"comment_status":"closed","ping_status":"closed","template":"","meta":{"content-type":""},"product_brand":[],"product_cat":[693],"product_tag":[703,697,701,200,704],"class_list":{"0":"post-9543","1":"product","2":"type-product","3":"status-publish","4":"has-post-thumbnail","6":"product_cat-monoporcje-na-catering","7":"product_tag-cynamonowy-deser","8":"product_tag-mini-deser","9":"product_tag-nano-deser","10":"product_tag-sernik-cynamonowy","11":"product_tag-sernik-z-cynamonem","13":"entry","14":"has-media","16":"first","17":"instock","18":"shipping-taxable","19":"product-type-simple","20":"has-product-nav","21":"col","22":"span_1_of_4","23":"owp-content-center","24":"owp-thumbs-layout-horizontal","25":"owp-btn-normal","26":"owp-tabs-layout-horizontal"},"acf":[],"_links":{"self":[{"href":"https:\/\/jacekplacek.com.pl\/es\/wp-json\/wp\/v2\/product\/9543","targetHints":{"allow":["GET"]}}],"collection":[{"href":"https:\/\/jacekplacek.com.pl\/es\/wp-json\/wp\/v2\/product"}],"about":[{"href":"https:\/\/jacekplacek.com.pl\/es\/wp-json\/wp\/v2\/types\/product"}],"replies":[{"embeddable":true,"href":"https:\/\/jacekplacek.com.pl\/es\/wp-json\/wp\/v2\/comments?post=9543"}],"wp:featuredmedia":[{"embeddable":true,"href":"https:\/\/jacekplacek.com.pl\/es\/wp-json\/wp\/v2\/media\/11368"}],"wp:attachment":[{"href":"https:\/\/jacekplacek.com.pl\/es\/wp-json\/wp\/v2\/media?parent=9543"}],"wp:term":[{"taxonomy":"product_brand","embeddable":true,"href":"https:\/\/jacekplacek.com.pl\/es\/wp-json\/wp\/v2\/product_brand?post=9543"},{"taxonomy":"product_cat","embeddable":true,"href":"https:\/\/jacekplacek.com.pl\/es\/wp-json\/wp\/v2\/product_cat?post=9543"},{"taxonomy":"product_tag","embeddable":true,"href":"https:\/\/jacekplacek.com.pl\/es\/wp-json\/wp\/v2\/product_tag?post=9543"}],"curies":[{"name":"wp","href":"https:\/\/api.w.org\/{rel}","templated":true}]}}