{"id":9531,"date":"2023-06-12T11:06:13","date_gmt":"2023-06-12T09:06:13","guid":{"rendered":"https:\/\/jacekplacek.com.pl\/?post_type=product&#038;p=9531"},"modified":"2025-11-18T18:28:46","modified_gmt":"2025-11-18T17:28:46","slug":"nano-terciopelo-rojo","status":"publish","type":"product","link":"https:\/\/jacekplacek.com.pl\/es\/almacenar\/torty_i_desery\/monoporcje-na-catering\/nano-terciopelo-rojo\/","title":{"rendered":"Pastel Nano Red Velvet, 6 piezas"},"content":{"rendered":"<p><b>Te invitamos a probar nuestro nano Red Velvet Cake insignia: un postre cl\u00e1sico con un nuevo toque.<\/b><\/p>\n<p><b>Nuestra tarta no s\u00f3lo es apetecible, sino tambi\u00e9n saludable porque evitamos aditivos artificiales utilizando un colorante natural de licopeno obtenido del tomate.<\/b><span style=\"font-weight: 400;\"> Rellenamos el interior del bizcocho con una deliciosa crema de mascarpone y mermelada de frambuesa, que le aporta un sabor \u00fanico. Compruebe usted mismo que el sabor tradicional puede ir de la mano con la atenci\u00f3n a la calidad de los ingredientes.<\/span><\/p>\n<p>Postre no solo para mesas elegantes - perfecto para celebrar onom\u00e1sticas, cumplea\u00f1os u otras celebraciones en casa o en el trabajo...<\/p>\n<p>Producto disponible en\u00a0<strong>embalaje colectivo 6 piezas (1 pieza aprox. 70g).<\/strong><\/p>","protected":false},"excerpt":{"rendered":"<p><span style=\"font-weight: 400;\">Nuestro emblem\u00e1tico pastel Red Velvet: un postre cl\u00e1sico con un nuevo toque. Compruebe usted mismo que el sabor tradicional puede ir de la mano con la atenci\u00f3n a la calidad de los ingredientes.<\/span><\/p>\n<p>Producto disponible en <strong>embalaje colectivo 6 piezas (1 pieza aprox. 70g).<\/strong><\/p>","protected":false},"featured_media":11359,"comment_status":"closed","ping_status":"closed","template":"","meta":{"content-type":""},"product_brand":[],"product_cat":[693],"product_tag":[697,696,336,447],"class_list":{"0":"post-9531","1":"product","2":"type-product","3":"status-publish","4":"has-post-thumbnail","6":"product_cat-monoporcje-na-catering","7":"product_tag-mini-deser","8":"product_tag-nano","9":"product_tag-red-velvet","10":"product_tag-tort-red-velvet","12":"entry","13":"has-media","15":"first","16":"instock","17":"shipping-taxable","18":"product-type-simple","19":"has-product-nav","20":"col","21":"span_1_of_4","22":"owp-content-center","23":"owp-thumbs-layout-horizontal","24":"owp-btn-normal","25":"owp-tabs-layout-horizontal"},"acf":[],"_links":{"self":[{"href":"https:\/\/jacekplacek.com.pl\/es\/wp-json\/wp\/v2\/product\/9531","targetHints":{"allow":["GET"]}}],"collection":[{"href":"https:\/\/jacekplacek.com.pl\/es\/wp-json\/wp\/v2\/product"}],"about":[{"href":"https:\/\/jacekplacek.com.pl\/es\/wp-json\/wp\/v2\/types\/product"}],"replies":[{"embeddable":true,"href":"https:\/\/jacekplacek.com.pl\/es\/wp-json\/wp\/v2\/comments?post=9531"}],"wp:featuredmedia":[{"embeddable":true,"href":"https:\/\/jacekplacek.com.pl\/es\/wp-json\/wp\/v2\/media\/11359"}],"wp:attachment":[{"href":"https:\/\/jacekplacek.com.pl\/es\/wp-json\/wp\/v2\/media?parent=9531"}],"wp:term":[{"taxonomy":"product_brand","embeddable":true,"href":"https:\/\/jacekplacek.com.pl\/es\/wp-json\/wp\/v2\/product_brand?post=9531"},{"taxonomy":"product_cat","embeddable":true,"href":"https:\/\/jacekplacek.com.pl\/es\/wp-json\/wp\/v2\/product_cat?post=9531"},{"taxonomy":"product_tag","embeddable":true,"href":"https:\/\/jacekplacek.com.pl\/es\/wp-json\/wp\/v2\/product_tag?post=9531"}],"curies":[{"name":"wp","href":"https:\/\/api.w.org\/{rel}","templated":true}]}}