{"id":9522,"date":"2023-06-12T10:57:05","date_gmt":"2023-06-12T08:57:05","guid":{"rendered":"https:\/\/jacekplacek.com.pl\/?post_type=product&#038;p=9522"},"modified":"2025-11-18T18:28:45","modified_gmt":"2025-11-18T17:28:45","slug":"nano-bueno-6-piezas","status":"publish","type":"product","link":"https:\/\/jacekplacek.com.pl\/es\/almacenar\/torty_i_desery\/monoporcje-na-catering\/nano-bueno-6-piezas\/","title":{"rendered":"Tarta Nano Bueno, 6 piezas"},"content":{"rendered":"<p><strong>Presentamos el pastel nano Bueno, una combinaci\u00f3n de delicada crema de chocolate blanco y avellanas crujientes.<\/strong><\/p>\n<p>Nuestra versi\u00f3n de esta popular tarta es un aut\u00e9ntico fest\u00edn para el paladar. \u00bfQu\u00e9 lo hace destacar? El hecho de que no sea demasiado dulce lo convierte en una opci\u00f3n ideal para los ni\u00f1os que aman esta composici\u00f3n \u00fanica de sabores.\u00a0<strong>\u00a1Te invitamos a nuestra reposter\u00eda a descubrir por qu\u00e9 la Tarta Bueno se ha convertido en el postre favorito de muchos gourmets!<\/strong><\/p>\n<p>Postre no solo para mesas elegantes - perfecto para celebrar onom\u00e1sticas, cumplea\u00f1os u otras celebraciones en casa o en el trabajo...<\/p>\n<p>Producto disponible en\u00a0<strong>6 piezas en un paquete colectivo (6 piezas de aproximadamente 360 g).<\/strong><\/p>","protected":false},"excerpt":{"rendered":"<p>\u00a1Te invitamos a nuestra reposter\u00eda a descubrir por qu\u00e9 la Tarta Bueno se ha convertido en el postre favorito de muchos gourmets!<\/p>\n<p>Producto disponible en\u00a0<strong>6 piezas en un paquete colectivo (6 piezas de aproximadamente 360 g).<\/strong><\/p>","protected":false},"featured_media":11490,"comment_status":"closed","ping_status":"closed","template":"","meta":{"content-type":""},"product_brand":[],"product_cat":[693],"product_tag":[357,380,694,253,254,695,174],"class_list":{"0":"post-9522","1":"product","2":"type-product","3":"status-publish","4":"has-post-thumbnail","6":"product_cat-monoporcje-na-catering","7":"product_tag-ciasteczka","8":"product_tag-ciasto","9":"product_tag-ciasto-bueno","10":"product_tag-ciasto-z-kajmakiem","11":"product_tag-kajmak","12":"product_tag-nano-bueno","13":"product_tag-polewa-kajmakowa","15":"entry","16":"has-media","18":"first","19":"instock","20":"shipping-taxable","21":"product-type-simple","22":"has-product-nav","23":"col","24":"span_1_of_4","25":"owp-content-center","26":"owp-thumbs-layout-horizontal","27":"owp-btn-normal","28":"owp-tabs-layout-horizontal"},"acf":[],"_links":{"self":[{"href":"https:\/\/jacekplacek.com.pl\/es\/wp-json\/wp\/v2\/product\/9522","targetHints":{"allow":["GET"]}}],"collection":[{"href":"https:\/\/jacekplacek.com.pl\/es\/wp-json\/wp\/v2\/product"}],"about":[{"href":"https:\/\/jacekplacek.com.pl\/es\/wp-json\/wp\/v2\/types\/product"}],"replies":[{"embeddable":true,"href":"https:\/\/jacekplacek.com.pl\/es\/wp-json\/wp\/v2\/comments?post=9522"}],"wp:featuredmedia":[{"embeddable":true,"href":"https:\/\/jacekplacek.com.pl\/es\/wp-json\/wp\/v2\/media\/11490"}],"wp:attachment":[{"href":"https:\/\/jacekplacek.com.pl\/es\/wp-json\/wp\/v2\/media?parent=9522"}],"wp:term":[{"taxonomy":"product_brand","embeddable":true,"href":"https:\/\/jacekplacek.com.pl\/es\/wp-json\/wp\/v2\/product_brand?post=9522"},{"taxonomy":"product_cat","embeddable":true,"href":"https:\/\/jacekplacek.com.pl\/es\/wp-json\/wp\/v2\/product_cat?post=9522"},{"taxonomy":"product_tag","embeddable":true,"href":"https:\/\/jacekplacek.com.pl\/es\/wp-json\/wp\/v2\/product_tag?post=9522"}],"curies":[{"name":"wp","href":"https:\/\/api.w.org\/{rel}","templated":true}]}}