{"id":775,"date":"2020-11-27T13:28:54","date_gmt":"2020-11-27T12:28:54","guid":{"rendered":"https:\/\/jacekplacek.com.pl\/?post_type=product&#038;p=775"},"modified":"2025-11-18T18:30:05","modified_gmt":"2025-11-18T17:30:05","slug":"bizcocho-con-fruta-y-mermelada","status":"publish","type":"product","link":"https:\/\/jacekplacek.com.pl\/es\/almacenar\/tortas-de-crema\/pasteles-con-crema-de-crema\/bizcocho-con-fruta-y-mermelada\/","title":{"rendered":"Bizcocho con frutas y mermelada"},"content":{"rendered":"<p>Bizcocho en capas de nata, cubierto con gelatina de frutas.<\/p>\n<p>&nbsp;<\/p>\n<h3><\/h3>\n<p>&nbsp;<\/p>","protected":false},"excerpt":{"rendered":"<p><span data-sheets-root=\"1\">Biszkopt prze\u0142o\u017cony kremem \u015bmietanowym, wyko\u0144czony owocami i galaretk\u0105. Lekkie i efektowne ciasto na rodzinne spotkania.<\/span><\/p>","protected":false},"featured_media":13336,"comment_status":"closed","ping_status":"closed","template":"","meta":{"content-type":""},"product_brand":[],"product_cat":[80],"product_tag":[203,444,137,446,445,449,484,220],"class_list":{"0":"post-775","1":"product","2":"type-product","3":"status-publish","4":"has-post-thumbnail","6":"product_cat-ciasta-z-kremem-smietanowym","7":"product_tag-biszkopt","8":"product_tag-cukiernia-jacek-placek","9":"product_tag-galaretka","10":"product_tag-jacek-placek-gdansk","11":"product_tag-jacek-placek-gowino","12":"product_tag-jacek-placek-sopot","13":"product_tag-krem-smietanowy","14":"product_tag-owoce","16":"entry","17":"has-media","19":"first","20":"instock","21":"shipping-taxable","22":"product-type-variable","23":"has-default-attributes","24":"has-product-nav","25":"col","26":"span_1_of_4","27":"owp-content-center","28":"owp-thumbs-layout-horizontal","29":"owp-btn-normal","30":"owp-tabs-layout-horizontal"},"acf":[],"_links":{"self":[{"href":"https:\/\/jacekplacek.com.pl\/es\/wp-json\/wp\/v2\/product\/775","targetHints":{"allow":["GET"]}}],"collection":[{"href":"https:\/\/jacekplacek.com.pl\/es\/wp-json\/wp\/v2\/product"}],"about":[{"href":"https:\/\/jacekplacek.com.pl\/es\/wp-json\/wp\/v2\/types\/product"}],"replies":[{"embeddable":true,"href":"https:\/\/jacekplacek.com.pl\/es\/wp-json\/wp\/v2\/comments?post=775"}],"wp:featuredmedia":[{"embeddable":true,"href":"https:\/\/jacekplacek.com.pl\/es\/wp-json\/wp\/v2\/media\/13336"}],"wp:attachment":[{"href":"https:\/\/jacekplacek.com.pl\/es\/wp-json\/wp\/v2\/media?parent=775"}],"wp:term":[{"taxonomy":"product_brand","embeddable":true,"href":"https:\/\/jacekplacek.com.pl\/es\/wp-json\/wp\/v2\/product_brand?post=775"},{"taxonomy":"product_cat","embeddable":true,"href":"https:\/\/jacekplacek.com.pl\/es\/wp-json\/wp\/v2\/product_cat?post=775"},{"taxonomy":"product_tag","embeddable":true,"href":"https:\/\/jacekplacek.com.pl\/es\/wp-json\/wp\/v2\/product_tag?post=775"}],"curies":[{"name":"wp","href":"https:\/\/api.w.org\/{rel}","templated":true}]}}