{"id":7086,"date":"2022-07-11T15:34:10","date_gmt":"2022-07-11T13:34:10","guid":{"rendered":"https:\/\/jacekplacek.com.pl\/?post_type=product&#038;p=7086"},"modified":"2025-11-18T18:31:05","modified_gmt":"2025-11-18T17:31:05","slug":"masa-de-levadura-con-queso","status":"publish","type":"product","link":"https:\/\/jacekplacek.com.pl\/es\/almacenar\/levadura\/masa-de-levadura-con-queso\/","title":{"rendered":"Masa De Levadura Con Queso"},"content":{"rendered":"<p><span data-sheets-root=\"1\">Delikatne dro\u017cd\u017cowe ciasto z rodzynkami, po\u0142\u0105czone z mas\u0105 sernika domowego.<\/span><\/p>","protected":false},"excerpt":{"rendered":"<p><span data-sheets-root=\"1\">Delikatne dro\u017cd\u017cowe ciasto z rodzynkami, po\u0142\u0105czone z mas\u0105 sernika domowego.<\/span><\/p>","protected":false},"featured_media":7082,"comment_status":"closed","ping_status":"closed","template":"","meta":{"content-type":""},"product_brand":[],"product_cat":[584],"product_tag":[],"class_list":{"0":"post-7086","1":"product","2":"type-product","3":"status-publish","4":"has-post-thumbnail","6":"product_cat-drozdzowe","8":"entry","9":"has-media","11":"first","12":"instock","13":"shipping-taxable","14":"product-type-variable","15":"has-product-nav","16":"col","17":"span_1_of_4","18":"owp-content-center","19":"owp-thumbs-layout-horizontal","20":"owp-btn-normal","21":"owp-tabs-layout-horizontal"},"acf":[],"_links":{"self":[{"href":"https:\/\/jacekplacek.com.pl\/es\/wp-json\/wp\/v2\/product\/7086","targetHints":{"allow":["GET"]}}],"collection":[{"href":"https:\/\/jacekplacek.com.pl\/es\/wp-json\/wp\/v2\/product"}],"about":[{"href":"https:\/\/jacekplacek.com.pl\/es\/wp-json\/wp\/v2\/types\/product"}],"replies":[{"embeddable":true,"href":"https:\/\/jacekplacek.com.pl\/es\/wp-json\/wp\/v2\/comments?post=7086"}],"wp:featuredmedia":[{"embeddable":true,"href":"https:\/\/jacekplacek.com.pl\/es\/wp-json\/wp\/v2\/media\/7082"}],"wp:attachment":[{"href":"https:\/\/jacekplacek.com.pl\/es\/wp-json\/wp\/v2\/media?parent=7086"}],"wp:term":[{"taxonomy":"product_brand","embeddable":true,"href":"https:\/\/jacekplacek.com.pl\/es\/wp-json\/wp\/v2\/product_brand?post=7086"},{"taxonomy":"product_cat","embeddable":true,"href":"https:\/\/jacekplacek.com.pl\/es\/wp-json\/wp\/v2\/product_cat?post=7086"},{"taxonomy":"product_tag","embeddable":true,"href":"https:\/\/jacekplacek.com.pl\/es\/wp-json\/wp\/v2\/product_tag?post=7086"}],"curies":[{"name":"wp","href":"https:\/\/api.w.org\/{rel}","templated":true}]}}