{"id":468,"date":"2020-11-25T12:43:41","date_gmt":"2020-11-25T11:43:41","guid":{"rendered":"https:\/\/jacekplacek.com.pl\/?post_type=product&#038;p=468"},"modified":"2025-11-18T18:28:56","modified_gmt":"2025-11-18T17:28:56","slug":"tarta-de-queso-con-melocotones","status":"publish","type":"product","link":"https:\/\/jacekplacek.com.pl\/es\/almacenar\/pasteles-de-queso-todos\/tartas-de-queso\/tarta-de-queso-con-melocotones\/","title":{"rendered":"Tarta de queso con melocotones"},"content":{"rendered":"<p><strong>Una versi\u00f3n cl\u00e1sica de la tarta de queso enriquecida con una nota frutal, que en este caso son los melocotones y una peque\u00f1a cantidad de pasas.\u00a0<\/strong><\/p>\n<p><strong><span style=\"font-weight: 400;\">En el fondo hay una capa de masa quebrada ligera.<\/span><\/strong><\/p>\n<p>Otros tipos de tartas de queso disponibles\u00a0<strong><a href=\"https:\/\/jacekplacek.com.pl\/es\/categoria-de-producto\/pasteles-de-queso-todos\/\" target=\"_blank\" rel=\"noopener\">aqu\u00ed.<\/a><\/strong><\/p>","protected":false},"excerpt":{"rendered":"<p><span data-sheets-root=\"1\">Tarta de queso cl\u00e1sica sobre masa quebrada con la adici\u00f3n de melocotones en la masa de queso.<\/span><\/p>","protected":false},"featured_media":3356,"comment_status":"closed","ping_status":"closed","template":"","meta":{"content-type":""},"product_brand":[],"product_cat":[60],"product_tag":[194,444,446,445,449,195,61,193],"class_list":{"0":"post-468","1":"product","2":"type-product","3":"status-publish","4":"has-post-thumbnail","6":"product_cat-serniki","7":"product_tag-brzoskwinia","8":"product_tag-cukiernia-jacek-placek","9":"product_tag-jacek-placek-gdansk","10":"product_tag-jacek-placek-gowino","11":"product_tag-jacek-placek-sopot","12":"product_tag-peach","13":"product_tag-sernik","14":"product_tag-sernik-z-brzoskwiniami","16":"entry","17":"has-media","19":"first","20":"instock","21":"shipping-taxable","22":"product-type-variable","23":"has-default-attributes","24":"has-product-nav","25":"col","26":"span_1_of_4","27":"owp-content-center","28":"owp-thumbs-layout-horizontal","29":"owp-btn-normal","30":"owp-tabs-layout-horizontal"},"acf":[],"_links":{"self":[{"href":"https:\/\/jacekplacek.com.pl\/es\/wp-json\/wp\/v2\/product\/468","targetHints":{"allow":["GET"]}}],"collection":[{"href":"https:\/\/jacekplacek.com.pl\/es\/wp-json\/wp\/v2\/product"}],"about":[{"href":"https:\/\/jacekplacek.com.pl\/es\/wp-json\/wp\/v2\/types\/product"}],"replies":[{"embeddable":true,"href":"https:\/\/jacekplacek.com.pl\/es\/wp-json\/wp\/v2\/comments?post=468"}],"wp:featuredmedia":[{"embeddable":true,"href":"https:\/\/jacekplacek.com.pl\/es\/wp-json\/wp\/v2\/media\/3356"}],"wp:attachment":[{"href":"https:\/\/jacekplacek.com.pl\/es\/wp-json\/wp\/v2\/media?parent=468"}],"wp:term":[{"taxonomy":"product_brand","embeddable":true,"href":"https:\/\/jacekplacek.com.pl\/es\/wp-json\/wp\/v2\/product_brand?post=468"},{"taxonomy":"product_cat","embeddable":true,"href":"https:\/\/jacekplacek.com.pl\/es\/wp-json\/wp\/v2\/product_cat?post=468"},{"taxonomy":"product_tag","embeddable":true,"href":"https:\/\/jacekplacek.com.pl\/es\/wp-json\/wp\/v2\/product_tag?post=468"}],"curies":[{"name":"wp","href":"https:\/\/api.w.org\/{rel}","templated":true}]}}