{"id":4515,"date":"2022-02-08T14:15:05","date_gmt":"2022-02-08T13:15:05","guid":{"rendered":"https:\/\/jacekplacek.com.pl\/?post_type=product&#038;p=4515"},"modified":"2025-11-18T18:27:21","modified_gmt":"2025-11-18T17:27:21","slug":"mini-torta-terciopelo-rojo","status":"publish","type":"product","link":"https:\/\/jacekplacek.com.pl\/es\/almacenar\/torty_i_desery\/mini-postres-para-la-cafeteria\/mini-torta-terciopelo-rojo\/","title":{"rendered":"Mini tarta Red Velvet, 3 piezas"},"content":{"rendered":"<p><b>Te invitamos a probar nuestro mini pastel Red Velvet, un postre cl\u00e1sico con un nuevo toque.<\/b><\/p>\n<p><b>Nuestra tarta no s\u00f3lo es apetecible, sino tambi\u00e9n saludable porque evitamos aditivos artificiales utilizando un colorante natural de licopeno obtenido del tomate.<\/b><span style=\"font-weight: 400;\"> Rellenamos el interior del bizcocho con una deliciosa crema de mascarpone y mermelada de frambuesa, que le aporta un sabor \u00fanico. Compruebe usted mismo que el sabor tradicional puede ir de la mano con la atenci\u00f3n a la calidad de los ingredientes.<\/span><\/p>\n<p>Postre no solo para mesas elegantes - perfecto para celebrar onom\u00e1sticas, cumplea\u00f1os u otras celebraciones en casa o en el trabajo...<\/p>\n<p>Producto disponible en\u00a0<strong>3 piezas en un paquete colectivo (3 piezas de aproximadamente 450 g).<\/strong><\/p>","protected":false},"excerpt":{"rendered":"<p><span style=\"font-weight: 400;\">Nuestro emblem\u00e1tico pastel Red Velvet: un postre cl\u00e1sico con un nuevo toque. Compruebe usted mismo que el sabor tradicional puede ir de la mano con la atenci\u00f3n a la calidad de los ingredientes.<\/span><\/p>\n<p>Producto disponible en\u00a0<strong>3 piezas en un paquete colectivo (3 piezas de aproximadamente 450 g).<\/strong><\/p>","protected":false},"featured_media":11347,"comment_status":"closed","ping_status":"closed","template":"","meta":{"content-type":""},"product_brand":[],"product_cat":[723],"product_tag":[444,442,446,445,291,450,447,448],"class_list":{"0":"post-4515","1":"product","2":"type-product","3":"status-publish","4":"has-post-thumbnail","6":"product_cat-mini-desery-do-kawiarni","7":"product_tag-cukiernia-jacek-placek","8":"product_tag-deser-jednoporcjowy","9":"product_tag-jacek-placek-gdansk","10":"product_tag-jacek-placek-gowino","11":"product_tag-tort-malinowy","12":"product_tag-tort-mini","13":"product_tag-tort-red-velvet","14":"product_tag-tort-z-mascarpone","16":"entry","17":"has-media","19":"first","20":"instock","21":"shipping-taxable","22":"product-type-simple","23":"has-product-nav","24":"col","25":"span_1_of_4","26":"owp-content-center","27":"owp-thumbs-layout-horizontal","28":"owp-btn-normal","29":"owp-tabs-layout-horizontal"},"acf":[],"_links":{"self":[{"href":"https:\/\/jacekplacek.com.pl\/es\/wp-json\/wp\/v2\/product\/4515","targetHints":{"allow":["GET"]}}],"collection":[{"href":"https:\/\/jacekplacek.com.pl\/es\/wp-json\/wp\/v2\/product"}],"about":[{"href":"https:\/\/jacekplacek.com.pl\/es\/wp-json\/wp\/v2\/types\/product"}],"replies":[{"embeddable":true,"href":"https:\/\/jacekplacek.com.pl\/es\/wp-json\/wp\/v2\/comments?post=4515"}],"wp:featuredmedia":[{"embeddable":true,"href":"https:\/\/jacekplacek.com.pl\/es\/wp-json\/wp\/v2\/media\/11347"}],"wp:attachment":[{"href":"https:\/\/jacekplacek.com.pl\/es\/wp-json\/wp\/v2\/media?parent=4515"}],"wp:term":[{"taxonomy":"product_brand","embeddable":true,"href":"https:\/\/jacekplacek.com.pl\/es\/wp-json\/wp\/v2\/product_brand?post=4515"},{"taxonomy":"product_cat","embeddable":true,"href":"https:\/\/jacekplacek.com.pl\/es\/wp-json\/wp\/v2\/product_cat?post=4515"},{"taxonomy":"product_tag","embeddable":true,"href":"https:\/\/jacekplacek.com.pl\/es\/wp-json\/wp\/v2\/product_tag?post=4515"}],"curies":[{"name":"wp","href":"https:\/\/api.w.org\/{rel}","templated":true}]}}