{"id":3997,"date":"2021-12-08T15:51:34","date_gmt":"2021-12-08T14:51:34","guid":{"rendered":"https:\/\/jacekplacek.com.pl\/?post_type=product&#038;p=3997"},"modified":"2025-11-18T18:27:20","modified_gmt":"2025-11-18T17:27:20","slug":"estrella-de-pan-de-jengibre","status":"publish","type":"product","link":"https:\/\/jacekplacek.com.pl\/es\/almacenar\/babki-i-makowce\/estrella-de-pan-de-jengibre\/","title":{"rendered":"estrella de pan de jengibre"},"content":{"rendered":"<h1>Vacaciones: una \u00e9poca de tradici\u00f3n, sabor y momentos familiares.<\/h1>\n<p>La Navidad es una \u00e9poca que combina reuniones familiares, decoraciones m\u00e1gicas y sabores inolvidables. Los banquetes para compartir y los pasteles arom\u00e1ticos son parte integral de estos d\u00edas tan especiales.<\/p>\n<h2>Pan de jengibre: una tradici\u00f3n desde hace generaciones<\/h2>\n<p>Los panes de jengibre son productos horneados con una rica historia que se remonta a la Edad Media. Alguna vez fue un s\u00edmbolo de prosperidad, hoy es un elemento tradicional de la mesa navide\u00f1a. Su sabor \u00fanico se lo debemos a una mezcla de especias, que les confieren un aroma caracter\u00edstico que encaja perfectamente en el ambiente festivo.<\/p>\n<h2>Nuestro producto \u2013 Pan de jengibre navide\u00f1o con calabaza en forma de estrella<\/h2>\n<p>Presentamos un pan de jengibre \u00fanico en forma de estrella que combina el sabor tradicional con un enfoque moderno de reposter\u00eda. Este bizcocho picante ha sido enriquecido con calabaza, miel y nuestra propia mezcla de especias de jengibre. Su base, a base de harina de trigo y centeno, le aporta una estructura delicada, y aditivos como la piel de naranja y las nueces le aportan un sabor distintivo. Todo estaba cubierto con glaseado de chocolate, lo que lo convierte en una elecci\u00f3n perfecta para la mesa navide\u00f1a.<\/p>\n<p>&nbsp;<\/p>\n<h3>Tartas dignas de recordar durante las fiestas<\/h3>\n<p>La mesa navide\u00f1a est\u00e1 dominada por la reposter\u00eda cl\u00e1sica que lleva a\u00f1os creando la magia de la Navidad. Aparecen tradicionalmente <strong>tortas de semillas de amapola<\/strong>, relleno de arom\u00e1ticas semillas de amapola y frutos secos, y <strong>tartas de queso<\/strong>, cuya consistencia cremosa deleita a los comensales. Tambi\u00e9n son populares <strong>tortas ricas en frutos secos<\/strong>, como el pastel de frutas, lleno de frutos secos y nueces.<\/p>\n<p>En los \u00faltimos a\u00f1os aparecen cada vez con m\u00e1s frecuencia en las mesas navide\u00f1as. <strong>pasteles de navidad<\/strong> \u2013 decorado con nata, fruta o chocolate, que combinan elegancia con sabor tradicional. Esta es una excelente opci\u00f3n para quienes buscan productos de reposter\u00eda modernos, perfectos para ocasiones especiales. \u00a1Las fiestas son un momento para disfrutar de una variedad de sabores, tanto tradicionales como nuevos!<\/p>\n<p>Elige nuestros productos de panader\u00eda para darle un sabor \u00fanico a tus vacaciones y disfruta de momentos con tus seres queridos. \ud83c\udf84<\/p>\n<p>Encontrar\u00e1s otras sugerencias para Navidad\u00a0<strong><a href=\"https:\/\/jacekplacek.com.pl\/es\/categoria-de-producto\/navidad\/\" target=\"_blank\" rel=\"noopener\">aqu\u00ed.<\/a><\/strong><\/p>\n<h3>Informaci\u00f3n del producto:<\/h3>\n<ul>\n<li>Peso aproximado 150 g.<\/li>\n<li>Embalaje: bandeja de papel, l\u00e1mina protectora.<\/li>\n<\/ul>\n<p>&nbsp;<\/p>","protected":false},"excerpt":{"rendered":"<h1>Pan de jengibre navide\u00f1o con calabaza en forma de estrella<\/h1>\n<p>Pastel picante con calabaza, miel y nuestra propia mezcla de especias de jengibre, a base de harina de trigo y centeno, enriquecido con piel de naranja y nueces. Cubierto con glaseado de chocolate.<\/p>","protected":false},"featured_media":1706,"comment_status":"closed","ping_status":"closed","template":"","meta":{"content-type":""},"product_brand":[],"product_cat":[907,81],"product_tag":[664,99,444,96,437,446,445,449,91,95,98],"class_list":{"0":"post-3997","1":"product","2":"type-product","3":"status-publish","4":"has-post-thumbnail","6":"product_cat-ciasta-swiateczne","7":"product_cat-babki-i-makowce","8":"product_tag-ciasta-na-boze-narodzenie","9":"product_tag-ciasto-swiateczne","10":"product_tag-cukiernia-jacek-placek","11":"product_tag-dzem","12":"product_tag-gwiazdka","13":"product_tag-jacek-placek-gdansk","14":"product_tag-jacek-placek-gowino","15":"product_tag-jacek-placek-sopot","16":"product_tag-orzechy-wloskie","17":"product_tag-piernik","18":"product_tag-swieta","20":"entry","21":"has-media","23":"first","24":"instock","25":"shipping-taxable","26":"product-type-simple","27":"has-product-nav","28":"col","29":"span_1_of_4","30":"owp-content-center","31":"owp-thumbs-layout-horizontal","32":"owp-btn-normal","33":"owp-tabs-layout-horizontal","34":"has-no-thumbnails"},"acf":[],"_links":{"self":[{"href":"https:\/\/jacekplacek.com.pl\/es\/wp-json\/wp\/v2\/product\/3997","targetHints":{"allow":["GET"]}}],"collection":[{"href":"https:\/\/jacekplacek.com.pl\/es\/wp-json\/wp\/v2\/product"}],"about":[{"href":"https:\/\/jacekplacek.com.pl\/es\/wp-json\/wp\/v2\/types\/product"}],"replies":[{"embeddable":true,"href":"https:\/\/jacekplacek.com.pl\/es\/wp-json\/wp\/v2\/comments?post=3997"}],"wp:featuredmedia":[{"embeddable":true,"href":"https:\/\/jacekplacek.com.pl\/es\/wp-json\/wp\/v2\/media\/1706"}],"wp:attachment":[{"href":"https:\/\/jacekplacek.com.pl\/es\/wp-json\/wp\/v2\/media?parent=3997"}],"wp:term":[{"taxonomy":"product_brand","embeddable":true,"href":"https:\/\/jacekplacek.com.pl\/es\/wp-json\/wp\/v2\/product_brand?post=3997"},{"taxonomy":"product_cat","embeddable":true,"href":"https:\/\/jacekplacek.com.pl\/es\/wp-json\/wp\/v2\/product_cat?post=3997"},{"taxonomy":"product_tag","embeddable":true,"href":"https:\/\/jacekplacek.com.pl\/es\/wp-json\/wp\/v2\/product_tag?post=3997"}],"curies":[{"name":"wp","href":"https:\/\/api.w.org\/{rel}","templated":true}]}}