{"id":3996,"date":"2021-12-08T15:49:40","date_gmt":"2021-12-08T14:49:40","guid":{"rendered":"https:\/\/jacekplacek.com.pl\/?post_type=product&#038;p=3996"},"modified":"2025-11-18T18:27:20","modified_gmt":"2025-11-18T17:27:20","slug":"pan-de-jengibre-arbol-de-navidad","status":"publish","type":"product","link":"https:\/\/jacekplacek.com.pl\/es\/almacenar\/babki-i-makowce\/pan-de-jengibre-arbol-de-navidad\/","title":{"rendered":"\u00c1rbol de Navidad de pan de jengibre"},"content":{"rendered":"<h1>Vacaciones: una \u00e9poca de sabores y tradiciones \u00fanicas<\/h1>\n<p>La Navidad es una \u00e9poca en la que nos reunimos con la familia, decoramos el \u00e1rbol de Navidad y disfrutamos de deliciosos productos horneados tradicionales. El aroma de especias, canela y miel nos acompa\u00f1a durante los preparativos, creando un ambiente inolvidable.<\/p>\n<h2>Galletas de jengibre: un elemento esencial de la Navidad<\/h2>\n<p>El pan de jengibre es uno de los productos horneados navide\u00f1os m\u00e1s caracter\u00edsticos. Han reinado en las mesas durante a\u00f1os en diversas formas: desde casas de jengibre hasta pasteles arom\u00e1ticos. Sus notas dulces y especiadas encajan perfectamente en la atm\u00f3sfera de los d\u00edas de invierno.<\/p>\n<h2>Nuestro pan de jengibre con calabaza en forma de \u00e1rbol de Navidad<\/h2>\n<p>Ofrecemos pan de jengibre navide\u00f1o con calabaza en forma de \u00e1rbol de Navidad, perfecto para la mesa navide\u00f1a. Este pastel picante est\u00e1 enriquecido con calabaza, miel y nuestra propia mezcla de especias de pan de jengibre. La base del pastel es harina de trigo y centeno, lo que le da una estructura \u00fanica. El sabor se complementa con c\u00e1scara de naranja y nueces. Todo est\u00e1 cubierto con glaseado de chocolate, que combina perfectamente con el aroma picante. Nuestro pan de jengibre no s\u00f3lo tiene buen sabor, sino que tambi\u00e9n queda precioso en la mesa navide\u00f1a.<\/p>\n<h3>Otros pasteles navide\u00f1os que vale la pena elegir<\/h3>\n<p>\u00bfBuscas otros productos horneados para las fiestas? Aqu\u00ed est\u00e1n nuestras sugerencias:<\/p>\n<ul>\n<li><strong>Tarta vegana de semillas de amapola<\/strong> \u2013 elaborado a base de ingredientes vegetales, con relleno de semillas de amapola y frutos secos.<\/li>\n<li><strong>pastel de Navidad<\/strong> \u2013 lleno de frutos secos y nueces, perfecto para los amantes de los cl\u00e1sicos.<\/li>\n<li><strong>Tarta de ar\u00e1ndanos con chocolate blanco<\/strong> \u2013 Tarta agridulce sobre base de avena, con una delicada crema de chocolate blanco.<\/li>\n<\/ul>\n<p>Ordene nuestros productos horneados y disfrute del sabor \u00fanico que traer\u00e1 un ambiente festivo a su hogar. \ud83c\udf84<\/p>\n<p>Encontrar\u00e1s otras sugerencias para Navidad\u00a0<strong><a href=\"https:\/\/jacekplacek.com.pl\/es\/categoria-de-producto\/navidad\/\" target=\"_blank\" rel=\"noopener\">aqu\u00ed.<\/a><\/strong><\/p>\n<h3>Informaci\u00f3n del producto:<\/h3>\n<ul>\n<li>Peso aproximado 250 g.<\/li>\n<li>Embalaje: bandeja de papel, l\u00e1mina protectora.<\/li>\n<\/ul>","protected":false},"excerpt":{"rendered":"<h1>Pan de jengibre navide\u00f1o con calabaza en forma de \u00e1rbol de Navidad<\/h1>\n<p>Pastel picante con calabaza, miel y nuestra propia mezcla de especias de jengibre, a base de harina de trigo y centeno, enriquecido con piel de naranja y nueces. Cubierto con glaseado de chocolate.<\/p>","protected":false},"featured_media":8249,"comment_status":"closed","ping_status":"closed","template":"","meta":{"content-type":""},"product_brand":[],"product_cat":[907,81],"product_tag":[436,664,99,444,96,446,445,449,91,95,97,98],"class_list":{"0":"post-3996","1":"product","2":"type-product","3":"status-publish","4":"has-post-thumbnail","6":"product_cat-ciasta-swiateczne","7":"product_cat-babki-i-makowce","8":"product_tag-choinka","9":"product_tag-ciasta-na-boze-narodzenie","10":"product_tag-ciasto-swiateczne","11":"product_tag-cukiernia-jacek-placek","12":"product_tag-dzem","13":"product_tag-jacek-placek-gdansk","14":"product_tag-jacek-placek-gowino","15":"product_tag-jacek-placek-sopot","16":"product_tag-orzechy-wloskie","17":"product_tag-piernik","18":"product_tag-piernik-z-dzemem","19":"product_tag-swieta","21":"entry","22":"has-media","24":"first","25":"instock","26":"shipping-taxable","27":"product-type-simple","28":"has-product-nav","29":"col","30":"span_1_of_4","31":"owp-content-center","32":"owp-thumbs-layout-horizontal","33":"owp-btn-normal","34":"owp-tabs-layout-horizontal","35":"has-no-thumbnails"},"acf":[],"_links":{"self":[{"href":"https:\/\/jacekplacek.com.pl\/es\/wp-json\/wp\/v2\/product\/3996","targetHints":{"allow":["GET"]}}],"collection":[{"href":"https:\/\/jacekplacek.com.pl\/es\/wp-json\/wp\/v2\/product"}],"about":[{"href":"https:\/\/jacekplacek.com.pl\/es\/wp-json\/wp\/v2\/types\/product"}],"replies":[{"embeddable":true,"href":"https:\/\/jacekplacek.com.pl\/es\/wp-json\/wp\/v2\/comments?post=3996"}],"wp:featuredmedia":[{"embeddable":true,"href":"https:\/\/jacekplacek.com.pl\/es\/wp-json\/wp\/v2\/media\/8249"}],"wp:attachment":[{"href":"https:\/\/jacekplacek.com.pl\/es\/wp-json\/wp\/v2\/media?parent=3996"}],"wp:term":[{"taxonomy":"product_brand","embeddable":true,"href":"https:\/\/jacekplacek.com.pl\/es\/wp-json\/wp\/v2\/product_brand?post=3996"},{"taxonomy":"product_cat","embeddable":true,"href":"https:\/\/jacekplacek.com.pl\/es\/wp-json\/wp\/v2\/product_cat?post=3996"},{"taxonomy":"product_tag","embeddable":true,"href":"https:\/\/jacekplacek.com.pl\/es\/wp-json\/wp\/v2\/product_tag?post=3996"}],"curies":[{"name":"wp","href":"https:\/\/api.w.org\/{rel}","templated":true}]}}