{"id":263,"date":"2020-09-08T14:10:49","date_gmt":"2020-09-08T12:10:49","guid":{"rendered":"https:\/\/jacekplacek.com.pl\/?post_type=product&#038;p=263"},"modified":"2025-11-18T18:26:48","modified_gmt":"2025-11-18T17:26:48","slug":"albondigas-deliciosas","status":"publish","type":"product","link":"https:\/\/jacekplacek.com.pl\/es\/almacenar\/pierogi-i-paszteciki\/albondigas-congeladas\/albondigas-deliciosas\/","title":{"rendered":"deliciosas alb\u00f3ndigas"},"content":{"rendered":"<p>Alb\u00f3ndigas exquisitas: con repollo y champi\u00f1ones, son unas alb\u00f3ndigas caseras \u00fanicas, elaboradas con masa elaborada seg\u00fan una antigua receta familiar. Su maravilloso sabor satisfar\u00e1 a todos los gourmets. Nuestras empanadillas est\u00e1n elaboradas con ingredientes de la m\u00e1s alta calidad, por lo que su sabor y aroma son \u00fanicos.<\/p>\n<p>Los ofrecemos congelados, en paquetes de un peso aproximado de 0,4 kg. El paquete contiene aproximadamente 13 piezas de bolas de masa.<\/p>\n<p>\u00a1Echa un vistazo a nuestra oferta y siente el sabor de las aut\u00e9nticas alb\u00f3ndigas caseras!<\/p>\n<p><strong><a href=\"https:\/\/jacekplacek.com.pl\/es\/categoria-de-producto\/bocadillos-y-albondigas\/albondigas-congeladas\/\">Te invitamos a familiarizarte con nuestros otros sabores.<\/a><\/strong><\/p>","protected":false},"excerpt":{"rendered":"<p>Empanadillas elaboradas con masa tradicional casera rellenas de col y champi\u00f1ones. El paquete contiene aproximadamente 13 piezas de bolas de masa.<\/p>","protected":false},"featured_media":8545,"comment_status":"closed","ping_status":"closed","template":"","meta":{"content-type":""},"product_brand":[],"product_cat":[82],"product_tag":[444,446,445,449,103,607,111,110],"class_list":{"0":"post-263","1":"product","2":"type-product","3":"status-publish","4":"has-post-thumbnail","6":"product_cat-pierogi-mrozone","7":"product_tag-cukiernia-jacek-placek","8":"product_tag-jacek-placek-gdansk","9":"product_tag-jacek-placek-gowino","10":"product_tag-jacek-placek-sopot","11":"product_tag-pierogi","12":"product_tag-pierogi-wysmienite","13":"product_tag-z-grzybami","14":"product_tag-z-kapusta","16":"entry","17":"has-media","19":"first","20":"instock","21":"shipping-taxable","22":"product-type-simple","23":"has-product-nav","24":"col","25":"span_1_of_4","26":"owp-content-center","27":"owp-thumbs-layout-horizontal","28":"owp-btn-normal","29":"owp-tabs-layout-horizontal"},"acf":[],"_links":{"self":[{"href":"https:\/\/jacekplacek.com.pl\/es\/wp-json\/wp\/v2\/product\/263","targetHints":{"allow":["GET"]}}],"collection":[{"href":"https:\/\/jacekplacek.com.pl\/es\/wp-json\/wp\/v2\/product"}],"about":[{"href":"https:\/\/jacekplacek.com.pl\/es\/wp-json\/wp\/v2\/types\/product"}],"replies":[{"embeddable":true,"href":"https:\/\/jacekplacek.com.pl\/es\/wp-json\/wp\/v2\/comments?post=263"}],"wp:featuredmedia":[{"embeddable":true,"href":"https:\/\/jacekplacek.com.pl\/es\/wp-json\/wp\/v2\/media\/8545"}],"wp:attachment":[{"href":"https:\/\/jacekplacek.com.pl\/es\/wp-json\/wp\/v2\/media?parent=263"}],"wp:term":[{"taxonomy":"product_brand","embeddable":true,"href":"https:\/\/jacekplacek.com.pl\/es\/wp-json\/wp\/v2\/product_brand?post=263"},{"taxonomy":"product_cat","embeddable":true,"href":"https:\/\/jacekplacek.com.pl\/es\/wp-json\/wp\/v2\/product_cat?post=263"},{"taxonomy":"product_tag","embeddable":true,"href":"https:\/\/jacekplacek.com.pl\/es\/wp-json\/wp\/v2\/product_tag?post=263"}],"curies":[{"name":"wp","href":"https:\/\/api.w.org\/{rel}","templated":true}]}}