{"id":256,"date":"2020-09-08T13:58:59","date_gmt":"2020-09-08T11:58:59","guid":{"rendered":"https:\/\/jacekplacek.com.pl\/?post_type=product&#038;p=256"},"modified":"2025-11-18T18:26:47","modified_gmt":"2025-11-18T17:26:47","slug":"las-albondigas-de-maciusia","status":"publish","type":"product","link":"https:\/\/jacekplacek.com.pl\/es\/almacenar\/pierogi-i-paszteciki\/albondigas-congeladas\/las-albondigas-de-maciusia\/","title":{"rendered":"Alb\u00f3ndigas de Maciu\u015b"},"content":{"rendered":"<p>Pierogi Maciusia: con reques\u00f3n, estos pierogi caseros \u00fanicos, hechos con masa preparada seg\u00fan una antigua receta familiar. Su maravilloso sabor satisfar\u00e1 a cualquier gourmet. Nuestras empanadillas est\u00e1n elaboradas con ingredientes de la m\u00e1s alta calidad, por lo que su sabor y aroma son \u00fanicos.<\/p>\n<p>Los ofrecemos congelados, en paquetes de un peso aproximado de 0,4 kg. El paquete contiene aproximadamente 13 piezas de bolas de masa.<\/p>\n<p>\u00a1Echa un vistazo a nuestra oferta y siente el sabor de las aut\u00e9nticas alb\u00f3ndigas caseras!<\/p>\n<p><strong><a href=\"https:\/\/jacekplacek.com.pl\/es\/categoria-de-producto\/bocadillos-y-albondigas\/albondigas-congeladas\/\">Te invitamos a familiarizarte con nuestros otros sabores.<\/a><\/strong><\/p>","protected":false},"excerpt":{"rendered":"<p>Pierogi elaborados con masa casera tradicional con un relleno de reques\u00f3n dulce.<\/p>\n<p>El paquete contiene aproximadamente 13 empanadillas.<\/p>","protected":false},"featured_media":10152,"comment_status":"closed","ping_status":"closed","template":"","meta":{"content-type":""},"product_brand":[],"product_cat":[82],"product_tag":[444,63,446,445,449,688,103,104,105,106],"class_list":{"0":"post-256","1":"product","2":"type-product","3":"status-publish","4":"has-post-thumbnail","6":"product_cat-pierogi-mrozone","7":"product_tag-cukiernia-jacek-placek","8":"product_tag-deser","9":"product_tag-jacek-placek-gdansk","10":"product_tag-jacek-placek-gowino","11":"product_tag-jacek-placek-sopot","12":"product_tag-obiad","13":"product_tag-pierogi","14":"product_tag-pierogi-na-slodko","15":"product_tag-pierogi-z-twarogiem","16":"product_tag-twarog","18":"entry","19":"has-media","21":"first","22":"instock","23":"shipping-taxable","24":"product-type-simple","25":"has-product-nav","26":"col","27":"span_1_of_4","28":"owp-content-center","29":"owp-thumbs-layout-horizontal","30":"owp-btn-normal","31":"owp-tabs-layout-horizontal"},"acf":[],"_links":{"self":[{"href":"https:\/\/jacekplacek.com.pl\/es\/wp-json\/wp\/v2\/product\/256","targetHints":{"allow":["GET"]}}],"collection":[{"href":"https:\/\/jacekplacek.com.pl\/es\/wp-json\/wp\/v2\/product"}],"about":[{"href":"https:\/\/jacekplacek.com.pl\/es\/wp-json\/wp\/v2\/types\/product"}],"replies":[{"embeddable":true,"href":"https:\/\/jacekplacek.com.pl\/es\/wp-json\/wp\/v2\/comments?post=256"}],"wp:featuredmedia":[{"embeddable":true,"href":"https:\/\/jacekplacek.com.pl\/es\/wp-json\/wp\/v2\/media\/10152"}],"wp:attachment":[{"href":"https:\/\/jacekplacek.com.pl\/es\/wp-json\/wp\/v2\/media?parent=256"}],"wp:term":[{"taxonomy":"product_brand","embeddable":true,"href":"https:\/\/jacekplacek.com.pl\/es\/wp-json\/wp\/v2\/product_brand?post=256"},{"taxonomy":"product_cat","embeddable":true,"href":"https:\/\/jacekplacek.com.pl\/es\/wp-json\/wp\/v2\/product_cat?post=256"},{"taxonomy":"product_tag","embeddable":true,"href":"https:\/\/jacekplacek.com.pl\/es\/wp-json\/wp\/v2\/product_tag?post=256"}],"curies":[{"name":"wp","href":"https:\/\/api.w.org\/{rel}","templated":true}]}}