{"id":207,"date":"2020-09-08T12:47:20","date_gmt":"2020-09-08T10:47:20","guid":{"rendered":"https:\/\/jacekplacek.com.pl\/?post_type=product&#038;p=207"},"modified":"2025-11-18T18:28:52","modified_gmt":"2025-11-18T17:28:52","slug":"tarta-de-queso-isauro","status":"publish","type":"product","link":"https:\/\/jacekplacek.com.pl\/es\/almacenar\/pasteles-de-queso-todos\/tartas-de-queso\/tarta-de-queso-isauro\/","title":{"rendered":"tarta de queso izaura"},"content":{"rendered":"<p><strong>La tarta de queso Izaura combina una deliciosa masa de queso y una tarta de chocolate negro, que sube de forma muy irregular creando interesantes dibujos, visibles tras cortar la tarta.<\/strong><\/p>\n<p>Esta receta caus\u00f3 sensaci\u00f3n en los a\u00f1os 80 del siglo XX, en paralelo con la popular serie brasile\u00f1a &quot;Slave Isaura&quot;, de la que debe su nombre.<\/p>\n<p>Otros tipos de tartas de queso disponibles\u00a0<strong><a href=\"https:\/\/jacekplacek.com.pl\/es\/categoria-de-producto\/pasteles-de-queso-todos\/\" target=\"_blank\" rel=\"noopener\">aqu\u00ed.<\/a><\/strong><\/p>","protected":false},"excerpt":{"rendered":"<p><span data-sheets-root=\"1\">Una combinaci\u00f3n de masa de brownie y una masa de queso hecha a partir de reques\u00f3n homogeneizado. Los patrones irregulares y el glaseado de chocolate distinguen a esta tarta de queso sin pasas.<\/span><\/p>","protected":false},"featured_media":10643,"comment_status":"closed","ping_status":"closed","template":"","meta":{"content-type":""},"product_brand":[],"product_cat":[60],"product_tag":[421,71,444,70,446,445,449,73,72,61],"class_list":{"0":"post-207","1":"product","2":"type-product","3":"status-publish","4":"has-post-thumbnail","6":"product_cat-serniki","7":"product_tag-ciasta-swiateczne","8":"product_tag-ciasto-murzynkowe","9":"product_tag-cukiernia-jacek-placek","10":"product_tag-izaura","11":"product_tag-jacek-placek-gdansk","12":"product_tag-jacek-placek-gowino","13":"product_tag-jacek-placek-sopot","14":"product_tag-masa-z-serkow","15":"product_tag-polewa-czekoladowa","16":"product_tag-sernik","18":"entry","19":"has-media","21":"first","22":"instock","23":"shipping-taxable","24":"product-type-variable","25":"has-default-attributes","26":"has-product-nav","27":"col","28":"span_1_of_4","29":"owp-content-center","30":"owp-thumbs-layout-horizontal","31":"owp-btn-normal","32":"owp-tabs-layout-horizontal"},"acf":[],"_links":{"self":[{"href":"https:\/\/jacekplacek.com.pl\/es\/wp-json\/wp\/v2\/product\/207","targetHints":{"allow":["GET"]}}],"collection":[{"href":"https:\/\/jacekplacek.com.pl\/es\/wp-json\/wp\/v2\/product"}],"about":[{"href":"https:\/\/jacekplacek.com.pl\/es\/wp-json\/wp\/v2\/types\/product"}],"replies":[{"embeddable":true,"href":"https:\/\/jacekplacek.com.pl\/es\/wp-json\/wp\/v2\/comments?post=207"}],"wp:featuredmedia":[{"embeddable":true,"href":"https:\/\/jacekplacek.com.pl\/es\/wp-json\/wp\/v2\/media\/10643"}],"wp:attachment":[{"href":"https:\/\/jacekplacek.com.pl\/es\/wp-json\/wp\/v2\/media?parent=207"}],"wp:term":[{"taxonomy":"product_brand","embeddable":true,"href":"https:\/\/jacekplacek.com.pl\/es\/wp-json\/wp\/v2\/product_brand?post=207"},{"taxonomy":"product_cat","embeddable":true,"href":"https:\/\/jacekplacek.com.pl\/es\/wp-json\/wp\/v2\/product_cat?post=207"},{"taxonomy":"product_tag","embeddable":true,"href":"https:\/\/jacekplacek.com.pl\/es\/wp-json\/wp\/v2\/product_tag?post=207"}],"curies":[{"name":"wp","href":"https:\/\/api.w.org\/{rel}","templated":true}]}}