{"id":2005,"date":"2021-02-03T20:27:28","date_gmt":"2021-02-03T19:27:28","guid":{"rendered":"https:\/\/jacekplacek.com.pl\/?post_type=product&#038;p=2005"},"modified":"2025-12-16T15:38:40","modified_gmt":"2025-12-16T14:38:40","slug":"bizcochos-de-torta-con-girasol-2","status":"publish","type":"product","link":"https:\/\/jacekplacek.com.pl\/es\/almacenar\/galletas-y-galletas\/galletas-2\/bizcochos-de-torta-con-girasol-2\/","title":{"rendered":"Galletas veganas FIT"},"content":{"rendered":"<p>Qu\u00e9 bueno combinar una debilidad por las galletas crujientes con un intento de complementar tu dieta con semillas valiosas...<\/p>\n<p><span style=\"font-weight: 400;\">Descubre el gran sabor de nuestras exclusivas galletas veganas FIT. Nuestra combinaci\u00f3n cuidadosamente seleccionada de ingredientes hace que estas galletas no solo tengan un excelente sabor, sino que tambi\u00e9n brinden numerosos beneficios a su salud. <\/span><\/p>\n<p><span style=\"font-weight: 400;\">La abundancia de cereales, fibra y nutrientes los hace nutritivos y saciantes. Adem\u00e1s, tienen un contenido reducido de gluten y productos animales. <span style=\"color: #000000;\">(Debido a la falta de una l\u00ednea de producci\u00f3n separada, el producto puede contener trazas de gluten y otros al\u00e9rgenos. La planta utiliza: harina, huevos, frutos secos, s\u00e9samo y leche, por lo que cada producto puede contener trazas de los al\u00e9rgenos mencionados, incluso si son no especificado en la descripci\u00f3n y lista de ingredientes.)<\/span><\/span><\/p>\n<p><span style=\"font-weight: 400;\">Disfruta del delicioso sabor sin renunciar a las propiedades beneficiosas.<\/span><\/p>\n<p>&nbsp;<\/p>\n<p>&nbsp;<\/p>","protected":false},"excerpt":{"rendered":"<p><span style=\"font-weight: 400;\">Te invitamos a probar nuestras inusuales galletas veganas FIT. <\/span><\/p>\n<p><span style=\"font-weight: 400;\">No solo sabr\u00e1n muy bien, sino que tambi\u00e9n le proporcionar\u00e1n a tu cuerpo los nutrientes necesarios, brind\u00e1ndote el placer de comer de forma saludable.<\/span><\/p>","protected":false},"featured_media":9884,"comment_status":"closed","ping_status":"closed","template":"","meta":{"content-type":""},"product_brand":[],"product_cat":[121],"product_tag":[348,454,444,446,445,449,354,355],"class_list":{"0":"post-2005","1":"product","2":"type-product","3":"status-publish","4":"has-post-thumbnail","6":"product_cat-ciasteczka","7":"product_tag-ciasteczka-kruche","8":"product_tag-ciasteczka-na-wage","9":"product_tag-cukiernia-jacek-placek","10":"product_tag-jacek-placek-gdansk","11":"product_tag-jacek-placek-gowino","12":"product_tag-jacek-placek-sopot","13":"product_tag-z-nasionami","14":"product_tag-ze-slonecznikiem","16":"entry","17":"has-media","19":"first","20":"outofstock","21":"shipping-taxable","22":"product-type-variable","23":"has-default-attributes","24":"has-product-nav","25":"col","26":"span_1_of_4","27":"owp-content-center","28":"owp-thumbs-layout-horizontal","29":"owp-btn-normal","30":"owp-tabs-layout-horizontal"},"acf":[],"_links":{"self":[{"href":"https:\/\/jacekplacek.com.pl\/es\/wp-json\/wp\/v2\/product\/2005","targetHints":{"allow":["GET"]}}],"collection":[{"href":"https:\/\/jacekplacek.com.pl\/es\/wp-json\/wp\/v2\/product"}],"about":[{"href":"https:\/\/jacekplacek.com.pl\/es\/wp-json\/wp\/v2\/types\/product"}],"replies":[{"embeddable":true,"href":"https:\/\/jacekplacek.com.pl\/es\/wp-json\/wp\/v2\/comments?post=2005"}],"wp:featuredmedia":[{"embeddable":true,"href":"https:\/\/jacekplacek.com.pl\/es\/wp-json\/wp\/v2\/media\/9884"}],"wp:attachment":[{"href":"https:\/\/jacekplacek.com.pl\/es\/wp-json\/wp\/v2\/media?parent=2005"}],"wp:term":[{"taxonomy":"product_brand","embeddable":true,"href":"https:\/\/jacekplacek.com.pl\/es\/wp-json\/wp\/v2\/product_brand?post=2005"},{"taxonomy":"product_cat","embeddable":true,"href":"https:\/\/jacekplacek.com.pl\/es\/wp-json\/wp\/v2\/product_cat?post=2005"},{"taxonomy":"product_tag","embeddable":true,"href":"https:\/\/jacekplacek.com.pl\/es\/wp-json\/wp\/v2\/product_tag?post=2005"}],"curies":[{"name":"wp","href":"https:\/\/api.w.org\/{rel}","templated":true}]}}