{"id":185,"date":"2020-09-03T12:53:32","date_gmt":"2020-09-03T10:53:32","guid":{"rendered":"https:\/\/jacekplacek.com.pl\/?post_type=product&#038;p=185"},"modified":"2025-11-18T18:27:22","modified_gmt":"2025-11-18T17:27:22","slug":"mini-empanadas-deliciosas","status":"publish","type":"product","link":"https:\/\/jacekplacek.com.pl\/es\/almacenar\/pierogi-i-paszteciki\/empanadas\/mini-empanadas-deliciosas\/","title":{"rendered":"Deliciosas mini empanadas"},"content":{"rendered":"<p>Es dif\u00edcil imaginar el mundo actual sin hojaldre. \u00bfQu\u00e9 har\u00eda un parisino sin su croissant de caf\u00e9, por no hablar de las tartas de crema papal... Los polacos, por otro lado, adoran los bocadillos de hojaldre salados, preferiblemente con borscht puro.<\/p>\n<p>En un paquete de 1 kg hay aproximadamente 40 hamburguesas.<\/p>\n<p><span style=\"font-weight: 400;\">Esta masa de hoja tambi\u00e9n se utiliza en nuestra reposter\u00eda para hacer empanadas rellenas de espinacas, queso feta y carne, repollo y champi\u00f1ones - encontrar\u00e1<strong><a href=\"https:\/\/jacekplacek.com.pl\/es\/categoria-de-producto\/bocadillos-y-albondigas\/empanadas\/\" target=\"_blank\" rel=\"noopener\"> aqu\u00ed\u2026<\/a><\/strong><\/span><\/p>","protected":false},"excerpt":{"rendered":"<p align=\"justify\">Fieles a su nombre, tienen un sabor delicioso. Una deliciosa combinaci\u00f3n de repollo y champi\u00f1ones sobre hojaldre elaborado exclusivamente con mantequilla. En un paquete de 1 kg hay aproximadamente 40 hamburguesas.<\/p>\n<p align=\"justify\">","protected":false},"featured_media":373,"comment_status":"closed","ping_status":"closed","template":"","meta":{"content-type":""},"product_brand":[],"product_cat":[37],"product_tag":[42,444,41,446,445,449,40,50,38,44,43],"class_list":{"0":"post-185","1":"product","2":"type-product","3":"status-publish","4":"has-post-thumbnail","6":"product_cat-paszteciki","7":"product_tag-ciasto-francuskie","8":"product_tag-cukiernia-jacek-placek","9":"product_tag-grzyby","10":"product_tag-jacek-placek-gdansk","11":"product_tag-jacek-placek-gowino","12":"product_tag-jacek-placek-sopot","13":"product_tag-kapusta","14":"product_tag-mini-paszteciki","15":"product_tag-paszteciki","16":"product_tag-pieczarki","17":"product_tag-przekaska","19":"entry","20":"has-media","22":"first","23":"instock","24":"shipping-taxable","25":"product-type-variable","26":"has-default-attributes","27":"has-product-nav","28":"col","29":"span_1_of_4","30":"owp-content-center","31":"owp-thumbs-layout-horizontal","32":"owp-btn-normal","33":"owp-tabs-layout-horizontal"},"acf":[],"_links":{"self":[{"href":"https:\/\/jacekplacek.com.pl\/es\/wp-json\/wp\/v2\/product\/185","targetHints":{"allow":["GET"]}}],"collection":[{"href":"https:\/\/jacekplacek.com.pl\/es\/wp-json\/wp\/v2\/product"}],"about":[{"href":"https:\/\/jacekplacek.com.pl\/es\/wp-json\/wp\/v2\/types\/product"}],"replies":[{"embeddable":true,"href":"https:\/\/jacekplacek.com.pl\/es\/wp-json\/wp\/v2\/comments?post=185"}],"wp:featuredmedia":[{"embeddable":true,"href":"https:\/\/jacekplacek.com.pl\/es\/wp-json\/wp\/v2\/media\/373"}],"wp:attachment":[{"href":"https:\/\/jacekplacek.com.pl\/es\/wp-json\/wp\/v2\/media?parent=185"}],"wp:term":[{"taxonomy":"product_brand","embeddable":true,"href":"https:\/\/jacekplacek.com.pl\/es\/wp-json\/wp\/v2\/product_brand?post=185"},{"taxonomy":"product_cat","embeddable":true,"href":"https:\/\/jacekplacek.com.pl\/es\/wp-json\/wp\/v2\/product_cat?post=185"},{"taxonomy":"product_tag","embeddable":true,"href":"https:\/\/jacekplacek.com.pl\/es\/wp-json\/wp\/v2\/product_tag?post=185"}],"curies":[{"name":"wp","href":"https:\/\/api.w.org\/{rel}","templated":true}]}}