{"id":181,"date":"2020-09-03T12:38:25","date_gmt":"2020-09-03T10:38:25","guid":{"rendered":"https:\/\/jacekplacek.com.pl\/?post_type=product&#038;p=181"},"modified":"2025-11-18T18:26:45","modified_gmt":"2025-11-18T17:26:45","slug":"caza-empanadas-copia","status":"publish","type":"product","link":"https:\/\/jacekplacek.com.pl\/es\/almacenar\/pierogi-i-paszteciki\/empanadas\/caza-empanadas-copia\/","title":{"rendered":"Empanadas de caza 100g\/pc"},"content":{"rendered":"<p>Es dif\u00edcil imaginar el mundo actual sin hojaldre. \u00bfQu\u00e9 har\u00eda un parisino sin su croissant de caf\u00e9, por no hablar de las tartas de crema papal... Los polacos, por otro lado, adoran los bocadillos de hojaldre salados, preferiblemente con borscht puro.<\/p>\n<p><span style=\"font-weight: 400;\">Esta masa de hojas tambi\u00e9n se utiliza en nuestra reposter\u00eda para hacer empanadas rellenas de espinacas y queso feta, as\u00ed como de repollo y champi\u00f1ones - encontrar\u00e1<strong><a href=\"https:\/\/jacekplacek.com.pl\/es\/categoria-de-producto\/bocadillos-y-albondigas\/empanadas\/\" target=\"_blank\" rel=\"noopener\"> aqu\u00ed\u2026<\/a><\/strong><\/span><\/p>","protected":false},"excerpt":{"rendered":"<p>Un sabroso refrigerio con carne con la adici\u00f3n de repollo y champi\u00f1ones, en hojaldre hecho solo con mantequilla.<\/p>","protected":false},"featured_media":277,"comment_status":"closed","ping_status":"closed","template":"","meta":{"content-type":""},"product_brand":[],"product_cat":[37],"product_tag":[42,444,41,446,445,449,40,39,38,43],"class_list":{"0":"post-181","1":"product","2":"type-product","3":"status-publish","4":"has-post-thumbnail","6":"product_cat-paszteciki","7":"product_tag-ciasto-francuskie","8":"product_tag-cukiernia-jacek-placek","9":"product_tag-grzyby","10":"product_tag-jacek-placek-gdansk","11":"product_tag-jacek-placek-gowino","12":"product_tag-jacek-placek-sopot","13":"product_tag-kapusta","14":"product_tag-mieso","15":"product_tag-paszteciki","16":"product_tag-przekaska","18":"entry","19":"has-media","21":"first","22":"instock","23":"shipping-taxable","24":"product-type-simple","25":"has-product-nav","26":"col","27":"span_1_of_4","28":"owp-content-center","29":"owp-thumbs-layout-horizontal","30":"owp-btn-normal","31":"owp-tabs-layout-horizontal","32":"has-no-thumbnails"},"acf":[],"_links":{"self":[{"href":"https:\/\/jacekplacek.com.pl\/es\/wp-json\/wp\/v2\/product\/181","targetHints":{"allow":["GET"]}}],"collection":[{"href":"https:\/\/jacekplacek.com.pl\/es\/wp-json\/wp\/v2\/product"}],"about":[{"href":"https:\/\/jacekplacek.com.pl\/es\/wp-json\/wp\/v2\/types\/product"}],"replies":[{"embeddable":true,"href":"https:\/\/jacekplacek.com.pl\/es\/wp-json\/wp\/v2\/comments?post=181"}],"wp:featuredmedia":[{"embeddable":true,"href":"https:\/\/jacekplacek.com.pl\/es\/wp-json\/wp\/v2\/media\/277"}],"wp:attachment":[{"href":"https:\/\/jacekplacek.com.pl\/es\/wp-json\/wp\/v2\/media?parent=181"}],"wp:term":[{"taxonomy":"product_brand","embeddable":true,"href":"https:\/\/jacekplacek.com.pl\/es\/wp-json\/wp\/v2\/product_brand?post=181"},{"taxonomy":"product_cat","embeddable":true,"href":"https:\/\/jacekplacek.com.pl\/es\/wp-json\/wp\/v2\/product_cat?post=181"},{"taxonomy":"product_tag","embeddable":true,"href":"https:\/\/jacekplacek.com.pl\/es\/wp-json\/wp\/v2\/product_tag?post=181"}],"curies":[{"name":"wp","href":"https:\/\/api.w.org\/{rel}","templated":true}]}}