{"id":178,"date":"2020-09-03T12:22:32","date_gmt":"2020-09-03T10:22:32","guid":{"rendered":"https:\/\/jacekplacek.com.pl\/?post_type=product&#038;p=178"},"modified":"2025-11-18T18:26:45","modified_gmt":"2025-11-18T17:26:45","slug":"empanadas-de-caza","status":"publish","type":"product","link":"https:\/\/jacekplacek.com.pl\/es\/almacenar\/pierogi-i-paszteciki\/empanadas\/empanadas-de-caza\/","title":{"rendered":"Deliciosas empanadas 100g\/pc"},"content":{"rendered":"<p>Es dif\u00edcil imaginar el mundo actual sin hojaldre. \u00bfQu\u00e9 har\u00eda un parisino sin su croissant de caf\u00e9, por no hablar de las tartas de crema papal... Los polacos, por otro lado, adoran los bocadillos de hojaldre salados, preferiblemente con borscht puro.<\/p>\n<p><span style=\"font-weight: 400;\">Esta masa de hoja tambi\u00e9n se utiliza en nuestra reposter\u00eda para hacer empanadas rellenas de espinacas, queso feta y carne, repollo y champi\u00f1ones - encontrar\u00e1<strong><a href=\"https:\/\/jacekplacek.com.pl\/es\/categoria-de-producto\/bocadillos-y-albondigas\/empanadas\/\" target=\"_blank\" rel=\"noopener\"> aqu\u00ed\u2026<\/a><\/strong><\/span><\/p>","protected":false},"excerpt":{"rendered":"<p>Fieles a su nombre, son deliciosos en sabor. Una deliciosa combinaci\u00f3n de repollo y champi\u00f1ones, sobre hojaldre hecho solo con mantequilla.<\/p>","protected":false},"featured_media":281,"comment_status":"closed","ping_status":"closed","template":"","meta":{"content-type":""},"product_brand":[],"product_cat":[37],"product_tag":[42,444,41,446,445,449,40,38,44,43],"class_list":{"0":"post-178","1":"product","2":"type-product","3":"status-publish","4":"has-post-thumbnail","6":"product_cat-paszteciki","7":"product_tag-ciasto-francuskie","8":"product_tag-cukiernia-jacek-placek","9":"product_tag-grzyby","10":"product_tag-jacek-placek-gdansk","11":"product_tag-jacek-placek-gowino","12":"product_tag-jacek-placek-sopot","13":"product_tag-kapusta","14":"product_tag-paszteciki","15":"product_tag-pieczarki","16":"product_tag-przekaska","18":"entry","19":"has-media","21":"first","22":"instock","23":"shipping-taxable","24":"product-type-simple","25":"has-product-nav","26":"col","27":"span_1_of_4","28":"owp-content-center","29":"owp-thumbs-layout-horizontal","30":"owp-btn-normal","31":"owp-tabs-layout-horizontal"},"acf":[],"_links":{"self":[{"href":"https:\/\/jacekplacek.com.pl\/es\/wp-json\/wp\/v2\/product\/178","targetHints":{"allow":["GET"]}}],"collection":[{"href":"https:\/\/jacekplacek.com.pl\/es\/wp-json\/wp\/v2\/product"}],"about":[{"href":"https:\/\/jacekplacek.com.pl\/es\/wp-json\/wp\/v2\/types\/product"}],"replies":[{"embeddable":true,"href":"https:\/\/jacekplacek.com.pl\/es\/wp-json\/wp\/v2\/comments?post=178"}],"wp:featuredmedia":[{"embeddable":true,"href":"https:\/\/jacekplacek.com.pl\/es\/wp-json\/wp\/v2\/media\/281"}],"wp:attachment":[{"href":"https:\/\/jacekplacek.com.pl\/es\/wp-json\/wp\/v2\/media?parent=178"}],"wp:term":[{"taxonomy":"product_brand","embeddable":true,"href":"https:\/\/jacekplacek.com.pl\/es\/wp-json\/wp\/v2\/product_brand?post=178"},{"taxonomy":"product_cat","embeddable":true,"href":"https:\/\/jacekplacek.com.pl\/es\/wp-json\/wp\/v2\/product_cat?post=178"},{"taxonomy":"product_tag","embeddable":true,"href":"https:\/\/jacekplacek.com.pl\/es\/wp-json\/wp\/v2\/product_tag?post=178"}],"curies":[{"name":"wp","href":"https:\/\/api.w.org\/{rel}","templated":true}]}}