{"id":14646,"date":"2024-11-15T13:03:56","date_gmt":"2024-11-15T12:03:56","guid":{"rendered":"https:\/\/jacekplacek.com.pl\/?post_type=product&#038;p=14646"},"modified":"2025-11-18T18:31:26","modified_gmt":"2025-11-18T17:31:26","slug":"pastel-japones-de-semillas-de-amapola-sin-harina","status":"publish","type":"product","link":"https:\/\/jacekplacek.com.pl\/es\/almacenar\/babki-i-makowce\/pastel-japones-de-semillas-de-amapola-sin-harina\/","title":{"rendered":"Pastel japon\u00e9s de semillas de amapola \u2013 sin harina"},"content":{"rendered":"<p><strong>Pastel japon\u00e9s de semillas de amapola sin harina<\/strong> es la elecci\u00f3n perfecta para la mesa navide\u00f1a: saludable, ligera y al mismo tiempo llena de sabores tradicionales que se asocian a la calidez y el ambiente familiar. Tambi\u00e9n es perfecto como postre para ocasiones especiales o como dulce acompa\u00f1ado de una taza de caf\u00e9 o t\u00e9. \u00a1Disfruta de las fiestas con este horneado \u00fanico que combina sencillez y sofisticaci\u00f3n!<\/p>\n<p>La base de este pastel de semillas de amapola son las semillas de amapola, que le dan un rico car\u00e1cter ligeramente a nuez. El sutil dulzor obtenido gracias a ingredientes naturales realza el sabor de las semillas de amapola y una delicada nota de vainilla completa el conjunto. Decorado con un ligero glaseado de chocolate o una pizca de az\u00facar en polvo, el pastel de semillas de amapola tiene un aspecto elegante y apetitoso.<\/p>","protected":false},"excerpt":{"rendered":"<p><span data-sheets-root=\"1\">Masa de semillas de amapola h\u00fameda y esponjosa con frutos secos, manzanas y harina de mijo y un fuerte aroma a almendras. Nuestra receta no contiene harina, por lo que es amigable para personas que evitan el gluten.<\/span><\/p>","protected":false},"featured_media":14657,"comment_status":"closed","ping_status":"closed","template":"","meta":{"content-type":""},"product_brand":[],"product_cat":[81,907],"product_tag":[557,866,868,867,99,854,444,446,445,449,141,865],"class_list":{"0":"post-14646","1":"product","2":"type-product","3":"status-publish","4":"has-post-thumbnail","6":"product_cat-babki-i-makowce","7":"product_cat-ciasta-swiateczne","8":"product_tag-ciasto-bez-maki","9":"product_tag-ciasto-bezglutenowe","10":"product_tag-ciasto-boze-narodzenie","11":"product_tag-ciasto-specjalistyczne","12":"product_tag-ciasto-swiateczne","13":"product_tag-cukiernia-gdansk","14":"product_tag-cukiernia-jacek-placek","15":"product_tag-jacek-placek-gdansk","16":"product_tag-jacek-placek-gowino","17":"product_tag-jacek-placek-sopot","18":"product_tag-makowiec","19":"product_tag-makowiec-japonski","21":"entry","22":"has-media","24":"first","25":"instock","26":"shipping-taxable","27":"product-type-variable","28":"has-product-nav","29":"col","30":"span_1_of_4","31":"owp-content-center","32":"owp-thumbs-layout-horizontal","33":"owp-btn-normal","34":"owp-tabs-layout-horizontal"},"acf":[],"_links":{"self":[{"href":"https:\/\/jacekplacek.com.pl\/es\/wp-json\/wp\/v2\/product\/14646","targetHints":{"allow":["GET"]}}],"collection":[{"href":"https:\/\/jacekplacek.com.pl\/es\/wp-json\/wp\/v2\/product"}],"about":[{"href":"https:\/\/jacekplacek.com.pl\/es\/wp-json\/wp\/v2\/types\/product"}],"replies":[{"embeddable":true,"href":"https:\/\/jacekplacek.com.pl\/es\/wp-json\/wp\/v2\/comments?post=14646"}],"wp:featuredmedia":[{"embeddable":true,"href":"https:\/\/jacekplacek.com.pl\/es\/wp-json\/wp\/v2\/media\/14657"}],"wp:attachment":[{"href":"https:\/\/jacekplacek.com.pl\/es\/wp-json\/wp\/v2\/media?parent=14646"}],"wp:term":[{"taxonomy":"product_brand","embeddable":true,"href":"https:\/\/jacekplacek.com.pl\/es\/wp-json\/wp\/v2\/product_brand?post=14646"},{"taxonomy":"product_cat","embeddable":true,"href":"https:\/\/jacekplacek.com.pl\/es\/wp-json\/wp\/v2\/product_cat?post=14646"},{"taxonomy":"product_tag","embeddable":true,"href":"https:\/\/jacekplacek.com.pl\/es\/wp-json\/wp\/v2\/product_tag?post=14646"}],"curies":[{"name":"wp","href":"https:\/\/api.w.org\/{rel}","templated":true}]}}