{"id":14627,"date":"2024-11-14T16:50:42","date_gmt":"2024-11-14T15:50:42","guid":{"rendered":"https:\/\/jacekplacek.com.pl\/?post_type=product&#038;p=14627"},"modified":"2025-11-18T18:31:26","modified_gmt":"2025-11-18T17:31:26","slug":"tarta-de-chocolate-y-pan-de-jengibre","status":"publish","type":"product","link":"https:\/\/jacekplacek.com.pl\/es\/almacenar\/tartas\/tarta-de-chocolate-y-pan-de-jengibre\/","title":{"rendered":"Tarta de chocolate y pan de jengibre"},"content":{"rendered":"<p>Prep\u00e1rate para un aut\u00e9ntico fest\u00edn de sabor con los nuestros <strong>Tarta De Chocolate Y Pan De Jengibre<\/strong> \u2013 una combinaci\u00f3n perfecta de profundo aroma de especias y chocolate intenso y aterciopelado. Este es un postre elegante que combina sabores tradicionales navide\u00f1os con un acabado moderno.<\/p>\n<p>La base de esta tarta es una delicada y h\u00fameda masa de pan de jengibre, elaborada con nuestra propia mezcla de especias. La canela, el clavo, la nuez moscada y el jengibre impregnan cada bocado, d\u00e1ndole un aroma c\u00e1lido y caracter\u00edstico que te pone perfectamente en el ambiente navide\u00f1o.<\/p>\n<p>Sobre la base de pan de jengibre hay una capa de mermelada casera con ar\u00e1ndanos, que con su nota ligeramente \u00e1cida rompen perfectamente el dulzor y enfatizan la riqueza del sabor. Todo est\u00e1 cubierto con un glaseado de chocolate suave e intenso, que a\u00f1ade aterciopelado y profundidad al postre, al tiempo que contrasta maravillosamente con el car\u00e1cter picante de la tarta.<\/p>","protected":false},"excerpt":{"rendered":"<p><span data-sheets-root=\"1\">Piernikowy sp\u00f3d z autorsk\u0105 mieszank\u0105 przypraw korzennych, domowe powid\u0142a \u017curawinowe i intensywna czekoladowa polewa.<\/span><\/p>","protected":false},"featured_media":14641,"comment_status":"closed","ping_status":"closed","template":"","meta":{"content-type":""},"product_brand":[],"product_cat":[830],"product_tag":[868,99,854,747,831,425,872,834,166,730,733,731,732,734],"class_list":{"0":"post-14627","1":"product","2":"type-product","3":"status-publish","4":"has-post-thumbnail","6":"product_cat-tarty","7":"product_tag-ciasto-boze-narodzenie","8":"product_tag-ciasto-swiateczne","9":"product_tag-cukiernia-gdansk","10":"product_tag-luksusowy-tort","11":"product_tag-slodka-tarta","12":"product_tag-tarta","13":"product_tag-tarta-czekoladowo-piernikowa","14":"product_tag-tarta-slony-karmel","15":"product_tag-tort","16":"product_tag-tort-na-urodziny","17":"product_tag-tort-naturalny","18":"product_tag-tort-urodzinowy","19":"product_tag-torty-naturalne","20":"product_tag-zdrowy-sklad","22":"entry","23":"has-media","25":"first","26":"instock","27":"shipping-taxable","28":"product-type-variable","29":"has-default-attributes","30":"has-product-nav","31":"col","32":"span_1_of_4","33":"owp-content-center","34":"owp-thumbs-layout-horizontal","35":"owp-btn-normal","36":"owp-tabs-layout-horizontal"},"acf":[],"_links":{"self":[{"href":"https:\/\/jacekplacek.com.pl\/es\/wp-json\/wp\/v2\/product\/14627","targetHints":{"allow":["GET"]}}],"collection":[{"href":"https:\/\/jacekplacek.com.pl\/es\/wp-json\/wp\/v2\/product"}],"about":[{"href":"https:\/\/jacekplacek.com.pl\/es\/wp-json\/wp\/v2\/types\/product"}],"replies":[{"embeddable":true,"href":"https:\/\/jacekplacek.com.pl\/es\/wp-json\/wp\/v2\/comments?post=14627"}],"wp:featuredmedia":[{"embeddable":true,"href":"https:\/\/jacekplacek.com.pl\/es\/wp-json\/wp\/v2\/media\/14641"}],"wp:attachment":[{"href":"https:\/\/jacekplacek.com.pl\/es\/wp-json\/wp\/v2\/media?parent=14627"}],"wp:term":[{"taxonomy":"product_brand","embeddable":true,"href":"https:\/\/jacekplacek.com.pl\/es\/wp-json\/wp\/v2\/product_brand?post=14627"},{"taxonomy":"product_cat","embeddable":true,"href":"https:\/\/jacekplacek.com.pl\/es\/wp-json\/wp\/v2\/product_cat?post=14627"},{"taxonomy":"product_tag","embeddable":true,"href":"https:\/\/jacekplacek.com.pl\/es\/wp-json\/wp\/v2\/product_tag?post=14627"}],"curies":[{"name":"wp","href":"https:\/\/api.w.org\/{rel}","templated":true}]}}