{"id":14624,"date":"2024-11-14T16:50:40","date_gmt":"2024-11-14T15:50:40","guid":{"rendered":"https:\/\/jacekplacek.com.pl\/?post_type=product&#038;p=14624"},"modified":"2025-11-18T18:31:26","modified_gmt":"2025-11-18T17:31:26","slug":"tarta-de-semillas-de-amapola-kahlua","status":"publish","type":"product","link":"https:\/\/jacekplacek.com.pl\/es\/almacenar\/tartas\/tarta-de-semillas-de-amapola-kahlua\/","title":{"rendered":"Tarta de semillas de amapola con crema Kahlua"},"content":{"rendered":"<p><strong>Tarta de semillas de amapola con crema Kahlua<\/strong> Esta armoniosa combinaci\u00f3n de semillas de amapola y crema de caf\u00e9 te sorprender\u00e1 por su riqueza de sabor y elegancia, convirti\u00e9ndose en un adorno de toda mesa navide\u00f1a.<\/p>\n<p>La delicada masa quebrada para tarta crea una base ideal para una masa de semillas de amapola h\u00fameda y arom\u00e1tica, preparada con semillas de amapola de la m\u00e1s alta calidad. El relleno se complementa con una crema a base de licor Kahlua, que aporta al postre una refinada profundidad de caf\u00e9 y una textura aterciopelada. Todo ello est\u00e1 rematado con una decoraci\u00f3n luminosa que aporta un car\u00e1cter festivo al postre.<\/p>\n<p><strong>Tarta de semillas de amapola con crema Kahlua<\/strong> es una excelente opci\u00f3n para los amantes de postres \u00fanicos que combinan sabores tradicionales con toques modernos. Es perfecto como complemento atractivo para el caf\u00e9 navide\u00f1o, una forma de deleitar a los invitados o un regalo dulce y \u00fanico para sus seres queridos. Si buscas algo con lo que tus vacaciones destaquen, esta tarta ser\u00e1 una elecci\u00f3n inolvidable.<\/p>","protected":false},"excerpt":{"rendered":"<p><strong>Tarta de semillas de amapola con crema Kahlua<\/strong> es un postre \u00fanico que combina el tradicional sabor de las semillas de amapola con un toque de crema con sabor y aroma a caf\u00e9.<\/p>","protected":false},"featured_media":14630,"comment_status":"closed","ping_status":"closed","template":"","meta":{"content-type":""},"product_brand":[],"product_cat":[830],"product_tag":[878,877,99,854,831,425,876,875,166,730,733,731,732,734],"class_list":{"0":"post-14624","1":"product","2":"type-product","3":"status-publish","4":"has-post-thumbnail","6":"product_cat-tarty","7":"product_tag-ciasto-na-boze-narodzenie","8":"product_tag-ciasto-na-swieta","9":"product_tag-ciasto-swiateczne","10":"product_tag-cukiernia-gdansk","11":"product_tag-slodka-tarta","12":"product_tag-tarta","13":"product_tag-tarta-makowa","14":"product_tag-tarta-makowa-z-kremem-kahlua","15":"product_tag-tort","16":"product_tag-tort-na-urodziny","17":"product_tag-tort-naturalny","18":"product_tag-tort-urodzinowy","19":"product_tag-torty-naturalne","20":"product_tag-zdrowy-sklad","22":"entry","23":"has-media","25":"first","26":"instock","27":"shipping-taxable","28":"product-type-variable","29":"has-default-attributes","30":"has-product-nav","31":"col","32":"span_1_of_4","33":"owp-content-center","34":"owp-thumbs-layout-horizontal","35":"owp-btn-normal","36":"owp-tabs-layout-horizontal"},"acf":[],"_links":{"self":[{"href":"https:\/\/jacekplacek.com.pl\/es\/wp-json\/wp\/v2\/product\/14624","targetHints":{"allow":["GET"]}}],"collection":[{"href":"https:\/\/jacekplacek.com.pl\/es\/wp-json\/wp\/v2\/product"}],"about":[{"href":"https:\/\/jacekplacek.com.pl\/es\/wp-json\/wp\/v2\/types\/product"}],"replies":[{"embeddable":true,"href":"https:\/\/jacekplacek.com.pl\/es\/wp-json\/wp\/v2\/comments?post=14624"}],"wp:featuredmedia":[{"embeddable":true,"href":"https:\/\/jacekplacek.com.pl\/es\/wp-json\/wp\/v2\/media\/14630"}],"wp:attachment":[{"href":"https:\/\/jacekplacek.com.pl\/es\/wp-json\/wp\/v2\/media?parent=14624"}],"wp:term":[{"taxonomy":"product_brand","embeddable":true,"href":"https:\/\/jacekplacek.com.pl\/es\/wp-json\/wp\/v2\/product_brand?post=14624"},{"taxonomy":"product_cat","embeddable":true,"href":"https:\/\/jacekplacek.com.pl\/es\/wp-json\/wp\/v2\/product_cat?post=14624"},{"taxonomy":"product_tag","embeddable":true,"href":"https:\/\/jacekplacek.com.pl\/es\/wp-json\/wp\/v2\/product_tag?post=14624"}],"curies":[{"name":"wp","href":"https:\/\/api.w.org\/{rel}","templated":true}]}}