{"id":14607,"date":"2024-11-14T16:25:51","date_gmt":"2024-11-14T15:25:51","guid":{"rendered":"https:\/\/jacekplacek.com.pl\/?post_type=product&#038;p=14607"},"modified":"2025-11-18T18:31:26","modified_gmt":"2025-11-18T17:31:26","slug":"pastel-de-jengibre","status":"publish","type":"product","link":"https:\/\/jacekplacek.com.pl\/es\/almacenar\/torty_i_desery\/tortas\/pastel-de-jengibre\/","title":{"rendered":"pastel de jengibre"},"content":{"rendered":"<p><strong>Pastel De Jengibre <\/strong>\u2013 la profundidad de las especias como la canela, el jengibre y el clavo, combinadas con el h\u00famedo pastel de jengibre, crean un sabor \u00fanico que har\u00e1 las delicias de todos los amantes de los dulces navide\u00f1os.<\/p>\n<ul>\n<li style=\"font-weight: 400;\" aria-level=\"1\"><span style=\"font-weight: 400;\">Tarta de jengibre a base de tu propia mezcla de especias.<\/span><\/li>\n<li style=\"font-weight: 400;\" aria-level=\"1\"><span style=\"font-weight: 400;\">Mermelada de ciruela casera.<\/span><\/li>\n<li style=\"font-weight: 400;\" aria-level=\"1\"><span style=\"font-weight: 400;\">Crema de mantequilla de chocolate a base de mantequilla.<\/span><\/li>\n<\/ul>\n<p>\u00a1Date un capricho y siente la magia navide\u00f1a en esta maravillosa tarta!<\/p>","protected":false},"excerpt":{"rendered":"<p><span data-sheets-root=\"1\">Masa de jengibre a base de nuestra propia mezcla de especias. Mermelada de ciruelas casera. Crema de mantequilla de chocolate elaborada a partir de mantequilla.<\/span><\/p>","protected":false},"featured_media":14617,"comment_status":"closed","ping_status":"closed","template":"","meta":{"content-type":""},"product_brand":[],"product_cat":[123],"product_tag":[747,166,176,730,733,848,731,732,734],"class_list":{"0":"post-14607","1":"product","2":"type-product","3":"status-publish","4":"has-post-thumbnail","6":"product_cat-torty","7":"product_tag-luksusowy-tort","8":"product_tag-tort","9":"product_tag-tort-czekoladowy","10":"product_tag-tort-na-urodziny","11":"product_tag-tort-naturalny","12":"product_tag-tort-piernikowy","13":"product_tag-tort-urodzinowy","14":"product_tag-torty-naturalne","15":"product_tag-zdrowy-sklad","17":"entry","18":"has-media","20":"first","21":"instock","22":"shipping-taxable","23":"product-type-variable","24":"has-default-attributes","25":"has-product-nav","26":"col","27":"span_1_of_4","28":"owp-content-center","29":"owp-thumbs-layout-horizontal","30":"owp-btn-normal","31":"owp-tabs-layout-horizontal"},"acf":[],"_links":{"self":[{"href":"https:\/\/jacekplacek.com.pl\/es\/wp-json\/wp\/v2\/product\/14607","targetHints":{"allow":["GET"]}}],"collection":[{"href":"https:\/\/jacekplacek.com.pl\/es\/wp-json\/wp\/v2\/product"}],"about":[{"href":"https:\/\/jacekplacek.com.pl\/es\/wp-json\/wp\/v2\/types\/product"}],"replies":[{"embeddable":true,"href":"https:\/\/jacekplacek.com.pl\/es\/wp-json\/wp\/v2\/comments?post=14607"}],"wp:featuredmedia":[{"embeddable":true,"href":"https:\/\/jacekplacek.com.pl\/es\/wp-json\/wp\/v2\/media\/14617"}],"wp:attachment":[{"href":"https:\/\/jacekplacek.com.pl\/es\/wp-json\/wp\/v2\/media?parent=14607"}],"wp:term":[{"taxonomy":"product_brand","embeddable":true,"href":"https:\/\/jacekplacek.com.pl\/es\/wp-json\/wp\/v2\/product_brand?post=14607"},{"taxonomy":"product_cat","embeddable":true,"href":"https:\/\/jacekplacek.com.pl\/es\/wp-json\/wp\/v2\/product_cat?post=14607"},{"taxonomy":"product_tag","embeddable":true,"href":"https:\/\/jacekplacek.com.pl\/es\/wp-json\/wp\/v2\/product_tag?post=14607"}],"curies":[{"name":"wp","href":"https:\/\/api.w.org\/{rel}","templated":true}]}}