{"id":14578,"date":"2024-11-14T15:29:26","date_gmt":"2024-11-14T14:29:26","guid":{"rendered":"https:\/\/jacekplacek.com.pl\/?post_type=product&#038;p=14578"},"modified":"2025-11-18T18:31:21","modified_gmt":"2025-11-18T17:31:21","slug":"pan-de-jengibre-con-mermelada","status":"publish","type":"product","link":"https:\/\/jacekplacek.com.pl\/es\/almacenar\/babki-i-makowce\/pan-de-jengibre-con-mermelada\/","title":{"rendered":"Pan de jengibre con mermelada"},"content":{"rendered":"<div class=\"flex-shrink-0 flex flex-col relative items-end\">\n<div class=\"pt-0\">\n<div class=\"gizmo-bot-avatar flex h-8 w-8 items-center justify-center overflow-hidden rounded-full\">\n<div class=\"relative p-1 rounded-sm flex items-center justify-center bg-token-main-surface-primary text-token-text-primary h-8 w-8\">\n<h1>Vacaciones: una \u00e9poca de tradici\u00f3n y sabores \u00fanicos<\/h1>\n<p>La Navidad es una \u00e9poca especial, llena de reuniones familiares, bonitas decoraciones y arom\u00e1ticos productos de reposter\u00eda. Nada trae el esp\u00edritu navide\u00f1o como el olor a especias y pasteles dulces que flotan en la casa.<\/p>\n<h2><\/h2>\n<h2>Pan de jengibre: el sabor y el olor de la Navidad<\/h2>\n<p>Los melindres son productos horneados de arraigada tradici\u00f3n que han sido s\u00edmbolo de las fiestas durante siglos. Su aroma especiado, lleno de canela, clavo y jengibre, nos traslada al m\u00e1gico ambiente navide\u00f1o. La tradici\u00f3n de cubrir capas de pan de jengibre con mermelada de frutas o mermelada se remonta a la \u00e9poca en que las adiciones dulces eran un manjar. El relleno de fruta no solo a\u00f1adi\u00f3 sabor, sino que tambi\u00e9n prolong\u00f3 la frescura del horneado, haciendo que el pastel se mantuviera h\u00famedo y suave por m\u00e1s tiempo.<\/p>\n<p>Hoy en d\u00eda, el pan de jengibre con mermelada es una combinaci\u00f3n de cl\u00e1sicos con un toque afrutado, que siempre deleita por su sencillez y sabor. Este es uno de esos productos horneados que combinan tradici\u00f3n y funcionalidad, lo que lo convierte en una opci\u00f3n ideal para la mesa navide\u00f1a.<\/p>\n<h2><\/h2>\n<h2>Pan de jengibre con mermelada: sabor y humedad \u00fanicos<\/h2>\n<p>Nuestro pan de jengibre con mermelada es la combinaci\u00f3n perfecta de bizcocho tradicional con un toque frutal. Gracias a la combinaci\u00f3n del cl\u00e1sico pan de jengibre con mermelada de fresa y glaseado de chocolate, los productos horneados se distinguen por su sabor y consistencia.<\/p>\n<h3><strong>Caracter\u00edsticas especiales de nuestro pan de jengibre:<\/strong><\/h3>\n<ul>\n<li><strong>pastel picante<\/strong> \u2013 arom\u00e1tico, a base de canela, clavo y miel.<\/li>\n<li><strong>Relleno de frutas<\/strong> \u2013 mermelada de fresa, que aporta humedad y un delicado dulzor.<\/li>\n<li><strong>glaseado de chocolate<\/strong> \u2013 suave, de sabor intenso, combina perfectamente con el pan de jengibre.<\/li>\n<li><strong>Se mantiene fresco por mucho tiempo.<\/strong> \u2013 gracias a la mermelada, el pan de especias se mantiene suave y h\u00famedo durante muchos d\u00edas.<\/li>\n<\/ul>\n<p>Esta es una opci\u00f3n perfecta para cualquiera que busque reposter\u00eda tradicional con un toque de innovaci\u00f3n frutal.<\/p>\n<h3><\/h3>\n<h3>Tartas dignas de recordar durante las fiestas<\/h3>\n<p>La mesa navide\u00f1a debe incluir una variedad de dulces que acompa\u00f1an la Navidad desde hace a\u00f1os. Adem\u00e1s de los melindres con relleno de frutas, merece la pena probar:<\/p>\n<ul>\n<li><strong>Tortas de semillas de amapola<\/strong> \u2013 lleno de arom\u00e1ticas semillas de amapola y frutos secos, que son un s\u00edmbolo de la tradici\u00f3n navide\u00f1a.<\/li>\n<li><strong>tartas de queso<\/strong> \u2013 cremoso y delicado, perfecto para los amantes de la reposter\u00eda cl\u00e1sica.<\/li>\n<li><strong>pasteles de frutas<\/strong> \u2013 rico en frutos secos y nueces, que combinan perfectamente con el esp\u00edritu navide\u00f1o.<\/li>\n<li><strong>Tartas y tartas<\/strong> \u2013 postres modernos que deleitan con su apariencia y sabor \u00fanico.<\/li>\n<\/ul>\n<p>\u00a1Elija una variedad de productos horneados que traer\u00e1n un ambiente festivo \u00fanico a su hogar y satisfar\u00e1n el paladar de cada hu\u00e9sped! \ud83c\udf84<\/p>\n<p>Encontrar\u00e1s otras sugerencias para Navidad\u00a0<strong><a href=\"https:\/\/jacekplacek.com.pl\/es\/categoria-de-producto\/navidad\/\" target=\"_blank\" rel=\"noopener\">aqu\u00ed.<\/a><\/strong><\/p>\n<\/div>\n<p>&nbsp;<\/p>\n<\/div>\n<\/div>\n<\/div>","protected":false},"excerpt":{"rendered":"<p><strong>Pan de jengibre con mermelada<\/strong><\/p>\n<p><span data-sheets-root=\"1\">Cl\u00e1sico pan de jengibre especiado, relleno de mermelada de fresa y cubierto de chocolate. Gracias a la mermelada queda h\u00fameda, suave y se mantiene fresca durante mucho tiempo.<\/span><\/p>","protected":false},"featured_media":11694,"comment_status":"closed","ping_status":"closed","template":"","meta":{"content-type":""},"product_brand":[],"product_cat":[907,81],"product_tag":[444,446,445,449,95],"class_list":{"0":"post-14578","1":"product","2":"type-product","3":"status-publish","4":"has-post-thumbnail","6":"product_cat-ciasta-swiateczne","7":"product_cat-babki-i-makowce","8":"product_tag-cukiernia-jacek-placek","9":"product_tag-jacek-placek-gdansk","10":"product_tag-jacek-placek-gowino","11":"product_tag-jacek-placek-sopot","12":"product_tag-piernik","14":"entry","15":"has-media","17":"first","18":"instock","19":"shipping-taxable","20":"product-type-variable","21":"has-product-nav","22":"col","23":"span_1_of_4","24":"owp-content-center","25":"owp-thumbs-layout-horizontal","26":"owp-btn-normal","27":"owp-tabs-layout-horizontal","28":"has-no-thumbnails"},"acf":[],"_links":{"self":[{"href":"https:\/\/jacekplacek.com.pl\/es\/wp-json\/wp\/v2\/product\/14578","targetHints":{"allow":["GET"]}}],"collection":[{"href":"https:\/\/jacekplacek.com.pl\/es\/wp-json\/wp\/v2\/product"}],"about":[{"href":"https:\/\/jacekplacek.com.pl\/es\/wp-json\/wp\/v2\/types\/product"}],"replies":[{"embeddable":true,"href":"https:\/\/jacekplacek.com.pl\/es\/wp-json\/wp\/v2\/comments?post=14578"}],"wp:featuredmedia":[{"embeddable":true,"href":"https:\/\/jacekplacek.com.pl\/es\/wp-json\/wp\/v2\/media\/11694"}],"wp:attachment":[{"href":"https:\/\/jacekplacek.com.pl\/es\/wp-json\/wp\/v2\/media?parent=14578"}],"wp:term":[{"taxonomy":"product_brand","embeddable":true,"href":"https:\/\/jacekplacek.com.pl\/es\/wp-json\/wp\/v2\/product_brand?post=14578"},{"taxonomy":"product_cat","embeddable":true,"href":"https:\/\/jacekplacek.com.pl\/es\/wp-json\/wp\/v2\/product_cat?post=14578"},{"taxonomy":"product_tag","embeddable":true,"href":"https:\/\/jacekplacek.com.pl\/es\/wp-json\/wp\/v2\/product_tag?post=14578"}],"curies":[{"name":"wp","href":"https:\/\/api.w.org\/{rel}","templated":true}]}}