{"id":14572,"date":"2024-11-14T15:11:59","date_gmt":"2024-11-14T14:11:59","guid":{"rendered":"https:\/\/jacekplacek.com.pl\/?post_type=product&#038;p=14572"},"modified":"2025-11-18T18:31:21","modified_gmt":"2025-11-18T17:31:21","slug":"pan-de-jengibre-de-zanahoria","status":"publish","type":"product","link":"https:\/\/jacekplacek.com.pl\/es\/almacenar\/babki-i-makowce\/pan-de-jengibre-de-zanahoria\/","title":{"rendered":"Zanahoria De Jengibre"},"content":{"rendered":"<p>Nuestro <strong>pan de jengibre de zanahoria<\/strong> es un producto horneado \u00fanico que combina aromas especiados con el dulzor natural de la zanahoria, aportando ligereza y un poco de frescura al tradicional sabor navide\u00f1o. Este pan de jengibre es una elecci\u00f3n perfecta para aquellos que quieren algo nuevo, pero al mismo tiempo cercano a los cl\u00e1sicos navide\u00f1os.<\/p>\n<p>Las zanahorias frescas le dan al pan de jengibre un delicado dulzor y aroma natural, al mismo tiempo que resalta su humedad, y adem\u00e1s, como excelente fuente de fibra, favorece la digesti\u00f3n y hace de este horneado una alternativa saludable para las fiestas. Una nota de canela, clavo y un poco de jengibre crean un sabor perfectamente equilibrado que llenar\u00e1 tu hogar de aroma navide\u00f1o.<\/p>\n<p>&nbsp;<\/p>","protected":false},"excerpt":{"rendered":"<p><strong>pan de jengibre de zanahoria<\/strong> Funcionar\u00e1 como un delicioso postre navide\u00f1o, un regalo para los seres queridos o un snack saludable para las noches de invierno. \u00a1La combinaci\u00f3n de tradici\u00f3n con un toque de modernidad lo convierte en la elecci\u00f3n perfecta para las vacaciones de este a\u00f1o!<\/p>","protected":false},"featured_media":14738,"comment_status":"closed","ping_status":"closed","template":"","meta":{"content-type":""},"product_brand":[],"product_cat":[907,81],"product_tag":[845,444,446,445,449,95,435],"class_list":{"0":"post-14572","1":"product","2":"type-product","3":"status-publish","4":"has-post-thumbnail","6":"product_cat-ciasta-swiateczne","7":"product_cat-babki-i-makowce","8":"product_tag-ciasto-dyniowe","9":"product_tag-cukiernia-jacek-placek","10":"product_tag-jacek-placek-gdansk","11":"product_tag-jacek-placek-gowino","12":"product_tag-jacek-placek-sopot","13":"product_tag-piernik","14":"product_tag-piernik-z-dynia","16":"entry","17":"has-media","19":"first","20":"instock","21":"shipping-taxable","22":"product-type-variable","23":"has-default-attributes","24":"has-product-nav","25":"col","26":"span_1_of_4","27":"owp-content-center","28":"owp-thumbs-layout-horizontal","29":"owp-btn-normal","30":"owp-tabs-layout-horizontal"},"acf":[],"_links":{"self":[{"href":"https:\/\/jacekplacek.com.pl\/es\/wp-json\/wp\/v2\/product\/14572","targetHints":{"allow":["GET"]}}],"collection":[{"href":"https:\/\/jacekplacek.com.pl\/es\/wp-json\/wp\/v2\/product"}],"about":[{"href":"https:\/\/jacekplacek.com.pl\/es\/wp-json\/wp\/v2\/types\/product"}],"replies":[{"embeddable":true,"href":"https:\/\/jacekplacek.com.pl\/es\/wp-json\/wp\/v2\/comments?post=14572"}],"wp:featuredmedia":[{"embeddable":true,"href":"https:\/\/jacekplacek.com.pl\/es\/wp-json\/wp\/v2\/media\/14738"}],"wp:attachment":[{"href":"https:\/\/jacekplacek.com.pl\/es\/wp-json\/wp\/v2\/media?parent=14572"}],"wp:term":[{"taxonomy":"product_brand","embeddable":true,"href":"https:\/\/jacekplacek.com.pl\/es\/wp-json\/wp\/v2\/product_brand?post=14572"},{"taxonomy":"product_cat","embeddable":true,"href":"https:\/\/jacekplacek.com.pl\/es\/wp-json\/wp\/v2\/product_cat?post=14572"},{"taxonomy":"product_tag","embeddable":true,"href":"https:\/\/jacekplacek.com.pl\/es\/wp-json\/wp\/v2\/product_tag?post=14572"}],"curies":[{"name":"wp","href":"https:\/\/api.w.org\/{rel}","templated":true}]}}