{"id":14563,"date":"2024-11-14T14:19:51","date_gmt":"2024-11-14T13:19:51","guid":{"rendered":"https:\/\/jacekplacek.com.pl\/?post_type=product&#038;p=14563"},"modified":"2025-12-16T15:38:39","modified_gmt":"2025-12-16T14:38:39","slug":"pan-de-jengibre-cetogenico-con-azucar-de-abedul","status":"publish","type":"product","link":"https:\/\/jacekplacek.com.pl\/es\/almacenar\/galletas-y-galletas\/galletas-2\/pan-de-jengibre-cetogenico-con-azucar-de-abedul\/","title":{"rendered":"Pan de jengibre keto con az\u00facar de abedul"},"content":{"rendered":"<p><b>galletas de jengibre <\/b>\u00a1Perfecto para personas que se preocupan por su figura, salud y sensaciones gustativas!<\/p>\n<ul>\n<li><strong>sin az\u00facar<\/strong> \u2013 endulzado con az\u00facar natural de abedul (xilitol), que tiene un \u00edndice gluc\u00e9mico bajo.\u00a0<span style=\"font-weight: 400;\">\u00a1Glaseado de chocolate sin az\u00facar!<\/span><\/li>\n<li><span style=\"font-weight: 400;\">peso de la masa<strong> de harina de coco y almendras<\/strong>.<\/span><\/li>\n<li><strong>Perfecto para una dieta cetog\u00e9nica<\/strong> \u2013 bajo contenido en carbohidratos y alta cantidad de grasas saludables.<\/li>\n<li><strong>Sabor tradicional<\/strong> \u2013 Las especias picantes como la canela, el jengibre y el clavo evocan un aut\u00e9ntico ambiente navide\u00f1o.<\/li>\n<li><strong>Contenido reducido de gluten<\/strong>\u00a0\u2013 Apto para personas que evitan el gluten.<\/li>\n<\/ul>\n<p>&nbsp;<\/p>\n<p>&nbsp;<\/p>","protected":false},"excerpt":{"rendered":"<p>Estos crujientes y arom\u00e1ticos panes de jengibre son perfectos para la mesa navide\u00f1a, como snack saludable o como regalo para tus seres queridos. A\u00f1ade magia a tu Navidad con tu selecci\u00f3n <strong>Galletas de jengibre keto con az\u00facar de abedul<\/strong> \u2013 \u00a1La tradici\u00f3n en una versi\u00f3n moderna y saludable!<\/p>","protected":false},"featured_media":14566,"comment_status":"closed","ping_status":"closed","template":"","meta":{"content-type":""},"product_brand":[],"product_cat":[400,121],"product_tag":[664,844,431,843,102,99,444,446,445,449,430,95,98],"class_list":{"0":"post-14563","1":"product","2":"type-product","3":"status-publish","4":"has-post-thumbnail","6":"product_cat-ciastka-i-ciasteczka","7":"product_cat-ciasteczka","8":"product_tag-ciasta-na-boze-narodzenie","9":"product_tag-ciasteczka-keto","10":"product_tag-ciasteczka-korzenne","11":"product_tag-ciasto-keto","12":"product_tag-ciasto-korzenne","13":"product_tag-ciasto-swiateczne","14":"product_tag-cukiernia-jacek-placek","15":"product_tag-jacek-placek-gdansk","16":"product_tag-jacek-placek-gowino","17":"product_tag-jacek-placek-sopot","18":"product_tag-pierniczki","19":"product_tag-piernik","20":"product_tag-swieta","22":"entry","23":"has-media","25":"first","26":"outofstock","27":"shipping-taxable","28":"product-type-variable","29":"has-product-nav","30":"col","31":"span_1_of_4","32":"owp-content-center","33":"owp-thumbs-layout-horizontal","34":"owp-btn-normal","35":"owp-tabs-layout-horizontal"},"acf":[],"_links":{"self":[{"href":"https:\/\/jacekplacek.com.pl\/es\/wp-json\/wp\/v2\/product\/14563","targetHints":{"allow":["GET"]}}],"collection":[{"href":"https:\/\/jacekplacek.com.pl\/es\/wp-json\/wp\/v2\/product"}],"about":[{"href":"https:\/\/jacekplacek.com.pl\/es\/wp-json\/wp\/v2\/types\/product"}],"replies":[{"embeddable":true,"href":"https:\/\/jacekplacek.com.pl\/es\/wp-json\/wp\/v2\/comments?post=14563"}],"wp:featuredmedia":[{"embeddable":true,"href":"https:\/\/jacekplacek.com.pl\/es\/wp-json\/wp\/v2\/media\/14566"}],"wp:attachment":[{"href":"https:\/\/jacekplacek.com.pl\/es\/wp-json\/wp\/v2\/media?parent=14563"}],"wp:term":[{"taxonomy":"product_brand","embeddable":true,"href":"https:\/\/jacekplacek.com.pl\/es\/wp-json\/wp\/v2\/product_brand?post=14563"},{"taxonomy":"product_cat","embeddable":true,"href":"https:\/\/jacekplacek.com.pl\/es\/wp-json\/wp\/v2\/product_cat?post=14563"},{"taxonomy":"product_tag","embeddable":true,"href":"https:\/\/jacekplacek.com.pl\/es\/wp-json\/wp\/v2\/product_tag?post=14563"}],"curies":[{"name":"wp","href":"https:\/\/api.w.org\/{rel}","templated":true}]}}