{"id":1449,"date":"2020-11-30T14:14:51","date_gmt":"2020-11-30T13:14:51","guid":{"rendered":"https:\/\/jacekplacek.com.pl\/?post_type=product&#038;p=1449"},"modified":"2025-11-18T18:27:09","modified_gmt":"2025-11-18T17:27:09","slug":"ron-bajaderka-con-chocolate","status":"publish","type":"product","link":"https:\/\/jacekplacek.com.pl\/es\/almacenar\/galletas-y-galletas\/pasteles-de-arte\/ron-bajaderka-con-chocolate\/","title":{"rendered":"Un bagel con chocolate"},"content":{"rendered":"<p>Al parecer, la bajaderka se invent\u00f3 en las confiter\u00edas de Varsovia en los locos a\u00f1os 20. Si dicen que son sobras de galleta, es con una condici\u00f3n: deben ser de m\u00e1xima calidad. Al bizcocho le a\u00f1adimos aut\u00e9ntica mantequilla, frutos secos, chocolate negro y, por supuesto, esencia de ron.<\/p>","protected":false},"excerpt":{"rendered":"<p><span style=\"font-weight: 400\">Bola cubierta de chocolate elaborada con trozos de bizcocho oscuro, con a\u00f1adido de nueces, pasas, canela, enriquecida con alcohol y aroma a ron.<\/span><\/p>","protected":false},"featured_media":6662,"comment_status":"closed","ping_status":"closed","template":"","meta":{"content-type":""},"product_brand":[],"product_cat":[83],"product_tag":[145,147,331,444,146,446,445,449],"class_list":{"0":"post-1449","1":"product","2":"type-product","3":"status-publish","4":"has-post-thumbnail","6":"product_cat-ciastka-sztukowe","7":"product_tag-babeczki","8":"product_tag-babeczki-czekoladowe","9":"product_tag-bajaderka","10":"product_tag-cukiernia-jacek-placek","11":"product_tag-czekoladowe","12":"product_tag-jacek-placek-gdansk","13":"product_tag-jacek-placek-gowino","14":"product_tag-jacek-placek-sopot","16":"entry","17":"has-media","19":"first","20":"instock","21":"shipping-taxable","22":"product-type-simple","23":"has-product-nav","24":"col","25":"span_1_of_4","26":"owp-content-center","27":"owp-thumbs-layout-horizontal","28":"owp-btn-normal","29":"owp-tabs-layout-horizontal"},"acf":[],"_links":{"self":[{"href":"https:\/\/jacekplacek.com.pl\/es\/wp-json\/wp\/v2\/product\/1449","targetHints":{"allow":["GET"]}}],"collection":[{"href":"https:\/\/jacekplacek.com.pl\/es\/wp-json\/wp\/v2\/product"}],"about":[{"href":"https:\/\/jacekplacek.com.pl\/es\/wp-json\/wp\/v2\/types\/product"}],"replies":[{"embeddable":true,"href":"https:\/\/jacekplacek.com.pl\/es\/wp-json\/wp\/v2\/comments?post=1449"}],"wp:featuredmedia":[{"embeddable":true,"href":"https:\/\/jacekplacek.com.pl\/es\/wp-json\/wp\/v2\/media\/6662"}],"wp:attachment":[{"href":"https:\/\/jacekplacek.com.pl\/es\/wp-json\/wp\/v2\/media?parent=1449"}],"wp:term":[{"taxonomy":"product_brand","embeddable":true,"href":"https:\/\/jacekplacek.com.pl\/es\/wp-json\/wp\/v2\/product_brand?post=1449"},{"taxonomy":"product_cat","embeddable":true,"href":"https:\/\/jacekplacek.com.pl\/es\/wp-json\/wp\/v2\/product_cat?post=1449"},{"taxonomy":"product_tag","embeddable":true,"href":"https:\/\/jacekplacek.com.pl\/es\/wp-json\/wp\/v2\/product_tag?post=1449"}],"curies":[{"name":"wp","href":"https:\/\/api.w.org\/{rel}","templated":true}]}}