{"id":11455,"date":"2023-11-28T16:20:39","date_gmt":"2023-11-28T15:20:39","guid":{"rendered":"https:\/\/jacekplacek.com.pl\/?post_type=product&#038;p=11455"},"modified":"2025-11-18T18:31:02","modified_gmt":"2025-11-18T17:31:02","slug":"mini-torta-terciopelo-rojo-19","status":"publish","type":"product","link":"https:\/\/jacekplacek.com.pl\/es\/almacenar\/torty_i_desery\/mini-postres-para-la-cafeteria\/mini-torta-terciopelo-rojo-19\/","title":{"rendered":"Mini tarta de merengue espresso, 3 piezas"},"content":{"rendered":"<p>Postre no solo para mesas elegantes - perfecto para celebrar onom\u00e1sticas, cumplea\u00f1os u otras celebraciones en casa o en el trabajo...<\/p>\n<p><strong>La crema de caf\u00e9 a base de licor de caf\u00e9 Kahula combinada con chocolate con leche es un placer de sabor \u00fanico para los amantes del caf\u00e9 con merengue o, en este caso, del merengue con caf\u00e9. El centro del bizcocho esconde una masa de cacao ligeramente amarga y semil\u00edquida.<\/strong><\/p>\n<p>Si te gustan los postres de merengue, solo agrega un pu\u00f1ado de frutos secos, frutas o una bola de tu helado favorito y \u00a1listo!<\/p>\n<p>Producto disponible en\u00a0<strong>3 piezas en un paquete colectivo (1 pieza de aproximadamente 150 g).<\/strong><\/p>","protected":false},"excerpt":{"rendered":"<p><span style=\"font-weight: 400;\">La crema de caf\u00e9 a base de licor de caf\u00e9 Kahula combinada con chocolate con leche es un placer de sabor \u00fanico para los amantes del merengue de caf\u00e9.<\/span><\/p>\n<p>Producto disponible en\u00a0<strong>3 piezas en un paquete colectivo (1 pieza de aproximadamente 150 g).<\/strong><\/p>","protected":false},"featured_media":11458,"comment_status":"closed","ping_status":"closed","template":"","meta":{"content-type":""},"product_brand":[],"product_cat":[723],"product_tag":[444,442,446,445,291,450,447,448],"class_list":{"0":"post-11455","1":"product","2":"type-product","3":"status-publish","4":"has-post-thumbnail","6":"product_cat-mini-desery-do-kawiarni","7":"product_tag-cukiernia-jacek-placek","8":"product_tag-deser-jednoporcjowy","9":"product_tag-jacek-placek-gdansk","10":"product_tag-jacek-placek-gowino","11":"product_tag-tort-malinowy","12":"product_tag-tort-mini","13":"product_tag-tort-red-velvet","14":"product_tag-tort-z-mascarpone","16":"entry","17":"has-media","19":"first","20":"instock","21":"shipping-taxable","22":"product-type-simple","23":"has-product-nav","24":"col","25":"span_1_of_4","26":"owp-content-center","27":"owp-thumbs-layout-horizontal","28":"owp-btn-normal","29":"owp-tabs-layout-horizontal"},"acf":[],"_links":{"self":[{"href":"https:\/\/jacekplacek.com.pl\/es\/wp-json\/wp\/v2\/product\/11455","targetHints":{"allow":["GET"]}}],"collection":[{"href":"https:\/\/jacekplacek.com.pl\/es\/wp-json\/wp\/v2\/product"}],"about":[{"href":"https:\/\/jacekplacek.com.pl\/es\/wp-json\/wp\/v2\/types\/product"}],"replies":[{"embeddable":true,"href":"https:\/\/jacekplacek.com.pl\/es\/wp-json\/wp\/v2\/comments?post=11455"}],"wp:featuredmedia":[{"embeddable":true,"href":"https:\/\/jacekplacek.com.pl\/es\/wp-json\/wp\/v2\/media\/11458"}],"wp:attachment":[{"href":"https:\/\/jacekplacek.com.pl\/es\/wp-json\/wp\/v2\/media?parent=11455"}],"wp:term":[{"taxonomy":"product_brand","embeddable":true,"href":"https:\/\/jacekplacek.com.pl\/es\/wp-json\/wp\/v2\/product_brand?post=11455"},{"taxonomy":"product_cat","embeddable":true,"href":"https:\/\/jacekplacek.com.pl\/es\/wp-json\/wp\/v2\/product_cat?post=11455"},{"taxonomy":"product_tag","embeddable":true,"href":"https:\/\/jacekplacek.com.pl\/es\/wp-json\/wp\/v2\/product_tag?post=11455"}],"curies":[{"name":"wp","href":"https:\/\/api.w.org\/{rel}","templated":true}]}}