{"id":11103,"date":"2023-10-27T17:13:06","date_gmt":"2023-10-27T15:13:06","guid":{"rendered":"https:\/\/jacekplacek.com.pl\/?post_type=product&#038;p=11103"},"modified":"2025-11-18T18:30:58","modified_gmt":"2025-11-18T17:30:58","slug":"mini-torta-terciopelo-rojo-12","status":"publish","type":"product","link":"https:\/\/jacekplacek.com.pl\/es\/almacenar\/torty_i_desery\/mini-postres-para-la-cafeteria\/mini-torta-terciopelo-rojo-12\/","title":{"rendered":"Mini tarta de chocolate Royal, 3 piezas"},"content":{"rendered":"<p><b>La tarta de Chocolate Real es un aut\u00e9ntico placer para los amantes del chocolate.<\/b><\/p>\n<p><span style=\"font-weight: 400;\">Esta incre\u00edble mousse de chocolate adquiere sabores extraordinarios gracias a un toque de queso de bisonte, que le da car\u00e1cter y una profundidad de sabor \u00fanica. Adem\u00e1s, entre las capas de este bizcocho \u00fanico encontrar\u00e1s hojaldres crujientes que le dan una textura \u00fanica.<\/span><\/p>\n<p><span style=\"font-weight: 400;\">\u00a1Pero ese no es el final de las sorpresas! Nuestra mousse est\u00e1 cubierta con una delicada mermelada de ar\u00e1ndanos y grosellas, que aporta un toque de frescura y encanto afrutado. <\/span><b>Este es un pastel que ofrece una armon\u00eda de dulzura y sabor distintivo en cada bocado. \u00a1Ven a nuestra confiter\u00eda y del\u00e9itate con una tarta de Chocolate Real!<\/b><\/p>\n<p>Postre no solo para mesas elegantes - perfecto para celebrar onom\u00e1sticas, cumplea\u00f1os u otras celebraciones en casa o en el trabajo...<\/p>\n<p>Producto disponible en\u00a0<strong>3 piezas en un paquete colectivo (3 piezas de aproximadamente 420 g).<\/strong><\/p>","protected":false},"excerpt":{"rendered":"<p><span style=\"font-weight: 400;\">Este es un pastel que ofrece una armon\u00eda de dulzura y sabor distintivo en cada bocado. \u00a1Ven a nuestra confiter\u00eda y del\u00e9itate con una tarta de Chocolate Real!<\/span><\/p>\n<p>Producto disponible en\u00a0<strong>3 piezas en un paquete colectivo (3 piezas de aproximadamente 420 g).<\/strong><\/p>","protected":false},"featured_media":11442,"comment_status":"closed","ping_status":"closed","template":"","meta":{"content-type":""},"product_brand":[],"product_cat":[723],"product_tag":[444,442,446,445,176,291,450,771],"class_list":{"0":"post-11103","1":"product","2":"type-product","3":"status-publish","4":"has-post-thumbnail","6":"product_cat-mini-desery-do-kawiarni","7":"product_tag-cukiernia-jacek-placek","8":"product_tag-deser-jednoporcjowy","9":"product_tag-jacek-placek-gdansk","10":"product_tag-jacek-placek-gowino","11":"product_tag-tort-czekoladowy","12":"product_tag-tort-malinowy","13":"product_tag-tort-mini","14":"product_tag-tort-royal-chocolate","16":"entry","17":"has-media","19":"first","20":"instock","21":"shipping-taxable","22":"product-type-simple","23":"has-product-nav","24":"col","25":"span_1_of_4","26":"owp-content-center","27":"owp-thumbs-layout-horizontal","28":"owp-btn-normal","29":"owp-tabs-layout-horizontal"},"acf":[],"_links":{"self":[{"href":"https:\/\/jacekplacek.com.pl\/es\/wp-json\/wp\/v2\/product\/11103","targetHints":{"allow":["GET"]}}],"collection":[{"href":"https:\/\/jacekplacek.com.pl\/es\/wp-json\/wp\/v2\/product"}],"about":[{"href":"https:\/\/jacekplacek.com.pl\/es\/wp-json\/wp\/v2\/types\/product"}],"replies":[{"embeddable":true,"href":"https:\/\/jacekplacek.com.pl\/es\/wp-json\/wp\/v2\/comments?post=11103"}],"wp:featuredmedia":[{"embeddable":true,"href":"https:\/\/jacekplacek.com.pl\/es\/wp-json\/wp\/v2\/media\/11442"}],"wp:attachment":[{"href":"https:\/\/jacekplacek.com.pl\/es\/wp-json\/wp\/v2\/media?parent=11103"}],"wp:term":[{"taxonomy":"product_brand","embeddable":true,"href":"https:\/\/jacekplacek.com.pl\/es\/wp-json\/wp\/v2\/product_brand?post=11103"},{"taxonomy":"product_cat","embeddable":true,"href":"https:\/\/jacekplacek.com.pl\/es\/wp-json\/wp\/v2\/product_cat?post=11103"},{"taxonomy":"product_tag","embeddable":true,"href":"https:\/\/jacekplacek.com.pl\/es\/wp-json\/wp\/v2\/product_tag?post=11103"}],"curies":[{"name":"wp","href":"https:\/\/api.w.org\/{rel}","templated":true}]}}