{"id":11101,"date":"2023-10-27T17:12:54","date_gmt":"2023-10-27T15:12:54","guid":{"rendered":"https:\/\/jacekplacek.com.pl\/?post_type=product&#038;p=11101"},"modified":"2025-11-18T18:30:58","modified_gmt":"2025-11-18T17:30:58","slug":"mini-torta-terciopelo-rojo-10","status":"publish","type":"product","link":"https:\/\/jacekplacek.com.pl\/es\/almacenar\/torty_i_desery\/mini-postres-para-la-cafeteria\/mini-torta-terciopelo-rojo-10\/","title":{"rendered":"Mini tarta de pistacho, 3 piezas"},"content":{"rendered":"<p><b>\u00a1Bienvenido al mundo del sabor \u00fanico del pastel de pistacho!<\/b><\/p>\n<p><span style=\"font-weight: 400;\">Es una combinaci\u00f3n de delicada mousse mediterr\u00e1nea de pistacho y mermelada de frutos del bosque. El interior del bizcocho se enriqueci\u00f3 con hojaldre crujiente, d\u00e1ndole una textura interesante. Nuestra tarta de pistacho es un aut\u00e9ntico placer para los amantes de los pistachos y los sabores frutales. \u00a1Perm\u00edtete un momento de placer con esta tarta \u00fanica!<\/span><\/p>\n<p><span style=\"font-weight: 400;\">Os animamos a encargar una tarta en forma de regalo, con el elegido <\/span><b>tarjeta de felicitaci\u00f3n<\/b><span style=\"font-weight: 400;\"> y a juego <\/span><b>velas<\/b><span style=\"font-weight: 400;\">.<\/span><\/p>\n<p>Postre no solo para mesas elegantes - perfecto para celebrar onom\u00e1sticas, cumplea\u00f1os u otras celebraciones en casa o en el trabajo...<\/p>\n<p>Producto disponible en\u00a0<strong>3 piezas en un paquete colectivo (3 piezas de aproximadamente 390 g).<\/strong><\/p>","protected":false},"excerpt":{"rendered":"<p><span style=\"font-weight: 400;\">Nuestra tarta de pistacho es un aut\u00e9ntico placer para los amantes de los pistachos y los sabores frutales. \u00a1Perm\u00edtete un momento de placer con esta tarta \u00fanica!<\/span><\/p>\n<p>Producto disponible en\u00a0<strong>3 piezas en un paquete colectivo (3 piezas de aproximadamente 390 g).<\/strong><\/p>","protected":false},"featured_media":11437,"comment_status":"closed","ping_status":"closed","template":"","meta":{"content-type":""},"product_brand":[],"product_cat":[723],"product_tag":[444,442,446,445,450,743],"class_list":{"0":"post-11101","1":"product","2":"type-product","3":"status-publish","4":"has-post-thumbnail","6":"product_cat-mini-desery-do-kawiarni","7":"product_tag-cukiernia-jacek-placek","8":"product_tag-deser-jednoporcjowy","9":"product_tag-jacek-placek-gdansk","10":"product_tag-jacek-placek-gowino","11":"product_tag-tort-mini","12":"product_tag-tort-pistacjowy","14":"entry","15":"has-media","17":"first","18":"instock","19":"shipping-taxable","20":"product-type-simple","21":"has-product-nav","22":"col","23":"span_1_of_4","24":"owp-content-center","25":"owp-thumbs-layout-horizontal","26":"owp-btn-normal","27":"owp-tabs-layout-horizontal"},"acf":[],"_links":{"self":[{"href":"https:\/\/jacekplacek.com.pl\/es\/wp-json\/wp\/v2\/product\/11101","targetHints":{"allow":["GET"]}}],"collection":[{"href":"https:\/\/jacekplacek.com.pl\/es\/wp-json\/wp\/v2\/product"}],"about":[{"href":"https:\/\/jacekplacek.com.pl\/es\/wp-json\/wp\/v2\/types\/product"}],"replies":[{"embeddable":true,"href":"https:\/\/jacekplacek.com.pl\/es\/wp-json\/wp\/v2\/comments?post=11101"}],"wp:featuredmedia":[{"embeddable":true,"href":"https:\/\/jacekplacek.com.pl\/es\/wp-json\/wp\/v2\/media\/11437"}],"wp:attachment":[{"href":"https:\/\/jacekplacek.com.pl\/es\/wp-json\/wp\/v2\/media?parent=11101"}],"wp:term":[{"taxonomy":"product_brand","embeddable":true,"href":"https:\/\/jacekplacek.com.pl\/es\/wp-json\/wp\/v2\/product_brand?post=11101"},{"taxonomy":"product_cat","embeddable":true,"href":"https:\/\/jacekplacek.com.pl\/es\/wp-json\/wp\/v2\/product_cat?post=11101"},{"taxonomy":"product_tag","embeddable":true,"href":"https:\/\/jacekplacek.com.pl\/es\/wp-json\/wp\/v2\/product_tag?post=11101"}],"curies":[{"name":"wp","href":"https:\/\/api.w.org\/{rel}","templated":true}]}}