{"id":11096,"date":"2023-10-27T17:12:29","date_gmt":"2023-10-27T15:12:29","guid":{"rendered":"https:\/\/jacekplacek.com.pl\/?post_type=product&#038;p=11096"},"modified":"2025-11-18T18:30:58","modified_gmt":"2025-11-18T17:30:58","slug":"mini-torta-terciopelo-rojo-9","status":"publish","type":"product","link":"https:\/\/jacekplacek.com.pl\/es\/almacenar\/torty_i_desery\/mini-postres-para-la-cafeteria\/mini-torta-terciopelo-rojo-9\/","title":{"rendered":"Mini bizcocho de caramelo salado, 3 piezas"},"content":{"rendered":"<p><b>Te presentamos el Pastel de Caramelo Salado, que combina una singular mousse de crema con un delicado caramelo salado.<\/b><span style=\"font-weight: 400;\"> Es una combinaci\u00f3n de sabores que crea un contraste inusual y sorprendente. El interior del pastel est\u00e1 decorado con man\u00ed crujiente y caramelo, y la decoraci\u00f3n francesa &quot;Dulce de Leche&quot; y palomitas de caramelo son una culminaci\u00f3n \u00fanica de este delicioso pastel. Es un para\u00edso dulce y salado para los gourmets.<\/span><\/p>\n<p><b>\u00a1Disfruta del sabor del Pastel de Caramelo Salado con nosotros!<\/b><\/p>\n<p>Postre no solo para mesas elegantes - perfecto para celebrar onom\u00e1sticas, cumplea\u00f1os u otras celebraciones en casa o en el trabajo...<\/p>\n<p>Producto disponible en\u00a0<strong>Paquete colectivo de 3 piezas (3 piezas aprox. 405g).<\/strong><\/p>","protected":false},"excerpt":{"rendered":"<p><span style=\"font-weight: 400;\">Una deliciosa combinaci\u00f3n de mousse de nata y caramelo salado. Una capa de nueces en caramelo le da car\u00e1cter al bizcocho. La decoraci\u00f3n francesa de \u201cDulche de leche\u201d y las palomitas de caramelo son un gran final para este delicioso pastel.<\/span><\/p>\n<p>Producto disponible en\u00a0<strong>Paquete colectivo de 3 piezas (3 piezas aprox. 405g).<\/strong><\/p>","protected":false},"featured_media":11332,"comment_status":"closed","ping_status":"closed","template":"","meta":{"content-type":""},"product_brand":[],"product_cat":[723],"product_tag":[444,442,446,445,764,450,760],"class_list":{"0":"post-11096","1":"product","2":"type-product","3":"status-publish","4":"has-post-thumbnail","6":"product_cat-mini-desery-do-kawiarni","7":"product_tag-cukiernia-jacek-placek","8":"product_tag-deser-jednoporcjowy","9":"product_tag-jacek-placek-gdansk","10":"product_tag-jacek-placek-gowino","11":"product_tag-slony-karmel","12":"product_tag-tort-mini","13":"product_tag-tort-slony-karmel","15":"entry","16":"has-media","18":"first","19":"instock","20":"shipping-taxable","21":"product-type-simple","22":"has-product-nav","23":"col","24":"span_1_of_4","25":"owp-content-center","26":"owp-thumbs-layout-horizontal","27":"owp-btn-normal","28":"owp-tabs-layout-horizontal"},"acf":[],"_links":{"self":[{"href":"https:\/\/jacekplacek.com.pl\/es\/wp-json\/wp\/v2\/product\/11096","targetHints":{"allow":["GET"]}}],"collection":[{"href":"https:\/\/jacekplacek.com.pl\/es\/wp-json\/wp\/v2\/product"}],"about":[{"href":"https:\/\/jacekplacek.com.pl\/es\/wp-json\/wp\/v2\/types\/product"}],"replies":[{"embeddable":true,"href":"https:\/\/jacekplacek.com.pl\/es\/wp-json\/wp\/v2\/comments?post=11096"}],"wp:featuredmedia":[{"embeddable":true,"href":"https:\/\/jacekplacek.com.pl\/es\/wp-json\/wp\/v2\/media\/11332"}],"wp:attachment":[{"href":"https:\/\/jacekplacek.com.pl\/es\/wp-json\/wp\/v2\/media?parent=11096"}],"wp:term":[{"taxonomy":"product_brand","embeddable":true,"href":"https:\/\/jacekplacek.com.pl\/es\/wp-json\/wp\/v2\/product_brand?post=11096"},{"taxonomy":"product_cat","embeddable":true,"href":"https:\/\/jacekplacek.com.pl\/es\/wp-json\/wp\/v2\/product_cat?post=11096"},{"taxonomy":"product_tag","embeddable":true,"href":"https:\/\/jacekplacek.com.pl\/es\/wp-json\/wp\/v2\/product_tag?post=11096"}],"curies":[{"name":"wp","href":"https:\/\/api.w.org\/{rel}","templated":true}]}}