{"id":11066,"date":"2023-10-26T14:02:41","date_gmt":"2023-10-26T12:02:41","guid":{"rendered":"https:\/\/jacekplacek.com.pl\/?post_type=product&#038;p=11066"},"modified":"2025-11-18T18:31:00","modified_gmt":"2025-11-18T17:31:00","slug":"pastel-de-rey","status":"publish","type":"product","link":"https:\/\/jacekplacek.com.pl\/es\/almacenar\/torty_i_desery\/tortas\/pastel-de-rey\/","title":{"rendered":"pastel real"},"content":{"rendered":"<p><strong>Te presentamos el pastel rey, una combinaci\u00f3n \u00fanica de sabores que deleita el paladar. <\/strong><\/p>\n<p><span style=\"font-weight: 400;\">Nuestra receta se basa en el intenso sabor del bizcocho de chocolate con el a\u00f1adido de frutos secos, que le dan un car\u00e1cter \u00fanico. El bizcocho va cubierto con crema de chocolate, relleno de mermelada de ciruela y crema de mantequilla de lim\u00f3n, lo que le aporta ligereza y frescura. Para a\u00f1adir a\u00fan m\u00e1s sorpresas de sabor, enriquecemos nuestro pastel con halva crujiente.\u00a0<\/span><\/p>\n<p><strong>Es una experiencia dulce y merece ser llamada real. \u00a1Ven y descubre por qu\u00e9 la tarta de rey es nuestro \u00e9xito indiscutible!<\/strong><\/p>\n<p><span style=\"font-weight: 400;\">Os animamos a encargar una tarta en forma de regalo, con el elegido <\/span><b>tarjeta de felicitaci\u00f3n<\/b><span style=\"font-weight: 400;\"> y a juego <\/span><b>velas<\/b><span style=\"font-weight: 400;\">.<\/span><\/p>","protected":false},"excerpt":{"rendered":"<p><span data-sheets-root=\"1\">Un pastel de chocolate de rico sabor, con mermelada de ciruela, crema de lim\u00f3n y chocolate y trozos de halva.<\/span><\/p>","protected":false},"featured_media":10969,"comment_status":"closed","ping_status":"closed","template":"","meta":{"content-type":""},"product_brand":[],"product_cat":[123],"product_tag":[747,166,176,309,730,733,731,746,732,734],"class_list":{"0":"post-11066","1":"product","2":"type-product","3":"status-publish","4":"has-post-thumbnail","6":"product_cat-torty","7":"product_tag-luksusowy-tort","8":"product_tag-tort","9":"product_tag-tort-czekoladowy","10":"product_tag-tort-krolewski","11":"product_tag-tort-na-urodziny","12":"product_tag-tort-naturalny","13":"product_tag-tort-urodzinowy","14":"product_tag-tort-z-czekolada-jadalne-zloto","15":"product_tag-torty-naturalne","16":"product_tag-zdrowy-sklad","18":"entry","19":"has-media","21":"first","22":"instock","23":"shipping-taxable","24":"product-type-variable","25":"has-default-attributes","26":"has-product-nav","27":"col","28":"span_1_of_4","29":"owp-content-center","30":"owp-thumbs-layout-horizontal","31":"owp-btn-normal","32":"owp-tabs-layout-horizontal"},"acf":[],"_links":{"self":[{"href":"https:\/\/jacekplacek.com.pl\/es\/wp-json\/wp\/v2\/product\/11066","targetHints":{"allow":["GET"]}}],"collection":[{"href":"https:\/\/jacekplacek.com.pl\/es\/wp-json\/wp\/v2\/product"}],"about":[{"href":"https:\/\/jacekplacek.com.pl\/es\/wp-json\/wp\/v2\/types\/product"}],"replies":[{"embeddable":true,"href":"https:\/\/jacekplacek.com.pl\/es\/wp-json\/wp\/v2\/comments?post=11066"}],"wp:featuredmedia":[{"embeddable":true,"href":"https:\/\/jacekplacek.com.pl\/es\/wp-json\/wp\/v2\/media\/10969"}],"wp:attachment":[{"href":"https:\/\/jacekplacek.com.pl\/es\/wp-json\/wp\/v2\/media?parent=11066"}],"wp:term":[{"taxonomy":"product_brand","embeddable":true,"href":"https:\/\/jacekplacek.com.pl\/es\/wp-json\/wp\/v2\/product_brand?post=11066"},{"taxonomy":"product_cat","embeddable":true,"href":"https:\/\/jacekplacek.com.pl\/es\/wp-json\/wp\/v2\/product_cat?post=11066"},{"taxonomy":"product_tag","embeddable":true,"href":"https:\/\/jacekplacek.com.pl\/es\/wp-json\/wp\/v2\/product_tag?post=11066"}],"curies":[{"name":"wp","href":"https:\/\/api.w.org\/{rel}","templated":true}]}}