{"id":11050,"date":"2023-10-26T14:02:29","date_gmt":"2023-10-26T12:02:29","guid":{"rendered":"https:\/\/jacekplacek.com.pl\/?post_type=product&#038;p=11050"},"modified":"2025-11-18T18:30:59","modified_gmt":"2025-11-18T17:30:59","slug":"pastel-de-pistacho","status":"publish","type":"product","link":"https:\/\/jacekplacek.com.pl\/es\/almacenar\/torty_i_desery\/tortas\/pastel-de-pistacho\/","title":{"rendered":"Pastel de pistacho"},"content":{"rendered":"<p><span style=\"font-weight: 400;\"><strong>\u00a1Bienvenidos al mundo del sabor \u00fanico del Pastel de Pistacho!<\/strong> <\/span><\/p>\n<p><span style=\"font-weight: 400;\">Es una combinaci\u00f3n de delicada mousse mediterr\u00e1nea de pistacho y mermelada de frutos del bosque. El interior del bizcocho se enriqueci\u00f3 con bollos crujientes, d\u00e1ndole una textura interesante. Nuestra Tarta de Pistacho es un aut\u00e9ntico placer para los amantes de los pistachos y los sabores frutales. \u00a1Perm\u00edtete un momento de placer con esta tarta \u00fanica!<\/span><\/p>\n<p><span style=\"font-weight: 400;\">Os animamos a encargar una tarta en forma de regalo, con el elegido <\/span><b>tarjeta de felicitaci\u00f3n<\/b><span style=\"font-weight: 400;\"> y a juego <\/span><b>velas<\/b><span style=\"font-weight: 400;\">.<\/span><\/p>","protected":false},"excerpt":{"rendered":"<p><span data-sheets-root=\"1\">Un pastel con una delicada crema a base de pistachos mediterr\u00e1neos, troceado con mermelada de frutos del bosque y enriquecido con crujientes tostadas.<\/span><\/p>","protected":false},"featured_media":10905,"comment_status":"closed","ping_status":"closed","template":"","meta":{"content-type":""},"product_brand":[],"product_cat":[123],"product_tag":[744,166,730,733,743,731,745,732,734],"class_list":{"0":"post-11050","1":"product","2":"type-product","3":"status-publish","4":"has-post-thumbnail","6":"product_cat-torty","7":"product_tag-deser-pistacjowy","8":"product_tag-tort","9":"product_tag-tort-na-urodziny","10":"product_tag-tort-naturalny","11":"product_tag-tort-pistacjowy","12":"product_tag-tort-urodzinowy","13":"product_tag-tort-z-pistacjami","14":"product_tag-torty-naturalne","15":"product_tag-zdrowy-sklad","17":"entry","18":"has-media","20":"first","21":"instock","22":"shipping-taxable","23":"product-type-variable","24":"has-default-attributes","25":"has-product-nav","26":"col","27":"span_1_of_4","28":"owp-content-center","29":"owp-thumbs-layout-horizontal","30":"owp-btn-normal","31":"owp-tabs-layout-horizontal"},"acf":[],"_links":{"self":[{"href":"https:\/\/jacekplacek.com.pl\/es\/wp-json\/wp\/v2\/product\/11050","targetHints":{"allow":["GET"]}}],"collection":[{"href":"https:\/\/jacekplacek.com.pl\/es\/wp-json\/wp\/v2\/product"}],"about":[{"href":"https:\/\/jacekplacek.com.pl\/es\/wp-json\/wp\/v2\/types\/product"}],"replies":[{"embeddable":true,"href":"https:\/\/jacekplacek.com.pl\/es\/wp-json\/wp\/v2\/comments?post=11050"}],"wp:featuredmedia":[{"embeddable":true,"href":"https:\/\/jacekplacek.com.pl\/es\/wp-json\/wp\/v2\/media\/10905"}],"wp:attachment":[{"href":"https:\/\/jacekplacek.com.pl\/es\/wp-json\/wp\/v2\/media?parent=11050"}],"wp:term":[{"taxonomy":"product_brand","embeddable":true,"href":"https:\/\/jacekplacek.com.pl\/es\/wp-json\/wp\/v2\/product_brand?post=11050"},{"taxonomy":"product_cat","embeddable":true,"href":"https:\/\/jacekplacek.com.pl\/es\/wp-json\/wp\/v2\/product_cat?post=11050"},{"taxonomy":"product_tag","embeddable":true,"href":"https:\/\/jacekplacek.com.pl\/es\/wp-json\/wp\/v2\/product_tag?post=11050"}],"curies":[{"name":"wp","href":"https:\/\/api.w.org\/{rel}","templated":true}]}}