{"id":11044,"date":"2023-10-26T14:02:26","date_gmt":"2023-10-26T12:02:26","guid":{"rendered":"https:\/\/jacekplacek.com.pl\/?post_type=product&#038;p=11044"},"modified":"2025-11-18T18:30:59","modified_gmt":"2025-11-18T17:30:59","slug":"pastel-de-chocolate-real","status":"publish","type":"product","link":"https:\/\/jacekplacek.com.pl\/es\/almacenar\/torty_i_desery\/tortas\/pastel-de-chocolate-real\/","title":{"rendered":"Pastel de chocolate real"},"content":{"rendered":"<p><strong>La tarta de Chocolate Real es un aut\u00e9ntico placer para los amantes del chocolate. <\/strong><\/p>\n<p><span style=\"font-weight: 400;\">Esta incre\u00edble mousse de chocolate adquiere sabores extraordinarios gracias a un toque de queso de bisonte, que le da car\u00e1cter y una profundidad de sabor \u00fanica. Adem\u00e1s, entre las capas de este bizcocho \u00fanico encontrar\u00e1s hojaldres crujientes que le dan una textura \u00fanica. <\/span><\/p>\n<p><span style=\"font-weight: 400;\">\u00a1Pero ese no es el final de las sorpresas! Nuestra mousse est\u00e1 cubierta con una delicada mermelada de ar\u00e1ndanos y grosellas, que aporta un toque de frescura y encanto afrutado. <strong>Este es un pastel que ofrece una armon\u00eda de dulzura y sabor distintivo en cada bocado. \u00a1Ven a nuestra confiter\u00eda y del\u00e9itate con la Tarta de Chocolate Real!<\/strong><\/span><\/p>\n<p><span style=\"font-weight: 400;\">Os animamos a encargar una tarta en forma de regalo, con el elegido <\/span><b>tarjeta de felicitaci\u00f3n<\/b><span style=\"font-weight: 400;\"> y a juego <\/span><b>velas<\/b><span style=\"font-weight: 400;\">.<\/span><\/p>","protected":false},"excerpt":{"rendered":"<p><span style=\"font-weight: 400;\">Este es un pastel que ofrece una armon\u00eda de dulzura y sabor distintivo en cada bocado. \u00a1Ven a nuestra confiter\u00eda y del\u00e9itate con la Tarta de Chocolate Real!<\/span><\/p>","protected":false},"featured_media":10975,"comment_status":"closed","ping_status":"closed","template":"","meta":{"content-type":""},"product_brand":[],"product_cat":[123],"product_tag":[747,166,176,730,733,731,746,732,734],"class_list":{"0":"post-11044","1":"product","2":"type-product","3":"status-publish","4":"has-post-thumbnail","6":"product_cat-torty","7":"product_tag-luksusowy-tort","8":"product_tag-tort","9":"product_tag-tort-czekoladowy","10":"product_tag-tort-na-urodziny","11":"product_tag-tort-naturalny","12":"product_tag-tort-urodzinowy","13":"product_tag-tort-z-czekolada-jadalne-zloto","14":"product_tag-torty-naturalne","15":"product_tag-zdrowy-sklad","17":"entry","18":"has-media","20":"first","21":"instock","22":"shipping-taxable","23":"product-type-variable","24":"has-default-attributes","25":"has-product-nav","26":"col","27":"span_1_of_4","28":"owp-content-center","29":"owp-thumbs-layout-horizontal","30":"owp-btn-normal","31":"owp-tabs-layout-horizontal"},"acf":[],"_links":{"self":[{"href":"https:\/\/jacekplacek.com.pl\/es\/wp-json\/wp\/v2\/product\/11044","targetHints":{"allow":["GET"]}}],"collection":[{"href":"https:\/\/jacekplacek.com.pl\/es\/wp-json\/wp\/v2\/product"}],"about":[{"href":"https:\/\/jacekplacek.com.pl\/es\/wp-json\/wp\/v2\/types\/product"}],"replies":[{"embeddable":true,"href":"https:\/\/jacekplacek.com.pl\/es\/wp-json\/wp\/v2\/comments?post=11044"}],"wp:featuredmedia":[{"embeddable":true,"href":"https:\/\/jacekplacek.com.pl\/es\/wp-json\/wp\/v2\/media\/10975"}],"wp:attachment":[{"href":"https:\/\/jacekplacek.com.pl\/es\/wp-json\/wp\/v2\/media?parent=11044"}],"wp:term":[{"taxonomy":"product_brand","embeddable":true,"href":"https:\/\/jacekplacek.com.pl\/es\/wp-json\/wp\/v2\/product_brand?post=11044"},{"taxonomy":"product_cat","embeddable":true,"href":"https:\/\/jacekplacek.com.pl\/es\/wp-json\/wp\/v2\/product_cat?post=11044"},{"taxonomy":"product_tag","embeddable":true,"href":"https:\/\/jacekplacek.com.pl\/es\/wp-json\/wp\/v2\/product_tag?post=11044"}],"curies":[{"name":"wp","href":"https:\/\/api.w.org\/{rel}","templated":true}]}}