{"id":11041,"date":"2023-10-26T14:02:24","date_gmt":"2023-10-26T12:02:24","guid":{"rendered":"https:\/\/jacekplacek.com.pl\/?post_type=product&#038;p=11041"},"modified":"2025-11-18T18:30:55","modified_gmt":"2025-11-18T17:30:55","slug":"pastel-de-tiramisu-italiano","status":"publish","type":"product","link":"https:\/\/jacekplacek.com.pl\/es\/almacenar\/torty_i_desery\/tortas\/pastel-de-tiramisu-italiano\/","title":{"rendered":"Pastel de tiramis\u00fa italiano"},"content":{"rendered":"<p><strong>Un cl\u00e1sico italiano en su versi\u00f3n m\u00e1s deliciosa: nuestro Pastel de Tiramis\u00fa Italiano. <\/strong><\/p>\n<p><span style=\"font-weight: 400;\">Nuestra tarta es un homenaje al postre tradicional italiano a base de queso mascarpone, que no s\u00f3lo es sumamente cremoso, sino tambi\u00e9n rico en sabor. Para darle a\u00fan m\u00e1s aroma, lo remojamos en ponche de caf\u00e9 con un toque de licor de amaretto. Es una combinaci\u00f3n de sabores que deleita los sentidos y encanta el paladar. <\/span><\/p>\n<p><strong>La tarta de tiramis\u00fa italiano es la elecci\u00f3n perfecta para quienes quieren sumergirse en la tradici\u00f3n y los sabores de Italia. \u00a1Ven a nuestra confiter\u00eda y emprende este viaje de sabor con nosotros hoy! <\/strong><\/p>\n<p><span style=\"font-weight: 400;\">Os animamos a encargar una tarta en forma de regalo, con el elegido <\/span><b>tarjeta de felicitaci\u00f3n<\/b><span style=\"font-weight: 400;\"> y a juego <\/span><b>velas<\/b><span style=\"font-weight: 400;\">.<\/span><\/p>","protected":false},"excerpt":{"rendered":"<p><span data-sheets-root=\"1\">Capas de bizcocho ba\u00f1adas en caf\u00e9 y licor de amaretto, combinado con cremoso de mascarpone. Postres cl\u00e1sicos italianos en forma de exquisita tarta.<\/span><\/p>","protected":false},"featured_media":10947,"comment_status":"closed","ping_status":"closed","template":"","meta":{"content-type":""},"product_brand":[],"product_cat":[123],"product_tag":[748,749,267,166,304,730,733,296,731,732,702,734],"class_list":{"0":"post-11041","1":"product","2":"type-product","3":"status-publish","4":"has-post-thumbnail","6":"product_cat-torty","7":"product_tag-deser-kawowy","8":"product_tag-deser-tiramisu","9":"product_tag-tiramisu","10":"product_tag-tort","11":"product_tag-tort-kawowy","12":"product_tag-tort-na-urodziny","13":"product_tag-tort-naturalny","14":"product_tag-tort-tiramisu","15":"product_tag-tort-urodzinowy","16":"product_tag-torty-naturalne","17":"product_tag-wloskie-tiramisu","18":"product_tag-zdrowy-sklad","20":"entry","21":"has-media","23":"first","24":"instock","25":"shipping-taxable","26":"product-type-variable","27":"has-default-attributes","28":"has-product-nav","29":"col","30":"span_1_of_4","31":"owp-content-center","32":"owp-thumbs-layout-horizontal","33":"owp-btn-normal","34":"owp-tabs-layout-horizontal"},"acf":[],"_links":{"self":[{"href":"https:\/\/jacekplacek.com.pl\/es\/wp-json\/wp\/v2\/product\/11041","targetHints":{"allow":["GET"]}}],"collection":[{"href":"https:\/\/jacekplacek.com.pl\/es\/wp-json\/wp\/v2\/product"}],"about":[{"href":"https:\/\/jacekplacek.com.pl\/es\/wp-json\/wp\/v2\/types\/product"}],"replies":[{"embeddable":true,"href":"https:\/\/jacekplacek.com.pl\/es\/wp-json\/wp\/v2\/comments?post=11041"}],"wp:featuredmedia":[{"embeddable":true,"href":"https:\/\/jacekplacek.com.pl\/es\/wp-json\/wp\/v2\/media\/10947"}],"wp:attachment":[{"href":"https:\/\/jacekplacek.com.pl\/es\/wp-json\/wp\/v2\/media?parent=11041"}],"wp:term":[{"taxonomy":"product_brand","embeddable":true,"href":"https:\/\/jacekplacek.com.pl\/es\/wp-json\/wp\/v2\/product_brand?post=11041"},{"taxonomy":"product_cat","embeddable":true,"href":"https:\/\/jacekplacek.com.pl\/es\/wp-json\/wp\/v2\/product_cat?post=11041"},{"taxonomy":"product_tag","embeddable":true,"href":"https:\/\/jacekplacek.com.pl\/es\/wp-json\/wp\/v2\/product_tag?post=11041"}],"curies":[{"name":"wp","href":"https:\/\/api.w.org\/{rel}","templated":true}]}}