{"id":10279,"date":"2023-08-07T12:21:22","date_gmt":"2023-08-07T10:21:22","guid":{"rendered":"https:\/\/jacekplacek.com.pl\/?post_type=product&#038;p=10279"},"modified":"2025-11-18T18:30:48","modified_gmt":"2025-11-18T17:30:48","slug":"pastel-vegano-con-cerezas","status":"publish","type":"product","link":"https:\/\/jacekplacek.com.pl\/es\/almacenar\/pasteles-de-frutas\/pastel-vegano-con-cerezas\/","title":{"rendered":"Galletas de mantequilla veganas con cerezas"},"content":{"rendered":"<p><strong>Cerezas dulces y ligeramente \u00e1cidas.<\/strong><\/p>\n<p>Masa quebrada vegana elaborada seg\u00fan receta tradicional. Siente el sabor casero de nuestros productos horneados.<\/p>\n<p><span style=\"font-weight: 400;\">(La planta utiliza: harina, huevos, nueces, s\u00e9samo y leche. Por tanto, cada producto puede contener trazas de los al\u00e9rgenos mencionados, aunque no est\u00e9n especificados en la descripci\u00f3n y lista de ingredientes.)<\/span><\/p>","protected":false},"excerpt":{"rendered":"<p><span data-sheets-root=\"1\">Placek wega\u0144ski z dodatkiem soczystych wi\u015bni, wy\u0142\u0105cznie na bazie ro\u015blinnych sk\u0142adnik\u00f3w.<\/span><\/p>","protected":false},"featured_media":10533,"comment_status":"closed","ping_status":"closed","template":"","meta":{"content-type":""},"product_brand":[],"product_cat":[74,534],"product_tag":[65,207,444,446,445,449,208],"class_list":{"0":"post-10279","1":"product","2":"type-product","3":"status-publish","4":"has-post-thumbnail","6":"product_cat-ciasta-owocowe","7":"product_cat-ciasta-weganskie-i-keto","8":"product_tag-ciasto-kruche","9":"product_tag-ciasto-w-wisniami","10":"product_tag-cukiernia-jacek-placek","11":"product_tag-jacek-placek-gdansk","12":"product_tag-jacek-placek-gowino","13":"product_tag-jacek-placek-sopot","14":"product_tag-wisnie","16":"entry","17":"has-media","19":"first","20":"instock","21":"shipping-taxable","22":"product-type-variable","23":"has-default-attributes","24":"has-product-nav","25":"col","26":"span_1_of_4","27":"owp-content-center","28":"owp-thumbs-layout-horizontal","29":"owp-btn-normal","30":"owp-tabs-layout-horizontal"},"acf":[],"_links":{"self":[{"href":"https:\/\/jacekplacek.com.pl\/es\/wp-json\/wp\/v2\/product\/10279","targetHints":{"allow":["GET"]}}],"collection":[{"href":"https:\/\/jacekplacek.com.pl\/es\/wp-json\/wp\/v2\/product"}],"about":[{"href":"https:\/\/jacekplacek.com.pl\/es\/wp-json\/wp\/v2\/types\/product"}],"replies":[{"embeddable":true,"href":"https:\/\/jacekplacek.com.pl\/es\/wp-json\/wp\/v2\/comments?post=10279"}],"wp:featuredmedia":[{"embeddable":true,"href":"https:\/\/jacekplacek.com.pl\/es\/wp-json\/wp\/v2\/media\/10533"}],"wp:attachment":[{"href":"https:\/\/jacekplacek.com.pl\/es\/wp-json\/wp\/v2\/media?parent=10279"}],"wp:term":[{"taxonomy":"product_brand","embeddable":true,"href":"https:\/\/jacekplacek.com.pl\/es\/wp-json\/wp\/v2\/product_brand?post=10279"},{"taxonomy":"product_cat","embeddable":true,"href":"https:\/\/jacekplacek.com.pl\/es\/wp-json\/wp\/v2\/product_cat?post=10279"},{"taxonomy":"product_tag","embeddable":true,"href":"https:\/\/jacekplacek.com.pl\/es\/wp-json\/wp\/v2\/product_tag?post=10279"}],"curies":[{"name":"wp","href":"https:\/\/api.w.org\/{rel}","templated":true}]}}