{"id":10196,"date":"2023-07-28T10:16:02","date_gmt":"2023-07-28T08:16:02","guid":{"rendered":"https:\/\/jacekplacek.com.pl\/?post_type=product&#038;p=10196"},"modified":"2025-12-16T15:38:39","modified_gmt":"2025-12-16T14:38:39","slug":"galletas-cetogenicas-de-almendras","status":"publish","type":"product","link":"https:\/\/jacekplacek.com.pl\/es\/almacenar\/galletas-y-galletas\/galletas-2\/galletas-cetogenicas-de-almendras\/","title":{"rendered":"Galletas KETO de almendras"},"content":{"rendered":"<p><span style=\"font-weight: 400; color: #000000;\">Qu\u00e9 lindo combinar tu debilidad por las galletas de mantequilla con complementar tu dieta con valiosas semillas...<\/span><\/p>\n<p><span style=\"color: #000000;\">Nuestras galletas de almendras sin gluten con xilitol y un toque de naranja no son s\u00f3lo un sabroso snack, sino tambi\u00e9n un producto que se adapta a un estilo de vida saludable. Elaborados para personas que siguen una dieta cetog\u00e9nica, son un complemento perfecto para el men\u00fa diario. Cada galleta es peque\u00f1a, pero llena de sabor, placer y salud. <span style=\"font-weight: 400;\"> (Debido a la falta de una l\u00ednea de producci\u00f3n separada, el producto puede contener trazas de gluten y otros al\u00e9rgenos. La planta utiliza: harina, huevos, frutos secos, s\u00e9samo y leche, por lo que cada producto puede contener trazas de los al\u00e9rgenos mencionados, incluso si son no especificado en la descripci\u00f3n y lista de ingredientes.)<\/span><\/span><\/p>\n<p><span style=\"font-weight: 400; color: #000000;\">\u00a1Es el snack perfecto para cualquier ocasi\u00f3n!\u00a0<\/span><\/p>\n<p>&nbsp;<\/p>\n<p>&nbsp;<\/p>","protected":false},"excerpt":{"rendered":"<p><span style=\"font-weight: 400;\">Galletas de almendras con contenido reducido de gluten con xilitol y un toque de naranja: un producto para personas que siguen una dieta cetog\u00e9nica.\u00a0<\/span><\/p>","protected":false},"featured_media":0,"comment_status":"closed","ping_status":"closed","template":"","meta":{"content-type":""},"product_brand":[],"product_cat":[121],"product_tag":[348,454,444,446,445,449,354,355],"class_list":{"0":"post-10196","1":"product","2":"type-product","3":"status-publish","5":"product_cat-ciasteczka","6":"product_tag-ciasteczka-kruche","7":"product_tag-ciasteczka-na-wage","8":"product_tag-cukiernia-jacek-placek","9":"product_tag-jacek-placek-gdansk","10":"product_tag-jacek-placek-gowino","11":"product_tag-jacek-placek-sopot","12":"product_tag-z-nasionami","13":"product_tag-ze-slonecznikiem","15":"entry","17":"first","18":"outofstock","19":"shipping-taxable","20":"product-type-variable","21":"has-default-attributes","22":"has-product-nav","23":"col","24":"span_1_of_4","25":"owp-content-center","26":"owp-thumbs-layout-horizontal","27":"owp-btn-normal","28":"owp-tabs-layout-horizontal","29":"has-no-thumbnails"},"acf":[],"_links":{"self":[{"href":"https:\/\/jacekplacek.com.pl\/es\/wp-json\/wp\/v2\/product\/10196","targetHints":{"allow":["GET"]}}],"collection":[{"href":"https:\/\/jacekplacek.com.pl\/es\/wp-json\/wp\/v2\/product"}],"about":[{"href":"https:\/\/jacekplacek.com.pl\/es\/wp-json\/wp\/v2\/types\/product"}],"replies":[{"embeddable":true,"href":"https:\/\/jacekplacek.com.pl\/es\/wp-json\/wp\/v2\/comments?post=10196"}],"wp:attachment":[{"href":"https:\/\/jacekplacek.com.pl\/es\/wp-json\/wp\/v2\/media?parent=10196"}],"wp:term":[{"taxonomy":"product_brand","embeddable":true,"href":"https:\/\/jacekplacek.com.pl\/es\/wp-json\/wp\/v2\/product_brand?post=10196"},{"taxonomy":"product_cat","embeddable":true,"href":"https:\/\/jacekplacek.com.pl\/es\/wp-json\/wp\/v2\/product_cat?post=10196"},{"taxonomy":"product_tag","embeddable":true,"href":"https:\/\/jacekplacek.com.pl\/es\/wp-json\/wp\/v2\/product_tag?post=10196"}],"curies":[{"name":"wp","href":"https:\/\/api.w.org\/{rel}","templated":true}]}}