{"id":15868,"date":"2025-03-21T17:11:10","date_gmt":"2025-03-21T16:11:10","guid":{"rendered":"https:\/\/jacekplacek.com.pl\/?post_type=product&#038;p=15868"},"modified":"2025-11-18T18:32:34","modified_gmt":"2025-11-18T17:32:34","slug":"nano-tiramisu-pistacjowe","status":"publish","type":"product","link":"https:\/\/jacekplacek.com.pl\/en\/store\/torty_i_desery\/monoporcje-na-catering\/nano-tiramisu-pistacjowe\/","title":{"rendered":"Nano tiramisu pistacjowe"},"content":{"rendered":"<h1>Nano tiramisu pistacjowe<\/h1>\n<p>Nano tiramisu pistacjowe to wyj\u0105tkowa wariacja klasycznego w\u0142oskiego deseru. \u0141\u0105czy aksamitny krem pistacjowy, biszkopty nas\u0105czone aromatyczn\u0105 kaw\u0105 oraz \u015bwie\u017ce maliny, kt\u00f3re dodaj\u0105 lekko\u015bci i orze\u017awienia.<\/p>\n<p>Wersja <strong>nanos<\/strong> oznacza, \u017ce jest wariant ciasta w formie male\u0144kiego okr\u0105g\u0142ego deseru, dla jednej osoby. Smako\u0142yk na &#8222;dwa k\u0119sy&#8221;.<\/p>\n<p>Product available in\u00a0<strong>opakowaniu zbiorczym 6 szt. <\/strong>(ok. 300g).<\/p>\n<h2><\/h2>\n<h2>Klika s\u0142\u00f3w o deserach Tiramisu<\/h2>\n<p>Tiramisu to jeden z najs\u0142ynniejszych w\u0142oskich deser\u00f3w. Jego historia si\u0119ga lat 60. XX wieku, a wywodzi si\u0119 z regionu Wenecji Euganejskiej. Tradycyjnie \u0142\u0105czy w sobie delikatny krem z sera mascarpone i nas\u0105czone kaw\u0105 biszkopty. My postanowili\u015bmy wzbogaci\u0107 ten przepis o nut\u0119 pistacji, kt\u00f3ra tak\u017ce kojarzy si\u0119 z W\u0142ochami, szczeg\u00f3lnie z regionem Sycylii. Nasze tiramisu pistacjowe \u0142\u0105czy w sobie aromat kawy, kremow\u0105 struktur\u0119 mascarpone oraz intensywny smak pistacji. Aby nada\u0107 deserowi \u015bwie\u017co\u015bci, dodali\u015bmy maliny, kt\u00f3re przyjemnie prze\u0142amuj\u0105 s\u0142odycz i zapewniaj\u0105 orze\u017awiaj\u0105cy akcent. W efekcie powsta\u0142a lekka, a zarazem bogata w smaku kompozycja, kt\u00f3ra rozp\u0142ywa si\u0119 w ustach.<\/p>\n<p><strong>Skosztuj naszej pistacjowej wariacji tiramisu i poczuj si\u0119 jak we w\u0142oskiej kawiarni!<\/strong><\/p>\n<p>&nbsp;<\/p>\n<h2>Potencjalne zastosowania<\/h2>\n<p>Nano tiramisu pistacjowe doskonale sprawdza si\u0119 jako finger food &#8211; ciastko na dwa gryzy.<\/p>\n<ul>\n<li>Jest to \u015bwietna propozycja na <strong>bankiety<\/strong> and <strong>konferencje<\/strong>. Wystarczy zdj\u0105\u0107 z brzegu foli\u0119 ochronn\u0105 i nano tiramisu jest ju\u017c gotowe do zjedzenia.<\/li>\n<li>Proste w podawaniu deserki na <strong>catering<\/strong>.<\/li>\n<li>Nano tiramisu pistacjowe idealnie nadaje si\u0119 te\u017c na <strong>s\u0142odkie sto\u0142y<\/strong> przy r\u00f3\u017cnych uroczysto\u015bciach, takich jak <strong>wesela<\/strong>, <strong>komunie<\/strong> czy spotkania firmowe. Dzi\u0119ki temu rozwi\u0105zaniu go\u015bcie mog\u0105 swobodnie si\u0119ga\u0107 po gotowe, estetycznie podane ciastko, bez dodatkowych czynno\u015bci personelu.<\/li>\n<\/ul>\n<h2><\/h2>\n<h2>Kluczowe cechy<\/h2>\n<ul>\n<li>Deserki gotowe do podania na st\u00f3\u0142 bez dodatkowych czynno\u015bci.<\/li>\n<li>Aksamitny krem mascarpone z pistacjami.<\/li>\n<li>Po\u0142\u0105czenie tradycyjnego tiramisu i szlachetnego smaku pistacji.<\/li>\n<li>Wyraziste maliny prze\u0142amuj\u0105ce s\u0142odycz kremu.<\/li>\n<li>Delikatny, rozp\u0142ywaj\u0105cy si\u0119 w ustach deser.<\/li>\n<\/ul>\n<h2><\/h2>\n<h2>Serwowanie i podpowiedzi kulinarne<\/h2>\n<p>To ciasto smakuje wy\u015bmienicie w towarzystwie \u015bwie\u017co zaparzonej kawy lub kieliszka Prosecco. Najlepiej podawa\u0107 je delikatnie sch\u0142odzone, w temperaturze oko\u0142o 7\u20138\u00b0C. Tiramisu pistacjowe to bardzo delikatny deser, dlatego zalecamy wyjmowa\u0107 je z opakowania i przek\u0142ada\u0107 na pater\u0119 lub talerzyk za pomoc\u0105 \u0142opatki do ciast.<\/p>\n<h3><\/h3>\n<h3>Spos\u00f3b przechowywania i termin przydatno\u015bci<\/h3>\n<p>Deserki najlepiej przechowywa\u0107 w lod\u00f3wce w plastikowym opakowaniu w oryginalnych foliach ochronnych, w temperaturze 5\u20138\u00b0C. W takich warunkach nano tiramisu pistacjowe zachowuje pe\u0142ni\u0119 smaku i \u015bwie\u017co\u015b\u0107 do czterech dni.<\/p>\n<h3><\/h3>\n<h3>Nano tiramisu pistacjowe, opis troch\u0119 bardziej techniczny<\/h3>\n<ol>\n<li>Wielko\u015b\u0107 1 ciastka: \u015brednica oko\u0142o 4,5 cm, wysoko\u015b\u0107 4 cm.<\/li>\n<li>Sp\u00f3d stanowi warstwa biszkoptu nas\u0105czonego ponczem kawowym.<\/li>\n<li>Nast\u0119pnie nak\u0142adany jest krem pistacjowy na bazie mascarpone oraz maliny.<\/li>\n<li>Kolejna warstwa to zn\u00f3w biszkopty z kawowym aromatem.<\/li>\n<li>Ca\u0142o\u015b\u0107 zwie\u0144cza warstwa kremu mascarpone posypana suszonymi malinami i kawa\u0142kami pistacji.<\/li>\n<\/ol>\n<h3><\/h3>\n<h3>R\u00f3\u017cnice mi\u0119dzy innymi wersjami<\/h3>\n<ul>\n<li><strong><a href=\"https:\/\/jacekplacek.com.pl\/en\/store\/cakes\/cakes-2\/italian-tiramisu-cake\/\">Klasyczne tiramisu<\/a>:<\/strong>\u00a0Bez dodatku pistacji i malin, skupia si\u0119 na po\u0142\u0105czeniu kawy z mascarpone.<\/li>\n<li><strong><a href=\"https:\/\/jacekplacek.com.pl\/en\/store\/cream-cakes\/tiramisu-pistacjowe\/?srsltid=AfmBOor1Hj-hgFoFtvVvsuHR9SdYdrOeP0-36NhizD9kGz9Sm4SPDJQG\">Tiramisu pistacjowe<\/a>:<\/strong> ciasto dost\u0119pne w formie blachy (36 cm x 20 cm), okr\u0119gu o \u015brednicy 22 cm lub 26 cm.<\/li>\n<li><strong><a href=\"https:\/\/jacekplacek.com.pl\/en\/store\/cafe-mini-desserts\/mini-tiramisu-pistacjowe\/\">Mini tiramiasu pistacjowe<\/a>:<\/strong> wersja tego samego deseru w formie monoporcji dla jednej osoby.<\/li>\n<\/ul>\n<h3><\/h3>\n<h3>Opakowanie i wielko\u015b\u0107 ciasta<\/h3>\n<ul>\n<li>Wielko\u015b\u0107 1 ciastka:\n<ul>\n<li>\u015brednica oko\u0142o 4,5 cm,<\/li>\n<li>wysoko\u015b\u0107 4 cm,<\/li>\n<li>waga oko\u0142o 50g<\/li>\n<\/ul>\n<\/li>\n<li>Deserki pakujemy w opakowaniu plastikowym.<\/li>\n<li>W jednym opakowaniu znajduj\u0105 si\u0119\u00a0<strong>sze\u015b\u0107 ma\u0142ych torcik\u00f3w <\/strong>(oko\u0142o 300 g)<\/li>\n<\/ul>\n<p>&nbsp;<\/p>\n<h3>Opcje dostawy<\/h3>\n<ul>\n<li>Oferujemy dow\u00f3z do domu w okolicy Tr\u00f3jmiasta.<\/li>\n<li>Nasze ciasta mo\u017cna te\u017c kupi\u0107\u00a0<strong><a href=\"https:\/\/jacekplacek.com.pl\/en\/our-confectioneries\/\">w naszych sklepach<\/a>.<\/strong><\/li>\n<\/ul>","protected":false},"excerpt":{"rendered":"<p>Aksamitny krem pistacjowy, biszkopty z nut\u0105 kawy i maliny, kt\u00f3re dodaj\u0105 lekko\u015bci, tworz\u0105c wyj\u0105tkow\u0105 wersj\u0119 klasycznego tiramisu w formie male\u0144kich torcik\u00f3w finger food &#8211; &#8222;na dwa gryzy&#8221;.<\/p>\n<p>Product available in\u00a0<strong>opakowaniu zbiorczym 6 szt. <\/strong>(ok. 300g).<\/p>","protected":false},"featured_media":15870,"comment_status":"closed","ping_status":"closed","template":"","meta":{"content-type":""},"product_brand":[],"product_cat":[693],"product_tag":[],"class_list":{"0":"post-15868","1":"product","2":"type-product","3":"status-publish","4":"has-post-thumbnail","6":"product_cat-monoporcje-na-catering","8":"entry","9":"has-media","11":"first","12":"instock","13":"shipping-taxable","14":"product-type-simple","15":"has-product-nav","16":"col","17":"span_1_of_4","18":"owp-content-center","19":"owp-thumbs-layout-horizontal","20":"owp-btn-normal","21":"owp-tabs-layout-horizontal"},"acf":[],"_links":{"self":[{"href":"https:\/\/jacekplacek.com.pl\/en\/wp-json\/wp\/v2\/product\/15868","targetHints":{"allow":["GET"]}}],"collection":[{"href":"https:\/\/jacekplacek.com.pl\/en\/wp-json\/wp\/v2\/product"}],"about":[{"href":"https:\/\/jacekplacek.com.pl\/en\/wp-json\/wp\/v2\/types\/product"}],"replies":[{"embeddable":true,"href":"https:\/\/jacekplacek.com.pl\/en\/wp-json\/wp\/v2\/comments?post=15868"}],"wp:featuredmedia":[{"embeddable":true,"href":"https:\/\/jacekplacek.com.pl\/en\/wp-json\/wp\/v2\/media\/15870"}],"wp:attachment":[{"href":"https:\/\/jacekplacek.com.pl\/en\/wp-json\/wp\/v2\/media?parent=15868"}],"wp:term":[{"taxonomy":"product_brand","embeddable":true,"href":"https:\/\/jacekplacek.com.pl\/en\/wp-json\/wp\/v2\/product_brand?post=15868"},{"taxonomy":"product_cat","embeddable":true,"href":"https:\/\/jacekplacek.com.pl\/en\/wp-json\/wp\/v2\/product_cat?post=15868"},{"taxonomy":"product_tag","embeddable":true,"href":"https:\/\/jacekplacek.com.pl\/en\/wp-json\/wp\/v2\/product_tag?post=15868"}],"curies":[{"name":"wp","href":"https:\/\/api.w.org\/{rel}","templated":true}]}}