{"id":9845,"date":"2023-07-10T13:38:24","date_gmt":"2023-07-10T11:38:24","guid":{"rendered":"https:\/\/jacekplacek.com.pl\/?post_type=product&#038;p=9845"},"modified":"2025-12-16T15:38:39","modified_gmt":"2025-12-16T14:38:39","slug":"haferflocken-kakao-kekse","status":"publish","type":"product","link":"https:\/\/jacekplacek.com.pl\/de\/speichern\/kekse-und-kekse\/kekse-2\/haferflocken-kakao-kekse\/","title":{"rendered":"Kakao-Haferkekse"},"content":{"rendered":"<p><span style=\"font-weight: 400;\">Wie sch\u00f6n, wenn man sein Faible f\u00fcr Shortbread-Kekse mit der Erg\u00e4nzung seiner Ern\u00e4hrung durch wertvolle Samen verbindet ...<\/span><\/p>\n<p><span style=\"font-weight: 400;\">Entdecken Sie den unvergleichlichen Geschmack unserer k\u00f6stlichen Kakao- und Haferkekse mit reduziertem Glutengehalt.\u00a0<\/span><\/p>\n<p><span style=\"font-weight: 400;\">Diese aus Haferflocken und aromatischer Erdnussbutter hergestellten Kekse sind ein wahrer Gaumenschmaus. Voller gesunder Zutaten \u2013 unsere Kakao- und Haferkekse sind eine ausgezeichnete Wahl f\u00fcr alle, die den Geschmack ohne Kompromisse genie\u00dfen m\u00f6chten.<\/span><\/p>\n<p><span style=\"color: #000000;\"><span style=\"font-weight: 400;\">(Aufgrund des Fehlens einer separaten Produktionslinie kann das Produkt Spuren von Gluten und anderen Allergenen enthalten. Das Werk verwendet: Mehl, Eier, N\u00fcsse, Sesam und Milch, daher kann jedes Produkt Spuren der genannten Allergene enthalten, auch wenn diese vorhanden sind nicht in der Beschreibung und Zutatenliste angegeben.)<\/span><\/span><\/p>\n<p>&nbsp;<\/p>\n<p>&nbsp;<\/p>","protected":false},"excerpt":{"rendered":"<p><span style=\"font-weight: 400;\">Machen Sie sich bereit f\u00fcr den einzigartigen Geschmack unserer k\u00f6stlichen Kakao- und Haferkekse. Hergestellt aus Haferflocken und Erdnussbutter, reich an Ballaststoffen und mit reduziertem Glutengehalt sind die Kekse ein wahres Fest f\u00fcr den Gaumen.<\/span><\/p>","protected":false},"featured_media":10094,"comment_status":"closed","ping_status":"closed","template":"","meta":{"content-type":""},"product_brand":[],"product_cat":[121],"product_tag":[348,454,444,446,445,449,354,355],"class_list":{"0":"post-9845","1":"product","2":"type-product","3":"status-publish","4":"has-post-thumbnail","6":"product_cat-ciasteczka","7":"product_tag-ciasteczka-kruche","8":"product_tag-ciasteczka-na-wage","9":"product_tag-cukiernia-jacek-placek","10":"product_tag-jacek-placek-gdansk","11":"product_tag-jacek-placek-gowino","12":"product_tag-jacek-placek-sopot","13":"product_tag-z-nasionami","14":"product_tag-ze-slonecznikiem","16":"entry","17":"has-media","19":"first","20":"outofstock","21":"shipping-taxable","22":"product-type-variable","23":"has-default-attributes","24":"has-product-nav","25":"col","26":"span_1_of_4","27":"owp-content-center","28":"owp-thumbs-layout-horizontal","29":"owp-btn-normal","30":"owp-tabs-layout-horizontal"},"acf":[],"_links":{"self":[{"href":"https:\/\/jacekplacek.com.pl\/de\/wp-json\/wp\/v2\/product\/9845","targetHints":{"allow":["GET"]}}],"collection":[{"href":"https:\/\/jacekplacek.com.pl\/de\/wp-json\/wp\/v2\/product"}],"about":[{"href":"https:\/\/jacekplacek.com.pl\/de\/wp-json\/wp\/v2\/types\/product"}],"replies":[{"embeddable":true,"href":"https:\/\/jacekplacek.com.pl\/de\/wp-json\/wp\/v2\/comments?post=9845"}],"wp:featuredmedia":[{"embeddable":true,"href":"https:\/\/jacekplacek.com.pl\/de\/wp-json\/wp\/v2\/media\/10094"}],"wp:attachment":[{"href":"https:\/\/jacekplacek.com.pl\/de\/wp-json\/wp\/v2\/media?parent=9845"}],"wp:term":[{"taxonomy":"product_brand","embeddable":true,"href":"https:\/\/jacekplacek.com.pl\/de\/wp-json\/wp\/v2\/product_brand?post=9845"},{"taxonomy":"product_cat","embeddable":true,"href":"https:\/\/jacekplacek.com.pl\/de\/wp-json\/wp\/v2\/product_cat?post=9845"},{"taxonomy":"product_tag","embeddable":true,"href":"https:\/\/jacekplacek.com.pl\/de\/wp-json\/wp\/v2\/product_tag?post=9845"}],"curies":[{"name":"wp","href":"https:\/\/api.w.org\/{rel}","templated":true}]}}