{"id":9837,"date":"2023-07-10T13:38:05","date_gmt":"2023-07-10T11:38:05","guid":{"rendered":"https:\/\/jacekplacek.com.pl\/?post_type=product&#038;p=9837"},"modified":"2025-12-16T15:38:40","modified_gmt":"2025-12-16T14:38:40","slug":"haferflocken-butter-kekse","status":"publish","type":"product","link":"https:\/\/jacekplacek.com.pl\/de\/speichern\/kekse-und-kekse\/kekse-2\/haferflocken-butter-kekse\/","title":{"rendered":"Haferkekse in Butter"},"content":{"rendered":"<p><span style=\"font-weight: 400;\">Wie sch\u00f6n, wenn man sein Faible f\u00fcr Shortbread-Kekse mit der Erg\u00e4nzung seiner Ern\u00e4hrung durch wertvolle Samen verbindet ...<\/span><\/p>\n<p><span style=\"font-weight: 400;\">Wir laden Sie ein, unsere k\u00f6stlichen und knusprigen Haferkekse mit Butter zu probieren. Sie enthalten eine F\u00fclle wertvoller Getreidesorten, die sie nicht nur schmackhaft, sondern auch gesund machen. Dank sorgf\u00e4ltig ausgew\u00e4hlter Zutaten sind unsere Haferkekse mit Butter eine ideale Wahl f\u00fcr Liebhaber traditioneller, aromatischer Backwaren.<\/span><\/p>\n<p><span style=\"font-weight: 400;\">Probieren Sie sie aus und genie\u00dfen Sie den einzigartigen Geschmack.\u00a0<\/span><\/p>\n<p><span style=\"color: #000000;\"><span style=\"font-weight: 400;\">(Die Anlage verwendet: Mehl, Eier, N\u00fcsse, Sesam und Milch, daher kann jedes Produkt Spuren der genannten Allergene enthalten, auch wenn diese in der Beschreibung und Zutatenliste nicht aufgef\u00fchrt sind.)<\/span><\/span><\/p>\n<p>&nbsp;<\/p>","protected":false},"excerpt":{"rendered":"<p><span style=\"font-weight: 400;\">Tauchen Sie ein in den einzigartigen Geschmack unserer k\u00f6stlichen M\u00fcrbeteig-Haferkekse voller gesunder K\u00f6rner, die wertvolle Ballaststoffe und N\u00e4hrstoffe liefern.<\/span><\/p>","protected":false},"featured_media":9886,"comment_status":"closed","ping_status":"closed","template":"","meta":{"content-type":""},"product_brand":[],"product_cat":[121],"product_tag":[348,454,444,446,445,449,354,355],"class_list":{"0":"post-9837","1":"product","2":"type-product","3":"status-publish","4":"has-post-thumbnail","6":"product_cat-ciasteczka","7":"product_tag-ciasteczka-kruche","8":"product_tag-ciasteczka-na-wage","9":"product_tag-cukiernia-jacek-placek","10":"product_tag-jacek-placek-gdansk","11":"product_tag-jacek-placek-gowino","12":"product_tag-jacek-placek-sopot","13":"product_tag-z-nasionami","14":"product_tag-ze-slonecznikiem","16":"entry","17":"has-media","19":"first","20":"outofstock","21":"shipping-taxable","22":"product-type-variable","23":"has-default-attributes","24":"has-product-nav","25":"col","26":"span_1_of_4","27":"owp-content-center","28":"owp-thumbs-layout-horizontal","29":"owp-btn-normal","30":"owp-tabs-layout-horizontal"},"acf":[],"_links":{"self":[{"href":"https:\/\/jacekplacek.com.pl\/de\/wp-json\/wp\/v2\/product\/9837","targetHints":{"allow":["GET"]}}],"collection":[{"href":"https:\/\/jacekplacek.com.pl\/de\/wp-json\/wp\/v2\/product"}],"about":[{"href":"https:\/\/jacekplacek.com.pl\/de\/wp-json\/wp\/v2\/types\/product"}],"replies":[{"embeddable":true,"href":"https:\/\/jacekplacek.com.pl\/de\/wp-json\/wp\/v2\/comments?post=9837"}],"wp:featuredmedia":[{"embeddable":true,"href":"https:\/\/jacekplacek.com.pl\/de\/wp-json\/wp\/v2\/media\/9886"}],"wp:attachment":[{"href":"https:\/\/jacekplacek.com.pl\/de\/wp-json\/wp\/v2\/media?parent=9837"}],"wp:term":[{"taxonomy":"product_brand","embeddable":true,"href":"https:\/\/jacekplacek.com.pl\/de\/wp-json\/wp\/v2\/product_brand?post=9837"},{"taxonomy":"product_cat","embeddable":true,"href":"https:\/\/jacekplacek.com.pl\/de\/wp-json\/wp\/v2\/product_cat?post=9837"},{"taxonomy":"product_tag","embeddable":true,"href":"https:\/\/jacekplacek.com.pl\/de\/wp-json\/wp\/v2\/product_tag?post=9837"}],"curies":[{"name":"wp","href":"https:\/\/api.w.org\/{rel}","templated":true}]}}