{"id":9749,"date":"2023-06-28T12:29:23","date_gmt":"2023-06-28T10:29:23","guid":{"rendered":"https:\/\/jacekplacek.com.pl\/?post_type=product&#038;p=9749"},"modified":"2025-11-18T18:28:47","modified_gmt":"2025-11-18T17:28:47","slug":"mini-himbeerkuchen-mit-xylit-3-stuck","status":"publish","type":"product","link":"https:\/\/jacekplacek.com.pl\/de\/speichern\/torty_i_desery\/mini-desserts-fur-cafes\/mini-himbeerkuchen-mit-xylit-3-stuck\/","title":{"rendered":"Mini-Himbeerkuchen mit Xylit, 3 St\u00fcck"},"content":{"rendered":"<p>Dessert nicht nur f\u00fcr elegante Tafeln \u2013 perfekt zum Feiern von Namenstagen, Geburtstagen oder anderen Feierlichkeiten zu Hause oder am Arbeitsplatz...<\/p>\n<p>Lieben Sie cremige, gek\u00fchlte Desserts und die charakteristische Schaumtextur? Jetzt k\u00f6nnen Sie den fruchtigen und cremigen Geschmack von kaltem K\u00e4sekuchen genie\u00dfen, der keinen herk\u00f6mmlichen Zucker enth\u00e4lt. Wir haben ihn ersetzt\u00a0<strong>Birkenzucker \u2013 Xylit<\/strong>. Xylitol hat viel<strong>\u00a0niedriger glyk\u00e4mischer Index<\/strong>, was es f\u00fcr Menschen, die darunter leiden, sicher macht\u00a0<strong>Diabetes<\/strong>\u00a0und gerne in der Ern\u00e4hrung verwendet<strong>\u00a0Diabetiker<\/strong>.<\/p>\n<p>Produkt verf\u00fcgbar in\u00a0<strong>3 St\u00fcck in einer Sammelverpackung (1 St\u00fcck ca. 160g).<\/strong><\/p>","protected":false},"excerpt":{"rendered":"<p>Kalter K\u00e4sekuchen mit Birkenzucker \u2013 eine Basis aus Dinkelpl\u00e4tzchen mit Xylit, K\u00e4semasse mit Mascarpone und Himbeeren, dekoriert mit einer Schicht Himbeergelee.<\/p>\n<p>Produkt verf\u00fcgbar in\u00a0<strong>3 St\u00fcck in einer Sammelverpackung (1 St\u00fcck ca. 160g).<\/strong><\/p>","protected":false},"featured_media":11446,"comment_status":"closed","ping_status":"closed","template":"","meta":{"content-type":""},"product_brand":[],"product_cat":[723],"product_tag":[444,442,446,445,291,450,447,448],"class_list":{"0":"post-9749","1":"product","2":"type-product","3":"status-publish","4":"has-post-thumbnail","6":"product_cat-mini-desery-do-kawiarni","7":"product_tag-cukiernia-jacek-placek","8":"product_tag-deser-jednoporcjowy","9":"product_tag-jacek-placek-gdansk","10":"product_tag-jacek-placek-gowino","11":"product_tag-tort-malinowy","12":"product_tag-tort-mini","13":"product_tag-tort-red-velvet","14":"product_tag-tort-z-mascarpone","16":"entry","17":"has-media","19":"first","20":"instock","21":"shipping-taxable","22":"product-type-simple","23":"has-product-nav","24":"col","25":"span_1_of_4","26":"owp-content-center","27":"owp-thumbs-layout-horizontal","28":"owp-btn-normal","29":"owp-tabs-layout-horizontal"},"acf":[],"_links":{"self":[{"href":"https:\/\/jacekplacek.com.pl\/de\/wp-json\/wp\/v2\/product\/9749","targetHints":{"allow":["GET"]}}],"collection":[{"href":"https:\/\/jacekplacek.com.pl\/de\/wp-json\/wp\/v2\/product"}],"about":[{"href":"https:\/\/jacekplacek.com.pl\/de\/wp-json\/wp\/v2\/types\/product"}],"replies":[{"embeddable":true,"href":"https:\/\/jacekplacek.com.pl\/de\/wp-json\/wp\/v2\/comments?post=9749"}],"wp:featuredmedia":[{"embeddable":true,"href":"https:\/\/jacekplacek.com.pl\/de\/wp-json\/wp\/v2\/media\/11446"}],"wp:attachment":[{"href":"https:\/\/jacekplacek.com.pl\/de\/wp-json\/wp\/v2\/media?parent=9749"}],"wp:term":[{"taxonomy":"product_brand","embeddable":true,"href":"https:\/\/jacekplacek.com.pl\/de\/wp-json\/wp\/v2\/product_brand?post=9749"},{"taxonomy":"product_cat","embeddable":true,"href":"https:\/\/jacekplacek.com.pl\/de\/wp-json\/wp\/v2\/product_cat?post=9749"},{"taxonomy":"product_tag","embeddable":true,"href":"https:\/\/jacekplacek.com.pl\/de\/wp-json\/wp\/v2\/product_tag?post=9749"}],"curies":[{"name":"wp","href":"https:\/\/api.w.org\/{rel}","templated":true}]}}