{"id":9560,"date":"2023-06-12T12:08:26","date_gmt":"2023-06-12T10:08:26","guid":{"rendered":"https:\/\/jacekplacek.com.pl\/?post_type=product&#038;p=9560"},"modified":"2025-11-18T18:28:46","modified_gmt":"2025-11-18T17:28:46","slug":"nano-himbeerplatzchen-mit-birkenzucker-und-xylitol-6-stuck","status":"publish","type":"product","link":"https:\/\/jacekplacek.com.pl\/de\/speichern\/torty_i_desery\/monoporcje-na-catering\/nano-himbeerplatzchen-mit-birkenzucker-und-xylitol-6-stuck\/","title":{"rendered":"Nano-Himbeerkuchen mit Birkenzucker \u2013 Xylit, 6 St\u00fcck"},"content":{"rendered":"<p>Dessert nicht nur f\u00fcr elegante Tafeln \u2013 perfekt zum Feiern von Namenstagen, Geburtstagen oder anderen Feierlichkeiten zu Hause oder am Arbeitsplatz...<\/p>\n<p>Lieben Sie cremige, gek\u00fchlte Desserts und die charakteristische Schaumtextur? Jetzt k\u00f6nnen Sie den fruchtigen und cremigen Geschmack von kaltem K\u00e4sekuchen genie\u00dfen, der keinen herk\u00f6mmlichen Zucker enth\u00e4lt. Wir haben ihn ersetzt\u00a0<strong>Birkenzucker \u2013 Xylit<\/strong>. Xylitol hat viel<strong>\u00a0niedriger glyk\u00e4mischer Index<\/strong>, was es f\u00fcr Menschen, die darunter leiden, sicher macht\u00a0<strong>Diabetes<\/strong>\u00a0und gerne in der Ern\u00e4hrung verwendet<strong>\u00a0Diabetiker<\/strong>.<\/p>\n<p>Wenn Sie statt des traditionellen Kuchens auch andere Kuchen mit Birkenzucker bestellen m\u00f6chten, empfehlen wir Ihnen, dies zu tun\u00a0<strong><a href=\"https:\/\/jacekplacek.com.pl\/de\/kontakt\/\" target=\"_blank\" rel=\"noopener\">Kontakt<\/a>\u00a0<\/strong>mit der Produktionsabteilung.<\/p>\n<p>Produkt verf\u00fcgbar in <strong>Sammelverpackung 6 St\u00fcck (1 St\u00fcck ca. 50g).<\/strong><\/p>","protected":false},"excerpt":{"rendered":"<p>Kalter K\u00e4sekuchen mit Birkenzucker \u2013 eine Basis aus Dinkelpl\u00e4tzchen mit Xylit, K\u00e4semasse mit Mascarpone und Himbeeren, dekoriert mit einer Schicht Himbeergelee.<\/p>\n<p>Produkt verf\u00fcgbar in <strong>Sammelverpackung 6 St\u00fcck (1 St\u00fcck ca. 50g).<\/strong><\/p>","protected":false},"featured_media":11484,"comment_status":"closed","ping_status":"closed","template":"","meta":{"content-type":""},"product_brand":[],"product_cat":[693],"product_tag":[720,721,551,539,697,719,701],"class_list":{"0":"post-9560","1":"product","2":"type-product","3":"status-publish","4":"has-post-thumbnail","6":"product_cat-monoporcje-na-catering","7":"product_tag-catering-impreza","8":"product_tag-catering-urodziny","9":"product_tag-cukier-brzozowy","10":"product_tag-ksylitol","11":"product_tag-mini-deser","12":"product_tag-mini-porcje","13":"product_tag-nano-deser","15":"entry","16":"has-media","18":"first","19":"instock","20":"shipping-taxable","21":"product-type-simple","22":"has-product-nav","23":"col","24":"span_1_of_4","25":"owp-content-center","26":"owp-thumbs-layout-horizontal","27":"owp-btn-normal","28":"owp-tabs-layout-horizontal"},"acf":[],"_links":{"self":[{"href":"https:\/\/jacekplacek.com.pl\/de\/wp-json\/wp\/v2\/product\/9560","targetHints":{"allow":["GET"]}}],"collection":[{"href":"https:\/\/jacekplacek.com.pl\/de\/wp-json\/wp\/v2\/product"}],"about":[{"href":"https:\/\/jacekplacek.com.pl\/de\/wp-json\/wp\/v2\/types\/product"}],"replies":[{"embeddable":true,"href":"https:\/\/jacekplacek.com.pl\/de\/wp-json\/wp\/v2\/comments?post=9560"}],"wp:featuredmedia":[{"embeddable":true,"href":"https:\/\/jacekplacek.com.pl\/de\/wp-json\/wp\/v2\/media\/11484"}],"wp:attachment":[{"href":"https:\/\/jacekplacek.com.pl\/de\/wp-json\/wp\/v2\/media?parent=9560"}],"wp:term":[{"taxonomy":"product_brand","embeddable":true,"href":"https:\/\/jacekplacek.com.pl\/de\/wp-json\/wp\/v2\/product_brand?post=9560"},{"taxonomy":"product_cat","embeddable":true,"href":"https:\/\/jacekplacek.com.pl\/de\/wp-json\/wp\/v2\/product_cat?post=9560"},{"taxonomy":"product_tag","embeddable":true,"href":"https:\/\/jacekplacek.com.pl\/de\/wp-json\/wp\/v2\/product_tag?post=9560"}],"curies":[{"name":"wp","href":"https:\/\/api.w.org\/{rel}","templated":true}]}}