{"id":9540,"date":"2023-06-12T11:22:43","date_gmt":"2023-06-12T09:22:43","guid":{"rendered":"https:\/\/jacekplacek.com.pl\/?post_type=product&#038;p=9540"},"modified":"2025-11-18T18:28:46","modified_gmt":"2025-11-18T17:28:46","slug":"nano-tiramisu-6-teilig","status":"publish","type":"product","link":"https:\/\/jacekplacek.com.pl\/de\/speichern\/torty_i_desery\/monoporcje-na-catering\/nano-tiramisu-6-teilig\/","title":{"rendered":"Nano italienischer Tiramisu-Kuchen, 6 St\u00fcck"},"content":{"rendered":"<p><b>Ein italienischer Klassiker in seiner k\u00f6stlichsten Version \u2013 unser italienischer Nano-Tiramisu-Kuchen.<\/b><\/p>\n<p><span style=\"font-weight: 400;\">Unser Kuchen ist eine Hommage an das traditionelle italienische Dessert auf Basis von Mascarpone-K\u00e4se, das nicht nur extrem cremig, sondern auch reich an Geschmack ist. F\u00fcr noch mehr Aroma legen wir ihn in Kaffeepunsch mit einem Hauch Amaretto-Lik\u00f6r ein. Es ist eine Geschmackskombination, die die Sinne erfreut und den Gaumen verzaubert.<\/span><\/p>\n<p><b>Unser italienischer Nano-Tiramisu-Kuchen ist die perfekte Wahl f\u00fcr alle, die in die Tradition und den Geschmack Italiens eintauchen m\u00f6chten. Kommen Sie noch heute in unsere Konditorei und gehen Sie mit uns auf diese Geschmacksreise! <\/b><\/p>\n<p>Dessert nicht nur f\u00fcr elegante Tafeln \u2013 perfekt zum Feiern von Namenstagen, Geburtstagen oder anderen Feierlichkeiten zu Hause oder am Arbeitsplatz...<\/p>\n<p>Produkt verf\u00fcgbar in <strong>6 St\u00fcck in einer Sammelverpackung (1 St\u00fcck ca. 60g).<\/strong><\/p>","protected":false},"excerpt":{"rendered":"<p><span style=\"font-weight: 400;\">Es ist ein wahres Gaumenschmaus, das Sie mit jedem Bissen ins Herz Italiens entf\u00fchrt. <\/span>Dessert nicht nur f\u00fcr elegante Tafeln \u2013 perfekt zum Feiern von Namenstagen, Geburtstagen oder anderen Feierlichkeiten zu Hause oder am Arbeitsplatz...<\/p>\n<p>Produkt verf\u00fcgbar in <strong>6 St\u00fcck in einer Sammelverpackung (1 St\u00fcck ca. 60g).<\/strong><\/p>","protected":false},"featured_media":11487,"comment_status":"closed","ping_status":"closed","template":"","meta":{"content-type":""},"product_brand":[],"product_cat":[693],"product_tag":[697,696,701,700,267,702],"class_list":{"0":"post-9540","1":"product","2":"type-product","3":"status-publish","4":"has-post-thumbnail","6":"product_cat-monoporcje-na-catering","7":"product_tag-mini-deser","8":"product_tag-nano","9":"product_tag-nano-deser","10":"product_tag-nano-porcja","11":"product_tag-tiramisu","12":"product_tag-wloskie-tiramisu","14":"entry","15":"has-media","17":"first","18":"instock","19":"shipping-taxable","20":"product-type-simple","21":"has-product-nav","22":"col","23":"span_1_of_4","24":"owp-content-center","25":"owp-thumbs-layout-horizontal","26":"owp-btn-normal","27":"owp-tabs-layout-horizontal"},"acf":[],"_links":{"self":[{"href":"https:\/\/jacekplacek.com.pl\/de\/wp-json\/wp\/v2\/product\/9540","targetHints":{"allow":["GET"]}}],"collection":[{"href":"https:\/\/jacekplacek.com.pl\/de\/wp-json\/wp\/v2\/product"}],"about":[{"href":"https:\/\/jacekplacek.com.pl\/de\/wp-json\/wp\/v2\/types\/product"}],"replies":[{"embeddable":true,"href":"https:\/\/jacekplacek.com.pl\/de\/wp-json\/wp\/v2\/comments?post=9540"}],"wp:featuredmedia":[{"embeddable":true,"href":"https:\/\/jacekplacek.com.pl\/de\/wp-json\/wp\/v2\/media\/11487"}],"wp:attachment":[{"href":"https:\/\/jacekplacek.com.pl\/de\/wp-json\/wp\/v2\/media?parent=9540"}],"wp:term":[{"taxonomy":"product_brand","embeddable":true,"href":"https:\/\/jacekplacek.com.pl\/de\/wp-json\/wp\/v2\/product_brand?post=9540"},{"taxonomy":"product_cat","embeddable":true,"href":"https:\/\/jacekplacek.com.pl\/de\/wp-json\/wp\/v2\/product_cat?post=9540"},{"taxonomy":"product_tag","embeddable":true,"href":"https:\/\/jacekplacek.com.pl\/de\/wp-json\/wp\/v2\/product_tag?post=9540"}],"curies":[{"name":"wp","href":"https:\/\/api.w.org\/{rel}","templated":true}]}}