{"id":9531,"date":"2023-06-12T11:06:13","date_gmt":"2023-06-12T09:06:13","guid":{"rendered":"https:\/\/jacekplacek.com.pl\/?post_type=product&#038;p=9531"},"modified":"2025-11-18T18:28:46","modified_gmt":"2025-11-18T17:28:46","slug":"nano-rot-samt","status":"publish","type":"product","link":"https:\/\/jacekplacek.com.pl\/de\/speichern\/torty_i_desery\/monoporcje-na-catering\/nano-rot-samt\/","title":{"rendered":"Nano Red Velvet Kuchen, 6 St\u00fcck"},"content":{"rendered":"<p><b>Wir laden Sie ein, unseren Flaggschiff-Nano-Red Velvet Cake zu probieren \u2013 ein klassisches Dessert mit einer neuen Note.<\/b><\/p>\n<p><b>Unser Kuchen ist nicht nur appetitlich, sondern auch gesund, denn wir verzichten auf k\u00fcnstliche Zusatzstoffe und verwenden einen nat\u00fcrlichen Lycopin-Farbstoff, der aus Tomaten gewonnen wird.<\/b><span style=\"font-weight: 400;\"> Wir f\u00fcllen das Innere der Torte mit k\u00f6stlicher Mascarponecreme und Himbeermarmelade, was ihr einen einzigartigen Geschmack verleiht. \u00dcberzeugen Sie sich selbst, dass traditioneller Geschmack mit der Beachtung der Qualit\u00e4t der Zutaten einhergehen kann.<\/span><\/p>\n<p>Dessert nicht nur f\u00fcr elegante Tafeln \u2013 perfekt zum Feiern von Namenstagen, Geburtstagen oder anderen Feierlichkeiten zu Hause oder am Arbeitsplatz...<\/p>\n<p>Produkt verf\u00fcgbar in\u00a0<strong>Sammelverpackung 6 St\u00fcck (1 St\u00fcck ca. 70g).<\/strong><\/p>","protected":false},"excerpt":{"rendered":"<p><span style=\"font-weight: 400;\">Unser Flaggschiff Red Velvet Cake \u2013 ein klassisches Dessert mit einer neuen Note. \u00dcberzeugen Sie sich selbst, dass traditioneller Geschmack mit der Beachtung der Qualit\u00e4t der Zutaten einhergehen kann.<\/span><\/p>\n<p>Produkt verf\u00fcgbar in <strong>Sammelverpackung 6 St\u00fcck (1 St\u00fcck ca. 70g).<\/strong><\/p>","protected":false},"featured_media":11359,"comment_status":"closed","ping_status":"closed","template":"","meta":{"content-type":""},"product_brand":[],"product_cat":[693],"product_tag":[697,696,336,447],"class_list":{"0":"post-9531","1":"product","2":"type-product","3":"status-publish","4":"has-post-thumbnail","6":"product_cat-monoporcje-na-catering","7":"product_tag-mini-deser","8":"product_tag-nano","9":"product_tag-red-velvet","10":"product_tag-tort-red-velvet","12":"entry","13":"has-media","15":"first","16":"instock","17":"shipping-taxable","18":"product-type-simple","19":"has-product-nav","20":"col","21":"span_1_of_4","22":"owp-content-center","23":"owp-thumbs-layout-horizontal","24":"owp-btn-normal","25":"owp-tabs-layout-horizontal"},"acf":[],"_links":{"self":[{"href":"https:\/\/jacekplacek.com.pl\/de\/wp-json\/wp\/v2\/product\/9531","targetHints":{"allow":["GET"]}}],"collection":[{"href":"https:\/\/jacekplacek.com.pl\/de\/wp-json\/wp\/v2\/product"}],"about":[{"href":"https:\/\/jacekplacek.com.pl\/de\/wp-json\/wp\/v2\/types\/product"}],"replies":[{"embeddable":true,"href":"https:\/\/jacekplacek.com.pl\/de\/wp-json\/wp\/v2\/comments?post=9531"}],"wp:featuredmedia":[{"embeddable":true,"href":"https:\/\/jacekplacek.com.pl\/de\/wp-json\/wp\/v2\/media\/11359"}],"wp:attachment":[{"href":"https:\/\/jacekplacek.com.pl\/de\/wp-json\/wp\/v2\/media?parent=9531"}],"wp:term":[{"taxonomy":"product_brand","embeddable":true,"href":"https:\/\/jacekplacek.com.pl\/de\/wp-json\/wp\/v2\/product_brand?post=9531"},{"taxonomy":"product_cat","embeddable":true,"href":"https:\/\/jacekplacek.com.pl\/de\/wp-json\/wp\/v2\/product_cat?post=9531"},{"taxonomy":"product_tag","embeddable":true,"href":"https:\/\/jacekplacek.com.pl\/de\/wp-json\/wp\/v2\/product_tag?post=9531"}],"curies":[{"name":"wp","href":"https:\/\/api.w.org\/{rel}","templated":true}]}}